{"id":82,"date":"2022-11-04T15:33:24","date_gmt":"2022-11-04T18:33:24","guid":{"rendered":"https:\/\/paisdemossoro.com.br\/wordpress\/natal\/turismo\/?page_id=82"},"modified":"2022-11-04T15:33:24","modified_gmt":"2022-11-04T18:33:24","slug":"acamapatur","status":"publish","type":"page","link":"https:\/\/portal.uern.br\/natal\/dt\/acamapatur\/","title":{"rendered":"ACAMAPATUR"},"content":{"rendered":"<p><strong>ACAMAPATUR<\/strong><br \/>\n<strong>COORDENADOR(A)<\/strong><br \/>\nAnt\u00f4nio J\u00e2nio Fernandes<\/p>\n<p><strong>EQUIPE EXECUTORA<\/strong><br \/>\nAntonio J\u00c2nio Fernandes \u2013 Docente<br \/>\nAkaline Oliveira \u2013 Discente<br \/>\nAlex Allyson Freitas da Silva \u2013 Discente<br \/>\nJo\u00e3o Batista Barroso de Carvalho \u2013 Discente<br \/>\nVictor Pollansky Varela de Lima \u2013 Discente<\/p>\n<p><strong>RESUMO DA A\u00c7\u00c3O<\/strong><\/p>\n<p>O projeto acampatur constitui-se numa a\u00e7\u00e3o voltada para a conscientiza\u00e7\u00e3o de tem\u00e1ticas relativas ao meio Ambiente e ao desenvolvimento sustent\u00e1vel. Realizado atrav\u00e9s de oficinas, palestras, apresenta\u00e7\u00f5es teatrais e Artes plasticas atende ao p\u00fablico em especial de alunos oriundos das escolas publicas da zona norte de natal. Dada a localiza\u00e7\u00e3o desta unidade universit\u00e1ria a realiza\u00e7\u00e3o do acampatur j\u00e1 na sua xiii edi\u00e7\u00e3o constitui-se numa Estrategia que enfatiza o papel da universidade no contexto da forma\u00e7\u00e3o cidad\u00e3 e na conscientiza\u00e7\u00e3o ambiental Das comunidades circunvizinhas a uern. Ainda se apresenta como um espa\u00e7o do dialogo entre a Universidade\/curso de turismo com a comunidade na perspectiva de permitir uma maior oportunidade para os Egressos das escolas publicas e privadas da zona norte ao entrosamento com a universidade. Outrossim tamb\u00e9m Destaca-se a import\u00e2ncia desta a\u00e7\u00e3o quando se observa os indicadores socioecon\u00f4micos, educacionais e Ambientais da zona norte onde a universidade do estado do rio grande do norte \u00e9 a unica institui\u00e7\u00e3o Universit\u00e1ria publica ali existente. Dado os in\u00fameros registros e declara\u00e7\u00f5es das etapas realizadas Anteriormente se observa que este evento ja se constitui numa demanda solicitada por gestores de escolas Publicas e outra organiza\u00e7\u00f5es da sociedade civil. Com tema vivencias e oficinas em meio ambiente colocara em Foco as transforma\u00e7\u00f5es socioespaciais e ambientes que o turismo tem provocado em suas proximidades.<\/p>\n<p><strong>P\u00daBLICO-ALVO<\/strong><\/p>\n<p>Alunos de escolas publicas que estejam nas imedia\u00e7\u00f5es do campus natal e declarem interesse em participar do Conjunto de a\u00e7\u00f5es oficinas, e visitas t\u00e9cnicas em meio ambiente.<\/p>\n","protected":false},"excerpt":{"rendered":"<p>ACAMAPATUR COORDENADOR(A) Ant\u00f4nio J\u00e2nio Fernandes EQUIPE EXECUTORA Antonio J\u00c2nio Fernandes \u2013 Docente Akaline Oliveira \u2013 Discente Alex Allyson Freitas da Silva \u2013 Discente Jo\u00e3o Batista Barroso de Carvalho \u2013 Discente Victor Pollansky Varela de Lima \u2013 Discente RESUMO DA A\u00c7\u00c3O O projeto acampatur constitui-se numa a\u00e7\u00e3o voltada para a conscientiza\u00e7\u00e3o de tem\u00e1ticas relativas ao meio [&hellip;]<\/p>\n","protected":false},"author":1,"featured_media":0,"parent":0,"menu_order":0,"comment_status":"closed","ping_status":"closed","template":"","meta":{"footnotes":""},"class_list":["post-82","page","type-page","status-publish","hentry"],"_links":{"self":[{"href":"https:\/\/portal.uern.br\/natal\/dt\/wp-json\/wp\/v2\/pages\/82","targetHints":{"allow":["GET"]}}],"collection":[{"href":"https:\/\/portal.uern.br\/natal\/dt\/wp-json\/wp\/v2\/pages"}],"about":[{"href":"https:\/\/portal.uern.br\/natal\/dt\/wp-json\/wp\/v2\/types\/page"}],"author":[{"embeddable":true,"href":"https:\/\/portal.uern.br\/natal\/dt\/wp-json\/wp\/v2\/users\/1"}],"replies":[{"embeddable":true,"href":"https:\/\/portal.uern.br\/natal\/dt\/wp-json\/wp\/v2\/comments?post=82"}],"version-history":[{"count":1,"href":"https:\/\/portal.uern.br\/natal\/dt\/wp-json\/wp\/v2\/pages\/82\/revisions"}],"predecessor-version":[{"id":83,"href":"https:\/\/portal.uern.br\/natal\/dt\/wp-json\/wp\/v2\/pages\/82\/revisions\/83"}],"wp:attachment":[{"href":"https:\/\/portal.uern.br\/natal\/dt\/wp-json\/wp\/v2\/media?parent=82"}],"curies":[{"name":"wp","href":"https:\/\/api.w.org\/{rel}","templated":true}]}}