{"id":80,"date":"2022-11-04T15:32:56","date_gmt":"2022-11-04T18:32:56","guid":{"rendered":"https:\/\/paisdemossoro.com.br\/wordpress\/natal\/turismo\/?page_id=80"},"modified":"2022-11-04T15:32:56","modified_gmt":"2022-11-04T18:32:56","slug":"turismo-na-fazenda","status":"publish","type":"page","link":"https:\/\/portal.uern.br\/natal\/dt\/turismo-na-fazenda\/","title":{"rendered":"Turismo na Fazenda"},"content":{"rendered":"<p><strong>TURISMO NA FAZENDA<\/strong><\/p>\n<p><strong>EQUIPE EXECUTORA<\/strong><br \/>\nJarileide Cipriano da Silva Nasi \u2013 Docente<br \/>\nMar\u00edlia Medeiros Soares \u2013 Docente<br \/>\nRouseane da Silva Paula \u2013 Docente<br \/>\nFrancisco Bruno Bezerra de Oliveira \u2013 Discente<br \/>\nFrancisco Henrique Bezerril de Lima \u2013 Discente<br \/>\nPedro Alves Bezerra Filho \u2013 Discente<br \/>\nS\u00e9rgio Xavier da Silva \u2013 Discente<\/p>\n<p><strong>RESUMO DA A\u00c7\u00c3O<\/strong><\/p>\n<p>O presente projeto trata-se do acompanhamento junto a escolas p\u00fablicas e privadas dos munic\u00edpios de Cear\u00e1-Mirim, Natal, Extremoz, S\u00e3o Gon\u00e7alo do Amarante, Maca\u00edba e Pureza a uma fazenda produtiva localizada no munic\u00edpio de Cear\u00e1-Mirim\/RN (Fazenda Caj\u00fa). No local os estudantes tem contato direto com a produ\u00e7\u00e3o de latic\u00ednios, hortali\u00e7as e mel, tendo assim a oportunidade de experimentar concretamente a vida no campo, plantando, colhendo, tirando o leite da vaca, etc. A partir do exposto coloca-se que o projeto proposto se constitui enquanto Turismo Pedag\u00f3gico, o qual, apesar de uma estrat\u00e9gia eficiente na pr\u00e1tica educativa, \u00e9 muito pouco utilizado, em especial no \u00e2mbito da escola p\u00fablica. Sob o ponto de vista da pedagogia esse tipo de estrat\u00e9gia de ensino se constitui enquanto estudo do meio. O presente projeto tem ainda grande potencial enquanto atividade curricular para os alunos do Curso de Turismo da UERN Natal, podendo se constituir assim, a Fazenda Caju, como um importante laborat\u00f3rio para o referido curso.<\/p>\n<p><strong>P\u00daBLICO-ALVO<\/strong><br \/>\nO p\u00fablico alvo \u00e9 composto por alunos de escolas p\u00fablicas e privadas dos munic\u00edpios j\u00e1 cadastrados.<\/p>\n","protected":false},"excerpt":{"rendered":"<p>TURISMO NA FAZENDA EQUIPE EXECUTORA Jarileide Cipriano da Silva Nasi \u2013 Docente Mar\u00edlia Medeiros Soares \u2013 Docente Rouseane da Silva Paula \u2013 Docente Francisco Bruno Bezerra de Oliveira \u2013 Discente Francisco Henrique Bezerril de Lima \u2013 Discente Pedro Alves Bezerra Filho \u2013 Discente S\u00e9rgio Xavier da Silva \u2013 Discente RESUMO DA A\u00c7\u00c3O O presente projeto [&hellip;]<\/p>\n","protected":false},"author":1,"featured_media":0,"parent":0,"menu_order":0,"comment_status":"closed","ping_status":"closed","template":"","meta":{"footnotes":""},"class_list":["post-80","page","type-page","status-publish","hentry"],"_links":{"self":[{"href":"https:\/\/portal.uern.br\/natal\/dt\/wp-json\/wp\/v2\/pages\/80","targetHints":{"allow":["GET"]}}],"collection":[{"href":"https:\/\/portal.uern.br\/natal\/dt\/wp-json\/wp\/v2\/pages"}],"about":[{"href":"https:\/\/portal.uern.br\/natal\/dt\/wp-json\/wp\/v2\/types\/page"}],"author":[{"embeddable":true,"href":"https:\/\/portal.uern.br\/natal\/dt\/wp-json\/wp\/v2\/users\/1"}],"replies":[{"embeddable":true,"href":"https:\/\/portal.uern.br\/natal\/dt\/wp-json\/wp\/v2\/comments?post=80"}],"version-history":[{"count":1,"href":"https:\/\/portal.uern.br\/natal\/dt\/wp-json\/wp\/v2\/pages\/80\/revisions"}],"predecessor-version":[{"id":81,"href":"https:\/\/portal.uern.br\/natal\/dt\/wp-json\/wp\/v2\/pages\/80\/revisions\/81"}],"wp:attachment":[{"href":"https:\/\/portal.uern.br\/natal\/dt\/wp-json\/wp\/v2\/media?parent=80"}],"curies":[{"name":"wp","href":"https:\/\/api.w.org\/{rel}","templated":true}]}}