{"id":78,"date":"2022-11-04T15:32:28","date_gmt":"2022-11-04T18:32:28","guid":{"rendered":"https:\/\/paisdemossoro.com.br\/wordpress\/natal\/turismo\/?page_id=78"},"modified":"2022-11-04T15:32:28","modified_gmt":"2022-11-04T18:32:28","slug":"trinus","status":"publish","type":"page","link":"https:\/\/portal.uern.br\/natal\/dt\/trinus\/","title":{"rendered":"Trinus"},"content":{"rendered":"<p><strong>TRINUS \u2013 AG\u00caNCIA DE VIAGENS EXPERIMENTAIS\u00a0<\/strong><\/p>\n<p><strong>COORDENADOR(A)<\/strong><br \/>\nMichele Galdino C\u00e2mara Signoretti<\/p>\n<p><strong>EQUIPE EXECUTORA<\/strong><br \/>\nAlexia Laurentino<br \/>\nCarla Ara\u00fajo<br \/>\nClara Gois<br \/>\nGiovanni dos Santos<br \/>\nHaddamis Barreto<br \/>\nLuiz de Souza<br \/>\nPedro Filho<br \/>\nRoberto dos Santos<br \/>\nZeneide Lima<\/p>\n<p><strong>ASSESSORES<\/strong><br \/>\nErinaldo Medeiros<br \/>\nAkaline Bezerril<br \/>\nDja\u00edne Silva<br \/>\nTaciana Pessoa<br \/>\nLurdierte Ara\u00fajo<\/p>\n<p><strong>RESUMO DA A\u00c7\u00c3O<\/strong><\/p>\n<p>A TRINUS \u00e9 uma ag\u00eancia de viagens experimental que atende as demandas de viagens de campo do curso de turismo. Pretende virar uma ag\u00eancia escola com pr\u00e1tica laboratorial obrigat\u00f3ria do curso de turismo em Natal, al\u00e9m de almejar expandir\u200b o atendimento para a comunidade. No momento ela \u00e9 um projeto de extens\u00e3o que busca ampliar o conhecimento do produto tur\u00edstico do estado e a pr\u00e1tica do agenciamento com a oferta tur\u00edstica de roteiros e pacotes constru\u00eddos com base nos 5 p\u00f3los tur\u00edsticos do RN.<\/p>\n","protected":false},"excerpt":{"rendered":"<p>TRINUS \u2013 AG\u00caNCIA DE VIAGENS EXPERIMENTAIS\u00a0 COORDENADOR(A) Michele Galdino C\u00e2mara Signoretti EQUIPE EXECUTORA Alexia Laurentino Carla Ara\u00fajo Clara Gois Giovanni dos Santos Haddamis Barreto Luiz de Souza Pedro Filho Roberto dos Santos Zeneide Lima ASSESSORES Erinaldo Medeiros Akaline Bezerril Dja\u00edne Silva Taciana Pessoa Lurdierte Ara\u00fajo RESUMO DA A\u00c7\u00c3O A TRINUS \u00e9 uma ag\u00eancia de viagens [&hellip;]<\/p>\n","protected":false},"author":1,"featured_media":0,"parent":0,"menu_order":0,"comment_status":"closed","ping_status":"closed","template":"","meta":{"footnotes":""},"class_list":["post-78","page","type-page","status-publish","hentry"],"_links":{"self":[{"href":"https:\/\/portal.uern.br\/natal\/dt\/wp-json\/wp\/v2\/pages\/78","targetHints":{"allow":["GET"]}}],"collection":[{"href":"https:\/\/portal.uern.br\/natal\/dt\/wp-json\/wp\/v2\/pages"}],"about":[{"href":"https:\/\/portal.uern.br\/natal\/dt\/wp-json\/wp\/v2\/types\/page"}],"author":[{"embeddable":true,"href":"https:\/\/portal.uern.br\/natal\/dt\/wp-json\/wp\/v2\/users\/1"}],"replies":[{"embeddable":true,"href":"https:\/\/portal.uern.br\/natal\/dt\/wp-json\/wp\/v2\/comments?post=78"}],"version-history":[{"count":1,"href":"https:\/\/portal.uern.br\/natal\/dt\/wp-json\/wp\/v2\/pages\/78\/revisions"}],"predecessor-version":[{"id":79,"href":"https:\/\/portal.uern.br\/natal\/dt\/wp-json\/wp\/v2\/pages\/78\/revisions\/79"}],"wp:attachment":[{"href":"https:\/\/portal.uern.br\/natal\/dt\/wp-json\/wp\/v2\/media?parent=78"}],"curies":[{"name":"wp","href":"https:\/\/api.w.org\/{rel}","templated":true}]}}