{"id":76,"date":"2022-11-04T15:31:53","date_gmt":"2022-11-04T18:31:53","guid":{"rendered":"https:\/\/paisdemossoro.com.br\/wordpress\/natal\/turismo\/?page_id=76"},"modified":"2022-11-04T15:31:53","modified_gmt":"2022-11-04T18:31:53","slug":"nucleo-de-eventos","status":"publish","type":"page","link":"https:\/\/portal.uern.br\/natal\/dt\/nucleo-de-eventos\/","title":{"rendered":"N\u00facleo de Eventos"},"content":{"rendered":"<p><strong>N\u00daCLEO DE EVENTOS<\/strong><\/p>\n<p><strong>COORDENADOR(A)<\/strong><br \/>\nTatiana Moritz<\/p>\n<p><strong>EQUIPE EXECUTORA<\/strong><br \/>\nMichele Galdino C\u00e2mara\u00a0Signoretti \u2013 Docente<br \/>\nTatiana Moritz \u2013 Docente<br \/>\nBrenda Sarayane dos Reis Bastos \u2013 Discente<br \/>\nEllen Cristyne Simplicio Bezerra \u2013 Discente<br \/>\nFrancisco Bruno Bezerra de Oliveira \u2013 Discente<\/p>\n<p><strong>RESUMO DA A\u00c7\u00c3O<\/strong><\/p>\n<p>O Projeto Laborat\u00f3rio do N\u00facleo de Eventos da Universidade do Estado do Rio Grande do Norte, criado desde 2007 com sede no Campus Natal e atua\u00e7\u00e3o volunt\u00e1ria de discentes, se destina a oportunizar, prioritariamente, os alunos do Curso de Turismo da Institui\u00e7\u00e3o, estabelecendo a Disciplina de Planejamento e Organiza\u00e7\u00e3o de Eventos como pr\u00e9-requisito. Interessados em desenvolver os conhecimentos te\u00f3rico-pr\u00e1ticos pertinentes ao segmento de eventos, este projeto abre oportunidade para o desenvolvimento de habilidades pr\u00e1ticas, laboratoriais e de auxilio a comunidade interna e externa desenvolvendo sua forma\u00e7\u00e3o profissional e cidad\u00e3, suprindo uma necessidade interna da Universidade no setor de Extens\u00e3o e nas atividades do Curso de Turismo, al\u00e9m disso, contempla projetos interdisciplinares da Institui\u00e7\u00e3o com alunos dos demais cursos existentes, bem como, o ambiente prop\u00edcio vem transformando-se em desenvolvimento de Pesquisas e projetos na \u00e1rea de eventos.<\/p>\n<p><strong>P\u00daBLICO-ALVO<\/strong><\/p>\n<p>O p\u00fablico alvo da a\u00e7\u00e3o \u00e9 diverso e pode variar conforme a demanda, entretanto tem-se um p\u00fablico inicialmente definido: Alunos do Curso de Turismo do Campus de Natal; Institui\u00e7\u00f5es P\u00fablicas e Privadas; Cursos do Campus de Natal e demais setores da UERN. Comunidade em geral.<\/p>\n","protected":false},"excerpt":{"rendered":"<p>N\u00daCLEO DE EVENTOS COORDENADOR(A) Tatiana Moritz EQUIPE EXECUTORA Michele Galdino C\u00e2mara\u00a0Signoretti \u2013 Docente Tatiana Moritz \u2013 Docente Brenda Sarayane dos Reis Bastos \u2013 Discente Ellen Cristyne Simplicio Bezerra \u2013 Discente Francisco Bruno Bezerra de Oliveira \u2013 Discente RESUMO DA A\u00c7\u00c3O O Projeto Laborat\u00f3rio do N\u00facleo de Eventos da Universidade do Estado do Rio Grande do [&hellip;]<\/p>\n","protected":false},"author":1,"featured_media":0,"parent":0,"menu_order":0,"comment_status":"closed","ping_status":"closed","template":"","meta":{"footnotes":""},"class_list":["post-76","page","type-page","status-publish","hentry"],"_links":{"self":[{"href":"https:\/\/portal.uern.br\/natal\/dt\/wp-json\/wp\/v2\/pages\/76","targetHints":{"allow":["GET"]}}],"collection":[{"href":"https:\/\/portal.uern.br\/natal\/dt\/wp-json\/wp\/v2\/pages"}],"about":[{"href":"https:\/\/portal.uern.br\/natal\/dt\/wp-json\/wp\/v2\/types\/page"}],"author":[{"embeddable":true,"href":"https:\/\/portal.uern.br\/natal\/dt\/wp-json\/wp\/v2\/users\/1"}],"replies":[{"embeddable":true,"href":"https:\/\/portal.uern.br\/natal\/dt\/wp-json\/wp\/v2\/comments?post=76"}],"version-history":[{"count":1,"href":"https:\/\/portal.uern.br\/natal\/dt\/wp-json\/wp\/v2\/pages\/76\/revisions"}],"predecessor-version":[{"id":77,"href":"https:\/\/portal.uern.br\/natal\/dt\/wp-json\/wp\/v2\/pages\/76\/revisions\/77"}],"wp:attachment":[{"href":"https:\/\/portal.uern.br\/natal\/dt\/wp-json\/wp\/v2\/media?parent=76"}],"curies":[{"name":"wp","href":"https:\/\/api.w.org\/{rel}","templated":true}]}}