{"id":74,"date":"2022-11-04T15:29:14","date_gmt":"2022-11-04T18:29:14","guid":{"rendered":"https:\/\/paisdemossoro.com.br\/wordpress\/natal\/turismo\/?page_id=74"},"modified":"2022-11-04T15:29:14","modified_gmt":"2022-11-04T18:29:14","slug":"memorial-do-imaginario-potiguar","status":"publish","type":"page","link":"https:\/\/portal.uern.br\/natal\/dt\/memorial-do-imaginario-potiguar\/","title":{"rendered":"Memorial do Imagin\u00e1rio Potiguar"},"content":{"rendered":"<p><strong>MEMORIAL DO IMAGIN\u00c1RIO POTIGUAR<\/strong><\/p>\n<p><strong>COORDENADOR(A)<\/strong><br \/>\nJarileide Cipriano da Silva Nasi<\/p>\n<p><strong>EQUIPE EXECUTORA<\/strong><br \/>\nJarileide Cipriano da Silva Nasi \u2013 Docente<br \/>\nMar\u00edlia Medeiros Soares \u2013 Docente<br \/>\nCarla Lenes Vieira de Ara\u00fajo \u2013 Discente<\/p>\n<p><strong>RESUMO DA A\u00c7\u00c3O<\/strong><\/p>\n<p>O Memorial do Imagin\u00e1rio Potiguar (MIP) trata-se de um espa\u00e7o cultural localizado no CCUERN (Complexo Cultural da UERN), local voltado ao desenvolvimento e promo\u00e7\u00e3o de atividades culturais e entretenimento, que encontra na educa\u00e7\u00e3o pela arte, cidadania e lazer, suas principais linhas orientadoras. O Memorial do Imagin\u00e1rio Potiguar (MIP) consiste em um local onde s\u00e3o apresentadas, de forma interativa e did\u00e1tica, as potencialidades tur\u00edsticas do estado do Rio Grande do Norte, sendo um local onde ser\u00e3o apresentados os produtos de 15 anos de trabalho do Curso de Turismo da UERN, como imagens, mapas, pesquisas, aplicativos, linha do tempo, etc. O MIP surge como um espa\u00e7o onde o visitante ter\u00e1 a oportunidade de conhecer importantes tra\u00e7os da hist\u00f3ria, cultura e arte do RN, sendo voltado \u00e0queles que t\u00eam interesse em conhecer elementos da cultura potiguar, sejam crian\u00e7as, jovens ou adultos, residentes em Natal ou em qualquer outro lugar do mundo.<\/p>\n<p><strong>P\u00daBLICO-ALVO<\/strong><\/p>\n<p>O projeto ter\u00e1 como p\u00fablico alvo inicialmente estudantes de escolas localizadas na zona norte de Natal, sendo posteriormente ampliada para as demais escolas da cidade e para turistas das mais diferentes localidades.<\/p>\n","protected":false},"excerpt":{"rendered":"<p>MEMORIAL DO IMAGIN\u00c1RIO POTIGUAR COORDENADOR(A) Jarileide Cipriano da Silva Nasi EQUIPE EXECUTORA Jarileide Cipriano da Silva Nasi \u2013 Docente Mar\u00edlia Medeiros Soares \u2013 Docente Carla Lenes Vieira de Ara\u00fajo \u2013 Discente RESUMO DA A\u00c7\u00c3O O Memorial do Imagin\u00e1rio Potiguar (MIP) trata-se de um espa\u00e7o cultural localizado no CCUERN (Complexo Cultural da UERN), local voltado ao [&hellip;]<\/p>\n","protected":false},"author":1,"featured_media":0,"parent":0,"menu_order":0,"comment_status":"closed","ping_status":"closed","template":"","meta":{"footnotes":""},"class_list":["post-74","page","type-page","status-publish","hentry"],"_links":{"self":[{"href":"https:\/\/portal.uern.br\/natal\/dt\/wp-json\/wp\/v2\/pages\/74","targetHints":{"allow":["GET"]}}],"collection":[{"href":"https:\/\/portal.uern.br\/natal\/dt\/wp-json\/wp\/v2\/pages"}],"about":[{"href":"https:\/\/portal.uern.br\/natal\/dt\/wp-json\/wp\/v2\/types\/page"}],"author":[{"embeddable":true,"href":"https:\/\/portal.uern.br\/natal\/dt\/wp-json\/wp\/v2\/users\/1"}],"replies":[{"embeddable":true,"href":"https:\/\/portal.uern.br\/natal\/dt\/wp-json\/wp\/v2\/comments?post=74"}],"version-history":[{"count":1,"href":"https:\/\/portal.uern.br\/natal\/dt\/wp-json\/wp\/v2\/pages\/74\/revisions"}],"predecessor-version":[{"id":75,"href":"https:\/\/portal.uern.br\/natal\/dt\/wp-json\/wp\/v2\/pages\/74\/revisions\/75"}],"wp:attachment":[{"href":"https:\/\/portal.uern.br\/natal\/dt\/wp-json\/wp\/v2\/media?parent=74"}],"curies":[{"name":"wp","href":"https:\/\/api.w.org\/{rel}","templated":true}]}}