{"id":72,"date":"2022-11-04T15:27:21","date_gmt":"2022-11-04T18:27:21","guid":{"rendered":"https:\/\/paisdemossoro.com.br\/wordpress\/natal\/turismo\/?page_id=72"},"modified":"2022-11-04T15:27:21","modified_gmt":"2022-11-04T18:27:21","slug":"labrince","status":"publish","type":"page","link":"https:\/\/portal.uern.br\/natal\/dt\/labrince\/","title":{"rendered":"LABRINCE"},"content":{"rendered":"<p><strong>LABRINCE \u2013\u00a0Laborat\u00f3rio de Brinquedos e Conta\u00e7\u00e3o de Hist\u00f3rias<\/strong><\/p>\n<p><strong>COORDENADOR(A)<\/strong><br \/>\nMar\u00edlia Medeiros Soares<\/p>\n<p><strong>EQUIPE EXECUTORA<\/strong><br \/>\nM\u00e1rcia de Oliveira Pinto \u2013 Docente<br \/>\nMar\u00edlia Medeiros Soares \u2013 Docente<br \/>\nDja\u00edne Silva de Morais Barbosa \u2013 Discente<br \/>\nEllen Cristyne Simplicio Bezerra \u2013 Discente<br \/>\nFrancisco Henrique Bezerril de Lima \u2013 Discente<\/p>\n<p><strong>RESUMO DA A\u00c7\u00c3O<\/strong><\/p>\n<p>Trata-se de um espa\u00e7o instalado no Box 16 da Cecafes (Central de Comercializa\u00e7\u00e3o da Agricultura Familiar) onde as crian\u00e7as que v\u00e3o acompanhar seus pais nas compras ter\u00e3o a oportunidade de participar de atividades l\u00fadicas e educativas, sendo oferecidas conta\u00e7\u00e3o de hist\u00f3rias, brinquedos, jogos educativos e oficinas. Trata-se de um espa\u00e7o fixo que funciona de segunda a s\u00e1bado das 06 \u00e0s 14 horas (hor\u00e1rio de funcionamento do local). De segunda a sexta-feira o espa\u00e7o fica aberto mas n\u00e3o h\u00e1 monitores, se constituindo como \u2018auto-servi\u00e7o\u2019. A presen\u00e7a de monitores, com conta\u00e7\u00e3o de hist\u00f3rias e oficinas l\u00fadico-educativas ocorre aos s\u00e1bados das 08 \u00e0s 12 horas. O projeto Labrince \u00e9 produto do amadurecimento do \u2018Projeto Oficina de Conta\u00e7\u00e3o de Hist\u00f3rias\u2019, o qual funciona desde 2012 enquanto espa\u00e7o onde as crian\u00e7as frequentadoras do CCUERN tinham a oportunidade de acesso a livros de diversos autores nacionais e internacionais, brinquedos e jogos educativos, sempre sob a supervis\u00e3o e acompanhamento de um monitor.<\/p>\n<p><strong>P\u00daBLICO-ALVO<\/strong><br \/>\nCrian\u00e7as (2 a 12 anos) visitantes do Cecafes (Central de Comercializa\u00e7\u00e3o da Agricultura Familiar).<\/p>\n","protected":false},"excerpt":{"rendered":"<p>LABRINCE \u2013\u00a0Laborat\u00f3rio de Brinquedos e Conta\u00e7\u00e3o de Hist\u00f3rias COORDENADOR(A) Mar\u00edlia Medeiros Soares EQUIPE EXECUTORA M\u00e1rcia de Oliveira Pinto \u2013 Docente Mar\u00edlia Medeiros Soares \u2013 Docente Dja\u00edne Silva de Morais Barbosa \u2013 Discente Ellen Cristyne Simplicio Bezerra \u2013 Discente Francisco Henrique Bezerril de Lima \u2013 Discente RESUMO DA A\u00c7\u00c3O Trata-se de um espa\u00e7o instalado no Box [&hellip;]<\/p>\n","protected":false},"author":1,"featured_media":0,"parent":0,"menu_order":0,"comment_status":"closed","ping_status":"closed","template":"","meta":{"footnotes":""},"class_list":["post-72","page","type-page","status-publish","hentry"],"_links":{"self":[{"href":"https:\/\/portal.uern.br\/natal\/dt\/wp-json\/wp\/v2\/pages\/72","targetHints":{"allow":["GET"]}}],"collection":[{"href":"https:\/\/portal.uern.br\/natal\/dt\/wp-json\/wp\/v2\/pages"}],"about":[{"href":"https:\/\/portal.uern.br\/natal\/dt\/wp-json\/wp\/v2\/types\/page"}],"author":[{"embeddable":true,"href":"https:\/\/portal.uern.br\/natal\/dt\/wp-json\/wp\/v2\/users\/1"}],"replies":[{"embeddable":true,"href":"https:\/\/portal.uern.br\/natal\/dt\/wp-json\/wp\/v2\/comments?post=72"}],"version-history":[{"count":1,"href":"https:\/\/portal.uern.br\/natal\/dt\/wp-json\/wp\/v2\/pages\/72\/revisions"}],"predecessor-version":[{"id":73,"href":"https:\/\/portal.uern.br\/natal\/dt\/wp-json\/wp\/v2\/pages\/72\/revisions\/73"}],"wp:attachment":[{"href":"https:\/\/portal.uern.br\/natal\/dt\/wp-json\/wp\/v2\/media?parent=72"}],"curies":[{"name":"wp","href":"https:\/\/api.w.org\/{rel}","templated":true}]}}