{"id":7,"date":"2022-11-04T15:08:55","date_gmt":"2022-11-04T18:08:55","guid":{"rendered":"https:\/\/paisdemossoro.com.br\/wordpress\/natal\/turismo\/?page_id=7"},"modified":"2022-11-04T15:08:55","modified_gmt":"2022-11-04T18:08:55","slug":"o-curso","status":"publish","type":"page","link":"https:\/\/portal.uern.br\/natal\/dt\/o-curso\/","title":{"rendered":"O Curso"},"content":{"rendered":"<h4><strong>O CURSO<\/strong><\/h4>\n<p align=\"justify\">O curso de Turismo UERN Natal forma profissionais para atuar no mercado em diversas\u00a0 atividades. Habilita o aluno de Turismo a exercer, de forma profissional e competente, atividades ligadas ao planejamento, organiza\u00e7\u00e3o, gerenciamento e execu\u00e7\u00e3o de a\u00e7\u00f5es que envolvem \u00e1reas diversas do turismo. Possibilita, ainda, conhecer o funcionamento e a complexidade de toda a cadeia produtiva do turismo, levando-o a perceber a dimens\u00e3o dos ambientes em que est\u00e1 inserido. Essas s\u00e3o tarefas complexas que exigem a atua\u00e7\u00e3o de profissionais especializados, com conhecimento e forma\u00e7\u00e3o para a \u00e1rea \u2013 os Bachar\u00e9is em Turismo.<\/p>\n<h4><strong>AS ATIVIDADES PRINCIPAIS<\/strong><\/h4>\n<p align=\"justify\">A matriz curricular em Turismo foi elaborada para preparar os profissionais unindo as teorias com as pr\u00e1ticas, pautada na abrang\u00eancia cultural que a \u00e1rea exige. Dessa maneira, oferece atividades constantes que possibilitem ao aluno atuar em atividades relacionadas ao Planejamento e\u00a0<em>Marketing\u00a0<\/em>de Destinos e Produtos Tur\u00edsticos em Secretarias de Turismo municipais e estaduais; elaborar Planos de Desenvolvimento Tur\u00edstico para munic\u00edpios e regi\u00f5es diversas do Pa\u00eds; criar, administrar e assessorar ag\u00eancias e operadoras de turismo em todos os seus segmentos; empresas de eventos\/recrea\u00e7\u00e3o; assessorar o cliente na escolha e na aquisi\u00e7\u00e3o de planos de viagem ou excurs\u00e3o; elaborar e gerir projetos em empreendimentos hoteleiros e extra-hoteleiros (<em>campings<\/em>, pousadas, casas de veraneio,\u00a0<em>hostels<\/em>,\u00a0<em>bed and breakfast,\u00a0<\/em>entre outros); trabalhar na consultoria a empresas e munic\u00edpios de voca\u00e7\u00e3o tur\u00edstica; trabalhar e administrar empresas de transporte, entretenimento e lazer, al\u00e9m de capacit\u00e1-los na gest\u00e3o de empreendimentos ligados a restaurantes e gastronomia.<\/p>\n<h4><strong>MERCADO DE TRABALHO<\/strong><\/h4>\n<p align=\"justify\">O setor do Turismo vem se expandindo e oferecendo um n\u00famero crescente de oportunidades de trabalho e \u00e1reas de atua\u00e7\u00e3o. O Turismo Ecol\u00f3gico, o setor de Hotelaria e Gastronomia, assim como o segmento de Consultoria, com atividades voltadas \u00e0 pesquisa e ao planejamento, s\u00e3o \u00e1reas que mais se destacam na atualidade, em decorr\u00eancia, principalmente, da melhoria da qualidade de vida das pessoas. A tend\u00eancia de crescimento do segmento de eventos fica evidente em diversas localidades no Brasil e no exterior, absorvendo uma m\u00e3o de obra cada vez mais qualificada.<\/p>\n<h4><b>EQUIPE ADMINISTRATIVA\u00a0<\/b><br \/>\nGEST\u00c3O 2021 \u2013 2023<\/h4>\n<p><strong>Coordenador<\/strong><br \/>\nProf. Dr. Jo\u00e3o Batista de Freitas<br \/>\nE-mail: freitasuern@gmail.com<\/p>\n<p><strong>Vice-Coordenadora<\/strong><br \/>\nProfa. Ms. Mar\u00edlia de Medeiros Soares<br \/>\nE-mail: mariliamarinho@yahoo.com.br<\/p>\n<p><strong>Secret\u00e1ria<\/strong><br \/>\nKelly<br \/>\ndepturismo.natal@gmail.com<\/p>\n<p><strong>Auxiliar Administrativo<\/strong><br \/>\nMs. Hugo Ferreira dos Santos<br \/>\ndepturismo.natal@gmail.com<\/p>\n<p><strong>Secret\u00e1rio<\/strong><br \/>\nMs. Ricardo S\u00e1vio Trigueiro de Morais<br \/>\ndepturismo.natal@gmail.com<\/p>\n<p><strong>Orientadora Acad\u00eamica<\/strong><br \/>\nProfa. Ms. Mar\u00edlia de Medeiros Soares<br \/>\nE-mail: mariliamarinho@yahoo.com.br<\/p>\n<p><strong>Coordenador de Est\u00e1gio<\/strong><br \/>\nProf. Dr. Marco Antonio Cavalcanti da Rocha Junior<br \/>\nE-mail: mrochaj@yahoo.com.br<\/p>\n","protected":false},"excerpt":{"rendered":"<p>O CURSO O curso de Turismo UERN Natal forma profissionais para atuar no mercado em diversas\u00a0 atividades. Habilita o aluno de Turismo a exercer, de forma profissional e competente, atividades ligadas ao planejamento, organiza\u00e7\u00e3o, gerenciamento e execu\u00e7\u00e3o de a\u00e7\u00f5es que envolvem \u00e1reas diversas do turismo. Possibilita, ainda, conhecer o funcionamento e a complexidade de toda [&hellip;]<\/p>\n","protected":false},"author":1,"featured_media":0,"parent":0,"menu_order":0,"comment_status":"closed","ping_status":"closed","template":"","meta":{"footnotes":""},"class_list":["post-7","page","type-page","status-publish","hentry"],"_links":{"self":[{"href":"https:\/\/portal.uern.br\/natal\/dt\/wp-json\/wp\/v2\/pages\/7","targetHints":{"allow":["GET"]}}],"collection":[{"href":"https:\/\/portal.uern.br\/natal\/dt\/wp-json\/wp\/v2\/pages"}],"about":[{"href":"https:\/\/portal.uern.br\/natal\/dt\/wp-json\/wp\/v2\/types\/page"}],"author":[{"embeddable":true,"href":"https:\/\/portal.uern.br\/natal\/dt\/wp-json\/wp\/v2\/users\/1"}],"replies":[{"embeddable":true,"href":"https:\/\/portal.uern.br\/natal\/dt\/wp-json\/wp\/v2\/comments?post=7"}],"version-history":[{"count":1,"href":"https:\/\/portal.uern.br\/natal\/dt\/wp-json\/wp\/v2\/pages\/7\/revisions"}],"predecessor-version":[{"id":8,"href":"https:\/\/portal.uern.br\/natal\/dt\/wp-json\/wp\/v2\/pages\/7\/revisions\/8"}],"wp:attachment":[{"href":"https:\/\/portal.uern.br\/natal\/dt\/wp-json\/wp\/v2\/media?parent=7"}],"curies":[{"name":"wp","href":"https:\/\/api.w.org\/{rel}","templated":true}]}}