{"id":67,"date":"2022-11-04T15:26:05","date_gmt":"2022-11-04T18:26:05","guid":{"rendered":"https:\/\/paisdemossoro.com.br\/wordpress\/natal\/turismo\/?page_id=67"},"modified":"2022-11-04T15:26:12","modified_gmt":"2022-11-04T18:26:12","slug":"golfinho-rotador","status":"publish","type":"page","link":"https:\/\/portal.uern.br\/natal\/dt\/golfinho-rotador\/","title":{"rendered":"Golfinho Rotador"},"content":{"rendered":"<p><strong>GOLFINHO ROTADOR<\/strong><\/p>\n<p><strong>COORDENADOR(A)<\/strong><br \/>\nFl\u00e1vio Jos\u00e9 de Lima Silva<\/p>\n<p><strong>EQUIPE EXECUTORA<\/strong><br \/>\nFl\u00e1vio Jos\u00e9 de Lima Silva \u2013 Docente<br \/>\nKatiana Gomes da Silva \u2013 Discente<\/p>\n<p><strong>RESUMO DA A\u00c7\u00c3O<\/strong><\/p>\n<p>O aumento da demanda por visita\u00e7\u00e3o transformou Fernando de Noronha em um p\u00f3lo tur\u00edstico nacional e internacional, sendo a cada ano visitado por cerca de 70 mil turistas. O crescimento populacional artificial, por meio do fluxo de pessoas que v\u00eam ocupar os postos de servi\u00e7os criados pelo incremento do turismo, elevou a popula\u00e7\u00e3o local de 1.500 pessoas em 1988 para 4.000 em 2009, causando graves problemas sociais e ambientais. Segundo dados do IBGE. O presente projeto tem como objetivo principal difundir o conceito e boas pr\u00e1ticas de sustentabilidade junto aos meios de hospedagens domiciliares em Fernando de Noronha (Pousadas). Estes empreendimentos, geralmente com gest\u00e3o familiar, n\u00e3o possuem condi\u00e7\u00f5es t\u00e9cnicas e financeiras para implantar procedimentos elementares de sustentabilidade, tais como redu\u00e7\u00e3o do consumo de emergia, reuso de \u00e1gua e uso de produtos biodegrad\u00e1veis. A presente proposta envolve a divulga\u00e7\u00e3o de pr\u00e1ticas e processos sustent\u00e1veis de simples implanta\u00e7\u00e3o para as pousadas de pequeno porte de Fernando de Noronha. Em continuidade ao projeto anterior ser\u00e3o realizadas visitas de acompanhamento em 25 pousadas de propriedade de moradores permanentes. Em cada visita ser\u00e1 realizada a avalia\u00e7\u00e3o da implanta\u00e7\u00e3o de boas pr\u00e1ticas de sustentabilidade. Com base na avalia\u00e7\u00e3o ser\u00e1 elaborado um relat\u00f3rio t\u00e9cnico de implanta\u00e7\u00e3o de pr\u00e1ticas e processos sustent\u00e1veis para os empreendimentos, com eventuais sugest\u00f5es de melhorias. O projeto contribuir\u00e1 com a proposi\u00e7\u00e3o de medidas de preserva\u00e7\u00e3o ambiental junto a comunidade local.<\/p>\n<p><strong>PALAVRAS-CHAVE<\/strong><br \/>\nTurismo, Sustentabilidade, Pousadas Domiciliares, Fernando de Noronha<\/p>\n<p><strong>SITE<\/strong><br \/>\n<a href=\"http:\/\/golfinhorotador.org.br\">golfinhorotador.org.br<\/a><\/p>\n","protected":false},"excerpt":{"rendered":"<p>GOLFINHO ROTADOR COORDENADOR(A) Fl\u00e1vio Jos\u00e9 de Lima Silva EQUIPE EXECUTORA Fl\u00e1vio Jos\u00e9 de Lima Silva \u2013 Docente Katiana Gomes da Silva \u2013 Discente RESUMO DA A\u00c7\u00c3O O aumento da demanda por visita\u00e7\u00e3o transformou Fernando de Noronha em um p\u00f3lo tur\u00edstico nacional e internacional, sendo a cada ano visitado por cerca de 70 mil turistas. O [&hellip;]<\/p>\n","protected":false},"author":1,"featured_media":0,"parent":0,"menu_order":0,"comment_status":"closed","ping_status":"closed","template":"","meta":{"footnotes":""},"class_list":["post-67","page","type-page","status-publish","hentry"],"_links":{"self":[{"href":"https:\/\/portal.uern.br\/natal\/dt\/wp-json\/wp\/v2\/pages\/67","targetHints":{"allow":["GET"]}}],"collection":[{"href":"https:\/\/portal.uern.br\/natal\/dt\/wp-json\/wp\/v2\/pages"}],"about":[{"href":"https:\/\/portal.uern.br\/natal\/dt\/wp-json\/wp\/v2\/types\/page"}],"author":[{"embeddable":true,"href":"https:\/\/portal.uern.br\/natal\/dt\/wp-json\/wp\/v2\/users\/1"}],"replies":[{"embeddable":true,"href":"https:\/\/portal.uern.br\/natal\/dt\/wp-json\/wp\/v2\/comments?post=67"}],"version-history":[{"count":2,"href":"https:\/\/portal.uern.br\/natal\/dt\/wp-json\/wp\/v2\/pages\/67\/revisions"}],"predecessor-version":[{"id":69,"href":"https:\/\/portal.uern.br\/natal\/dt\/wp-json\/wp\/v2\/pages\/67\/revisions\/69"}],"wp:attachment":[{"href":"https:\/\/portal.uern.br\/natal\/dt\/wp-json\/wp\/v2\/media?parent=67"}],"curies":[{"name":"wp","href":"https:\/\/api.w.org\/{rel}","templated":true}]}}