{"id":65,"date":"2022-11-04T15:25:32","date_gmt":"2022-11-04T18:25:32","guid":{"rendered":"https:\/\/paisdemossoro.com.br\/wordpress\/natal\/turismo\/?page_id=65"},"modified":"2022-11-04T15:25:32","modified_gmt":"2022-11-04T18:25:32","slug":"exposicao-parceiros-do-mar","status":"publish","type":"page","link":"https:\/\/portal.uern.br\/natal\/dt\/exposicao-parceiros-do-mar\/","title":{"rendered":"Exposi\u00e7\u00e3o Parceiros do Mar"},"content":{"rendered":"<p><strong>EXPOSI\u00c7\u00c3O PARCEIROS DO MAR<\/strong><\/p>\n<p><strong>COORDENADOR(A)<\/strong><\/p>\n<p>Mar\u00edlia Medeiros Soares<\/p>\n<p>Equipe Executora<\/p>\n<p>Fl\u00e1vio Jos\u00e9 de Lima Silva \u2013 Docente<\/p>\n<p>Alc\u00eado Pinheiro Galv\u00e3o \u2013 Docente<\/p>\n<p>Jarileide Cipriano da Silva Nasi \u2013 Docente<\/p>\n<p>Ely Guilherme Medeiros da Silva<\/p>\n<p><strong>RESUMO DA A\u00c7\u00c3O<\/strong><\/p>\n<p>O Projeto Exposi\u00e7\u00e3o Parceiros do Mar est\u00e1 vinculado ao Programa Memorial do Imagin\u00e1rio Potiguar. A exposi\u00e7\u00e3o consiste em 3 banners com fotos coloridas e informa\u00e7\u00f5es sobre a diversidade de ambientes e animais marinhos do Rio Grande do Norte, riscos e amea\u00e7as para sua conserva\u00e7\u00e3o. Tamb\u00e9m tem 3 mesas com r\u00e9plicas, animais taxidermizados (empalhados) e uma representa\u00e7\u00e3o de ambientes costeiros e marinhos. Em um dos banners tem um QR code que direciona para uma galeria de fotos e v\u00eddeos em um ambiente virtual, com informa\u00e7\u00f5es e imagens adicionais. A exposi\u00e7\u00e3o est\u00e1 instalada na sala B3 do CCUERN (Complexo Cultural de Natal) e forma fixa.<\/p>\n<p><strong>REDES SOCIAIS<\/strong><\/p>\n<p><a href=\"https:\/\/www.instagram.com\/PCCBUERN\/\">Cet\u00e1ceos da Costa Branca<\/a><\/p>\n<p><a href=\"https:\/\/www.instagram.com\/golfinhorotador\/\">Golfinho Rotador<\/a><\/p>\n","protected":false},"excerpt":{"rendered":"<p>EXPOSI\u00c7\u00c3O PARCEIROS DO MAR COORDENADOR(A) Mar\u00edlia Medeiros Soares Equipe Executora Fl\u00e1vio Jos\u00e9 de Lima Silva \u2013 Docente Alc\u00eado Pinheiro Galv\u00e3o \u2013 Docente Jarileide Cipriano da Silva Nasi \u2013 Docente Ely Guilherme Medeiros da Silva RESUMO DA A\u00c7\u00c3O O Projeto Exposi\u00e7\u00e3o Parceiros do Mar est\u00e1 vinculado ao Programa Memorial do Imagin\u00e1rio Potiguar. A exposi\u00e7\u00e3o consiste em [&hellip;]<\/p>\n","protected":false},"author":1,"featured_media":0,"parent":0,"menu_order":0,"comment_status":"closed","ping_status":"closed","template":"","meta":{"footnotes":""},"class_list":["post-65","page","type-page","status-publish","hentry"],"_links":{"self":[{"href":"https:\/\/portal.uern.br\/natal\/dt\/wp-json\/wp\/v2\/pages\/65","targetHints":{"allow":["GET"]}}],"collection":[{"href":"https:\/\/portal.uern.br\/natal\/dt\/wp-json\/wp\/v2\/pages"}],"about":[{"href":"https:\/\/portal.uern.br\/natal\/dt\/wp-json\/wp\/v2\/types\/page"}],"author":[{"embeddable":true,"href":"https:\/\/portal.uern.br\/natal\/dt\/wp-json\/wp\/v2\/users\/1"}],"replies":[{"embeddable":true,"href":"https:\/\/portal.uern.br\/natal\/dt\/wp-json\/wp\/v2\/comments?post=65"}],"version-history":[{"count":1,"href":"https:\/\/portal.uern.br\/natal\/dt\/wp-json\/wp\/v2\/pages\/65\/revisions"}],"predecessor-version":[{"id":66,"href":"https:\/\/portal.uern.br\/natal\/dt\/wp-json\/wp\/v2\/pages\/65\/revisions\/66"}],"wp:attachment":[{"href":"https:\/\/portal.uern.br\/natal\/dt\/wp-json\/wp\/v2\/media?parent=65"}],"curies":[{"name":"wp","href":"https:\/\/api.w.org\/{rel}","templated":true}]}}