{"id":63,"date":"2022-11-04T15:24:46","date_gmt":"2022-11-04T18:24:46","guid":{"rendered":"https:\/\/paisdemossoro.com.br\/wordpress\/natal\/turismo\/?page_id=63"},"modified":"2022-11-04T15:24:46","modified_gmt":"2022-11-04T18:24:46","slug":"documentarios-turisticos","status":"publish","type":"page","link":"https:\/\/portal.uern.br\/natal\/dt\/documentarios-turisticos\/","title":{"rendered":"Document\u00e1rios Tur\u00edsticos"},"content":{"rendered":"<p><strong>COORDENADOR<\/strong><\/p>\n<p>Alc\u00eado Pinheiro Galv\u00e3o<\/p>\n<p>Equipe Executora<\/p>\n<p>5\u00ba Per\u00edodo \u2013 Dicentes<\/p>\n<p><strong>RESUMO<\/strong><\/p>\n<p>A proposta deste projeto de extens\u00e3o \u00e9 construir um estudo sobre a interfer\u00eancia da cibercultura no desenvolvimento do setor tur\u00edstico a partir de document\u00e1rios que abordem os patrim\u00f4nios hist\u00f3ricos culturais do RN. Com objetivo principal divulgar o imagin\u00e1rio dos aspectos tur\u00edstico interpretativo cultural, com a vis\u00e3o de corroborar a viv\u00eancia pr\u00e1tica pelos discentes junto a sociedade. Estando fundamentada em levar os discentes a produzirem um material audiovisual que visa \u00e0 divulga\u00e7\u00e3o sobre a identidade cultural, a mem\u00f3ria, patrim\u00f4nio cultural, turismo, cultura, quest\u00f5es da p\u00f3s-modernidade, no\u00e7\u00f5es pensadas e discutidas atualmente com foco voltado para a ideia de que n\u00e3o h\u00e1 identidades fixas, mas sempre em processo. A inser\u00e7\u00e3o das tecnologias digitais nos aspectos que dinamizam a educa\u00e7\u00e3o no curso de Turismo, bem como, analisar as representa\u00e7\u00f5es do turismo no ciberespa\u00e7o preocupando-se com as quest\u00f5es identit\u00e1rias, a interfer\u00eancia do multiculturalismo na forma\u00e7\u00e3o da cidadania e a inter-rela\u00e7\u00e3o dos aspectos econ\u00f4micos, pol\u00edticos e do desenvolvimento humano. Estipulada metodologia que contemple a ida a campo dos estudantes, quando da escolha de um parelho ou munic\u00edpio tur\u00edstico que re\u00fana as condi\u00e7\u00f5es operacionais para a produ\u00e7\u00e3o do document\u00e1rio que contemple os te\u00f3ricos da comunica\u00e7\u00e3o e do turismo, criticados \u00e0 luz dos estudos culturais e da sociedade. Como resultado pretende-se gerar uma maior visibilidade para a sociedade e para o turismo na medida em que, valoriza o patrim\u00f4nio hist\u00f3rico cultural do estado na vis\u00e3o dos acad\u00eamicos de turismo da Universidade do Estado do Rio Grande do Norte.<\/p>\n<p><strong>REDES SOCIAIS<\/strong><\/p>\n<p><a href=\"https:\/\/www.youtube.com\/channel\/UCTZpEjJfelLJ7iNgAysNMRA\">Canal do YouTube<\/a><\/p>\n","protected":false},"excerpt":{"rendered":"<p>COORDENADOR Alc\u00eado Pinheiro Galv\u00e3o Equipe Executora 5\u00ba Per\u00edodo \u2013 Dicentes RESUMO A proposta deste projeto de extens\u00e3o \u00e9 construir um estudo sobre a interfer\u00eancia da cibercultura no desenvolvimento do setor tur\u00edstico a partir de document\u00e1rios que abordem os patrim\u00f4nios hist\u00f3ricos culturais do RN. Com objetivo principal divulgar o imagin\u00e1rio dos aspectos tur\u00edstico interpretativo cultural, com [&hellip;]<\/p>\n","protected":false},"author":1,"featured_media":0,"parent":0,"menu_order":0,"comment_status":"closed","ping_status":"closed","template":"","meta":{"footnotes":""},"class_list":["post-63","page","type-page","status-publish","hentry"],"_links":{"self":[{"href":"https:\/\/portal.uern.br\/natal\/dt\/wp-json\/wp\/v2\/pages\/63","targetHints":{"allow":["GET"]}}],"collection":[{"href":"https:\/\/portal.uern.br\/natal\/dt\/wp-json\/wp\/v2\/pages"}],"about":[{"href":"https:\/\/portal.uern.br\/natal\/dt\/wp-json\/wp\/v2\/types\/page"}],"author":[{"embeddable":true,"href":"https:\/\/portal.uern.br\/natal\/dt\/wp-json\/wp\/v2\/users\/1"}],"replies":[{"embeddable":true,"href":"https:\/\/portal.uern.br\/natal\/dt\/wp-json\/wp\/v2\/comments?post=63"}],"version-history":[{"count":1,"href":"https:\/\/portal.uern.br\/natal\/dt\/wp-json\/wp\/v2\/pages\/63\/revisions"}],"predecessor-version":[{"id":64,"href":"https:\/\/portal.uern.br\/natal\/dt\/wp-json\/wp\/v2\/pages\/63\/revisions\/64"}],"wp:attachment":[{"href":"https:\/\/portal.uern.br\/natal\/dt\/wp-json\/wp\/v2\/media?parent=63"}],"curies":[{"name":"wp","href":"https:\/\/api.w.org\/{rel}","templated":true}]}}