{"id":61,"date":"2022-11-04T15:23:47","date_gmt":"2022-11-04T18:23:47","guid":{"rendered":"https:\/\/paisdemossoro.com.br\/wordpress\/natal\/turismo\/?page_id=61"},"modified":"2022-11-04T15:23:47","modified_gmt":"2022-11-04T18:23:47","slug":"destinos-do-rn","status":"publish","type":"page","link":"https:\/\/portal.uern.br\/natal\/dt\/destinos-do-rn\/","title":{"rendered":"Destinos do RN"},"content":{"rendered":"<p><strong>COORDENADOR(A)<\/strong><br \/>\nAugusto Carlos Avelino Teixeira de Carvalho<\/p>\n<p><strong>EQUIPE EXECUTORA<\/strong><br \/>\nAugusto Carlos Avelino Teixeira de Carvalho \u2013 Docente<br \/>\nMarco Antonio Cavalcanti da Rocha Junior \u2013 Docente<br \/>\nBrenda Sarayane dos Reis Bastos \u2013 Discente<br \/>\nFrancisco Henrique Bezerril de Lima \u2013 Discente<br \/>\nRicardo Morais \u2013 T\u00e9cnico Administrativo<br \/>\nS\u00e9rgio Xavier da Silva \u2013 Discente<\/p>\n<p><strong>RESUMO DA A\u00c7\u00c3O<\/strong><\/p>\n<p>Este programa tem como objetivo fomentar, apoiar e divulgar conte\u00fado produzido por discentes, t\u00e9cnicos e docentes do curso de Turismo da UERN, Campus de Natal, por interm\u00e9dio de p\u00e1gina da internet, tendo o conte\u00fado publicado, rela\u00e7\u00e3o com destinos diferenciados daqueles j\u00e1 consolidados no Rio Grande do Norte. Neste sentido, este site consagra uma dupla fun\u00e7\u00e3o: de um lado estimula professores, t\u00e9cnicos e aluno(a)s a usarem a internet como ferramenta de aux\u00edlio aos seus trabalhos acad\u00eamicos, assim como permite ampliar a visibilidade da produ\u00e7\u00e3o afeta \u00e0s tem\u00e1ticas que vinculem o curso ao desenvolvimento de oportunidades tur\u00edsticas no interior do estado. O resultado que se espera \u00e9 que: turistas, adeptos do turismo n\u00e3o vinculados estritamente ao \u2018sol e mar\u2019, possam conhecer \u2018novos\u2019 espa\u00e7os para a realiza\u00e7\u00e3o das suas viagens, o que tende a imprimir maior amplitude e valoriza\u00e7\u00e3o do nosso patrim\u00f4nio hist\u00f3rico, cultural e natural.<\/p>\n<p><strong>P\u00daBLICO-ALVO<\/strong><br \/>\nS\u00e3o tr\u00eas os tipos de p\u00fablico que ser\u00e3o impactados por este projeto de extens\u00e3o: docentes, discentes do curso de turismo do Campus de Natal\/RN, assim como tamb\u00e9m os turistas, que ser\u00e3o o alvo a ser atingido por este projeto.<\/p>\n<p><strong>SITE<\/strong><br \/>\ndestinosdorn.com<\/p>\n","protected":false},"excerpt":{"rendered":"<p>COORDENADOR(A) Augusto Carlos Avelino Teixeira de Carvalho EQUIPE EXECUTORA Augusto Carlos Avelino Teixeira de Carvalho \u2013 Docente Marco Antonio Cavalcanti da Rocha Junior \u2013 Docente Brenda Sarayane dos Reis Bastos \u2013 Discente Francisco Henrique Bezerril de Lima \u2013 Discente Ricardo Morais \u2013 T\u00e9cnico Administrativo S\u00e9rgio Xavier da Silva \u2013 Discente RESUMO DA A\u00c7\u00c3O Este programa [&hellip;]<\/p>\n","protected":false},"author":1,"featured_media":0,"parent":0,"menu_order":0,"comment_status":"closed","ping_status":"closed","template":"","meta":{"footnotes":""},"class_list":["post-61","page","type-page","status-publish","hentry"],"_links":{"self":[{"href":"https:\/\/portal.uern.br\/natal\/dt\/wp-json\/wp\/v2\/pages\/61","targetHints":{"allow":["GET"]}}],"collection":[{"href":"https:\/\/portal.uern.br\/natal\/dt\/wp-json\/wp\/v2\/pages"}],"about":[{"href":"https:\/\/portal.uern.br\/natal\/dt\/wp-json\/wp\/v2\/types\/page"}],"author":[{"embeddable":true,"href":"https:\/\/portal.uern.br\/natal\/dt\/wp-json\/wp\/v2\/users\/1"}],"replies":[{"embeddable":true,"href":"https:\/\/portal.uern.br\/natal\/dt\/wp-json\/wp\/v2\/comments?post=61"}],"version-history":[{"count":1,"href":"https:\/\/portal.uern.br\/natal\/dt\/wp-json\/wp\/v2\/pages\/61\/revisions"}],"predecessor-version":[{"id":62,"href":"https:\/\/portal.uern.br\/natal\/dt\/wp-json\/wp\/v2\/pages\/61\/revisions\/62"}],"wp:attachment":[{"href":"https:\/\/portal.uern.br\/natal\/dt\/wp-json\/wp\/v2\/media?parent=61"}],"curies":[{"name":"wp","href":"https:\/\/api.w.org\/{rel}","templated":true}]}}