{"id":59,"date":"2022-11-04T15:23:21","date_gmt":"2022-11-04T18:23:21","guid":{"rendered":"https:\/\/paisdemossoro.com.br\/wordpress\/natal\/turismo\/?page_id=59"},"modified":"2022-11-04T15:23:21","modified_gmt":"2022-11-04T18:23:21","slug":"curso-de-ingles","status":"publish","type":"page","link":"https:\/\/portal.uern.br\/natal\/dt\/curso-de-ingles\/","title":{"rendered":"Curso de Ingl\u00eas"},"content":{"rendered":"<p><strong>CURSO DE INGL\u00caS<\/strong><\/p>\n<p><strong>COORDENADOR(A)<\/strong><br \/>\nMarilene Campos Dias do R\u00eago Barros<\/p>\n<p>Equipe executora<br \/>\nMarilene Campos Dias do R\u00eago Barros \u2013 Docente<br \/>\nFrancielen Letice \u2013 Discente<\/p>\n<p><strong>RESUMO DA A\u00c7\u00c3O<\/strong><\/p>\n<p>Curso de ingl\u00eas on-line est\u00e1 previsto para acontecer no semestre 2022.2<\/p>\n<p>Trata-se de um curso presencial com carga hor\u00e1ria de 60h distribu\u00edda em 2 semestres letivos e tem por objetivo oferecer conhecimentos na l\u00edngua inglesa principalmente voltados ao setor do Turismo. Com um custo bastante acess\u00edvel, o Curso de Ingl\u00eas visa poder contemplar a lacuna que diversos profissionais e estudantes de Turismo necessitam preencher, j\u00e1 que o idioma ingl\u00eas \u00e9 ferramenta fundamental neste setor. Pessoas n\u00e3o vinculadas ao Turismo tamb\u00e9m podem participar e certamente ser\u00e3o beneficiadas com o aprendizado. O Curso de Ingl\u00eas ser\u00e1 oferecido a toda comunidade de Natal e cidades vizinhas como Cear\u00e1 Mirim e S\u00e3o Gon\u00e7alo do Amarante. O Curso dialogar\u00e1 com atividades de ensino, principalmente com as disciplinas de Ingl\u00eas Instrumental e Hist\u00f3ria e Patrim\u00f4nio Cultural da gradua\u00e7\u00e3o em Turismo do CAN e tamb\u00e9m atuar\u00e1 juntamente \u00e0 pesquisa servindo de suporte a alunos de final de curso de gradua\u00e7\u00e3o em suas Monografias no que diz respeito \u00e0 pesquisas em l\u00ednguas inglesa e na elabora\u00e7\u00e3o do abstract. Em aulas de campo, os alunos do Curso realizar\u00e3o visitas a \u00f3rg\u00e3os da Funda\u00e7\u00e3o Jos\u00e9 Augusto onde receber\u00e3o turistas e apresentar\u00e3o o local e obras falando em ingl\u00eas.<\/p>\n<p><strong>P\u00daBLICO-ALVO<\/strong><br \/>\nComunidade em geral, principalmente o p\u00fablico que atua no setor do Turismo.<\/p>\n","protected":false},"excerpt":{"rendered":"<p>CURSO DE INGL\u00caS COORDENADOR(A) Marilene Campos Dias do R\u00eago Barros Equipe executora Marilene Campos Dias do R\u00eago Barros \u2013 Docente Francielen Letice \u2013 Discente RESUMO DA A\u00c7\u00c3O Curso de ingl\u00eas on-line est\u00e1 previsto para acontecer no semestre 2022.2 Trata-se de um curso presencial com carga hor\u00e1ria de 60h distribu\u00edda em 2 semestres letivos e tem [&hellip;]<\/p>\n","protected":false},"author":1,"featured_media":0,"parent":0,"menu_order":0,"comment_status":"closed","ping_status":"closed","template":"","meta":{"footnotes":""},"class_list":["post-59","page","type-page","status-publish","hentry"],"_links":{"self":[{"href":"https:\/\/portal.uern.br\/natal\/dt\/wp-json\/wp\/v2\/pages\/59","targetHints":{"allow":["GET"]}}],"collection":[{"href":"https:\/\/portal.uern.br\/natal\/dt\/wp-json\/wp\/v2\/pages"}],"about":[{"href":"https:\/\/portal.uern.br\/natal\/dt\/wp-json\/wp\/v2\/types\/page"}],"author":[{"embeddable":true,"href":"https:\/\/portal.uern.br\/natal\/dt\/wp-json\/wp\/v2\/users\/1"}],"replies":[{"embeddable":true,"href":"https:\/\/portal.uern.br\/natal\/dt\/wp-json\/wp\/v2\/comments?post=59"}],"version-history":[{"count":1,"href":"https:\/\/portal.uern.br\/natal\/dt\/wp-json\/wp\/v2\/pages\/59\/revisions"}],"predecessor-version":[{"id":60,"href":"https:\/\/portal.uern.br\/natal\/dt\/wp-json\/wp\/v2\/pages\/59\/revisions\/60"}],"wp:attachment":[{"href":"https:\/\/portal.uern.br\/natal\/dt\/wp-json\/wp\/v2\/media?parent=59"}],"curies":[{"name":"wp","href":"https:\/\/api.w.org\/{rel}","templated":true}]}}