{"id":55,"date":"2022-11-04T15:22:30","date_gmt":"2022-11-04T18:22:30","guid":{"rendered":"https:\/\/paisdemossoro.com.br\/wordpress\/natal\/turismo\/?page_id=55"},"modified":"2022-11-04T15:22:30","modified_gmt":"2022-11-04T18:22:30","slug":"conhecendo-a-cidade-de-natal","status":"publish","type":"page","link":"https:\/\/portal.uern.br\/natal\/dt\/conhecendo-a-cidade-de-natal\/","title":{"rendered":"CONHECENDO A CIDADE DE NATAL"},"content":{"rendered":"<p><strong>COORDENADOR(A)<\/strong><br \/>\nMichele Galdino C\u00e2mara Signoretti<\/p>\n<p><strong>EQUIPE EXECUTORA<\/strong><br \/>\nJoao Batista de Freitas \u2013 Docente<br \/>\nMichele Galdino C\u00e2mara Signoretti \u2013 Docente<br \/>\nTatiana Moritz \u2013 Docente<br \/>\nAkaline Oliveira \u2013 Discente<br \/>\nCarla Lenes Vieira de Ara\u00fajo \u2013 Discente<br \/>\nClara Beatriz Vieira de Ara\u00fajo G\u00f3is \u2013 Discente<br \/>\nDja\u00edne Silva de Morais Barbosa \u2013 Discente<br \/>\nErinaldo de Souza Medeiros \u2013 Discente<br \/>\nMaria Marta de Moura Vieira \u2013 Discente<br \/>\nPedro Alves Bezerra Filho \u2013 Discente<br \/>\nRicardo Morais \u2013 T\u00e9cnico Administrativo<br \/>\nTaciana Andrade F Lima Pessoa \u2013 Discente<\/p>\n<p><strong>RESUMO DA A\u00c7\u00c3O<\/strong><\/p>\n<p>A escassez de oportunidades, ocasionada pela car\u00eancia de recursos financeiros, dificulta boa parcela de comunidades locais e popula\u00e7\u00e3o em geral de conhecer a pr\u00f3pria cidade, sua hist\u00f3ria e seus pontos tur\u00edsticos. Da\u00ed a necessidade que a equipe de professores do curso de Turismo detectou e desenvolveu um projeto interdisciplinar que envolve a Universidade e a Comunidade Local. Sentindo essa necessidade de aproximar a comunidade natalense, especificamente, a zona norte de Natal, do \u00e2mbito hist\u00f3rico, ambiental, tur\u00edstico e cultural, assim como, tornando-a disseminadora do produto tur\u00edstico, o Curso de Turismo est\u00e1 desenvolvendo a segunda edi\u00e7\u00e3o do projeto Conhecendo a Cidade do Natal. Direcionado a comunidade de alunos da Escola de Extens\u00e3o da UERN \u2013 EdUCA (CCUERN), que j\u00e1 atua desde 2010 com a zona norte, comunidade circunvizinha da universidade. Na primeira edi\u00e7\u00e3o do projeto, em 2011, a parceria foi feita com uma escola p\u00fablica, a Escola Estadual Djalma Aranha Marinho foi a precursora do projeto, direcionado a alunos do 1o ao 5\u00b0 ano foram atendidas mais de 100 crian\u00e7as.<\/p>\n<p><strong>P\u00daBLICO-ALVO<\/strong><\/p>\n<p>O p\u00fablico-alvo da proposta \u00e9 a comunidade local atendida pela Escola da UERN \u2013 EdUCA Natal\/RN. A Escola da UERN \u2013 EdUCA, funciona no Complexo Cultural da Universidade, na zona Norte de Natal, e tem como miss\u00e3o educar, produzir e disseminar o saber cultural, por meio da educa\u00e7\u00e3o pela arte, promovendo a cidadania cultural e o lazer \u00e0 popula\u00e7\u00e3o, comprometendo-se com a justi\u00e7a social, a democracia e o desenvolvimento sustent\u00e1vel da sociedade potiguar. Prop\u00f3sito esse, igualmente almejado por este projeto.<\/p>\n","protected":false},"excerpt":{"rendered":"<p>COORDENADOR(A) Michele Galdino C\u00e2mara Signoretti EQUIPE EXECUTORA Joao Batista de Freitas \u2013 Docente Michele Galdino C\u00e2mara Signoretti \u2013 Docente Tatiana Moritz \u2013 Docente Akaline Oliveira \u2013 Discente Carla Lenes Vieira de Ara\u00fajo \u2013 Discente Clara Beatriz Vieira de Ara\u00fajo G\u00f3is \u2013 Discente Dja\u00edne Silva de Morais Barbosa \u2013 Discente Erinaldo de Souza Medeiros \u2013 Discente [&hellip;]<\/p>\n","protected":false},"author":1,"featured_media":0,"parent":0,"menu_order":0,"comment_status":"closed","ping_status":"closed","template":"","meta":{"footnotes":""},"class_list":["post-55","page","type-page","status-publish","hentry"],"_links":{"self":[{"href":"https:\/\/portal.uern.br\/natal\/dt\/wp-json\/wp\/v2\/pages\/55","targetHints":{"allow":["GET"]}}],"collection":[{"href":"https:\/\/portal.uern.br\/natal\/dt\/wp-json\/wp\/v2\/pages"}],"about":[{"href":"https:\/\/portal.uern.br\/natal\/dt\/wp-json\/wp\/v2\/types\/page"}],"author":[{"embeddable":true,"href":"https:\/\/portal.uern.br\/natal\/dt\/wp-json\/wp\/v2\/users\/1"}],"replies":[{"embeddable":true,"href":"https:\/\/portal.uern.br\/natal\/dt\/wp-json\/wp\/v2\/comments?post=55"}],"version-history":[{"count":1,"href":"https:\/\/portal.uern.br\/natal\/dt\/wp-json\/wp\/v2\/pages\/55\/revisions"}],"predecessor-version":[{"id":56,"href":"https:\/\/portal.uern.br\/natal\/dt\/wp-json\/wp\/v2\/pages\/55\/revisions\/56"}],"wp:attachment":[{"href":"https:\/\/portal.uern.br\/natal\/dt\/wp-json\/wp\/v2\/media?parent=55"}],"curies":[{"name":"wp","href":"https:\/\/api.w.org\/{rel}","templated":true}]}}