{"id":51,"date":"2022-11-04T15:21:45","date_gmt":"2022-11-04T18:21:45","guid":{"rendered":"https:\/\/paisdemossoro.com.br\/wordpress\/natal\/turismo\/?page_id=51"},"modified":"2022-11-04T15:21:45","modified_gmt":"2022-11-04T18:21:45","slug":"turistificacao-de-natal-rn-atraves-da-roteirizacao","status":"publish","type":"page","link":"https:\/\/portal.uern.br\/natal\/dt\/turistificacao-de-natal-rn-atraves-da-roteirizacao\/","title":{"rendered":"TURISTIFICA\u00c7\u00c3O DE NATAL\/RN ATRAV\u00c9S DA ROTEIRIZA\u00c7\u00c3O"},"content":{"rendered":"<p><strong>COORDENADORA<\/strong>:<br \/>\nProfa. Dra. Michele Galdino Camara<\/p>\n<p><strong>RESUMO DO PROJETO<\/strong><\/p>\n<p>O projeto \u00e9 pensado na linha de pesquisa Gest\u00e3o e planejamento sustent\u00e1vel do turismo, do curso de Natal, que contempla em seus estudos, Roteiros Tur\u00edsticos. Essa \u00e9 a segunda edi\u00e7\u00e3o deste projeto e inicialmente, na sua primeira edi\u00e7\u00e3o, a pesquisa indicou roteiros nas quatro (4) zonas da Cidade (Norte\/Sul\/Leste e Oeste) separadamente, para que a distribui\u00e7\u00e3o da oferta fosse equilibrada e potencializada, assim como nas \u00e1reas com roteiros j\u00e1 consolidados. Diante desse resultado, na segunda edi\u00e7\u00e3o, pretende-se rever esses roteiros j\u00e1 delimitados, adapta-los a situa\u00e7\u00e3o atual, uma vez que, a primeira edi\u00e7\u00e3o ocorreu em 2013, antes da libera\u00e7\u00e3o de capacita\u00e7\u00e3o da coordenadora, e a partir da\u00ed construir uma atualiza\u00e7\u00e3o desse banco de dados por meio de inventaria\u00e7\u00e3o das zonas e seus servi\u00e7os. Depois, partiremos para a etapa de integra\u00e7\u00e3o dos roteiros, que far\u00e1 uma intercess\u00e3o das rotas, mostrando pontos intermodais (modalidades de transportes) em que o turista poder\u00e1 sair de um roteiro para o outro permitindo assim, diversas combina\u00e7\u00f5es tem\u00e1ticas. Por \u00faltimo, transformaremos as informa\u00e7\u00f5es em um guia da cidade chamado \u201cRoteiro Ginga com Tapioca\u201d, com mapa, legendas autoexplicativas e distintas por cores. A inten\u00e7\u00e3o de disseminar a informa\u00e7\u00e3o organizada dos produtos e servi\u00e7os tur\u00edsticos com a constru\u00e7\u00e3o de novos roteiros, parte da necessidade eminente de amplia\u00e7\u00e3o, atualiza\u00e7\u00e3o e diversifica\u00e7\u00e3o do produto tur\u00edstico Natal, uma vez que o pr\u00f3prio avan\u00e7o da cidade propicia zonas atualmente tidas como carentes de atratividade tur\u00edstica. Diante das propostas, entendemos que a execu\u00e7\u00e3o da segunda edi\u00e7\u00e3o do projeto permitir\u00e1 ampliar a forma\u00e7\u00e3o de pesquisadores especializados em estudos de roteiriza\u00e7\u00e3o, gest\u00e3o dos destinos, imagem e desenvolvimento local, al\u00e9m de compreender como a circula\u00e7\u00e3o tur\u00edstica \u00e9 necess\u00e1ria para o fomento e economia das Cidades.<\/p>\n<p><strong>PALAVRAS-CHAVE<\/strong><br \/>\nTuristifica\u00e7\u00e3o. Roteiros Tur\u00edsticos. Circula\u00e7\u00e3o tur\u00edstica. Cidade do Natal<\/p>\n<p><strong>OBJETIVO GERAL<\/strong><\/p>\n<p>Diversificar e sistematizar a informa\u00e7\u00e3o dos produtos e servi\u00e7os tur\u00edsticos, atrav\u00e9s da investiga\u00e7\u00e3o de novos roteiros tur\u00edsticos para a cidade do Natal.<\/p>\n<p><strong>OBJETIVOS ESPEC\u00cdFICOS<\/strong><\/p>\n<p>\u2022\u00a0Criar um banco de dados que disponibilize informa\u00e7\u00f5es importantes de pontos tur\u00edsticos, estruturas de lazer e servi\u00e7os em geral para o turista e o pr\u00f3prio morador da cidade do Natal;<\/p>\n<p>\u2022\u00a0Indicar novos roteiros utilizando cores espec\u00edficas;<\/p>\n<p>\u2022\u00a0Integrar os roteiros atrav\u00e9s de terminais (pontos) intermodais (modalidades de transporte), onde o turista possa sair de um e entrar em outro roteiro com facilidade;<\/p>\n<p>\u2022\u00a0Elaborar um guia da cidade, com mapa, legendas autoexplicativas e distintas por cores.<\/p>\n","protected":false},"excerpt":{"rendered":"<p>COORDENADORA: Profa. Dra. Michele Galdino Camara RESUMO DO PROJETO O projeto \u00e9 pensado na linha de pesquisa Gest\u00e3o e planejamento sustent\u00e1vel do turismo, do curso de Natal, que contempla em seus estudos, Roteiros Tur\u00edsticos. Essa \u00e9 a segunda edi\u00e7\u00e3o deste projeto e inicialmente, na sua primeira edi\u00e7\u00e3o, a pesquisa indicou roteiros nas quatro (4) zonas [&hellip;]<\/p>\n","protected":false},"author":1,"featured_media":0,"parent":0,"menu_order":0,"comment_status":"closed","ping_status":"closed","template":"","meta":{"footnotes":""},"class_list":["post-51","page","type-page","status-publish","hentry"],"_links":{"self":[{"href":"https:\/\/portal.uern.br\/natal\/dt\/wp-json\/wp\/v2\/pages\/51","targetHints":{"allow":["GET"]}}],"collection":[{"href":"https:\/\/portal.uern.br\/natal\/dt\/wp-json\/wp\/v2\/pages"}],"about":[{"href":"https:\/\/portal.uern.br\/natal\/dt\/wp-json\/wp\/v2\/types\/page"}],"author":[{"embeddable":true,"href":"https:\/\/portal.uern.br\/natal\/dt\/wp-json\/wp\/v2\/users\/1"}],"replies":[{"embeddable":true,"href":"https:\/\/portal.uern.br\/natal\/dt\/wp-json\/wp\/v2\/comments?post=51"}],"version-history":[{"count":1,"href":"https:\/\/portal.uern.br\/natal\/dt\/wp-json\/wp\/v2\/pages\/51\/revisions"}],"predecessor-version":[{"id":52,"href":"https:\/\/portal.uern.br\/natal\/dt\/wp-json\/wp\/v2\/pages\/51\/revisions\/52"}],"wp:attachment":[{"href":"https:\/\/portal.uern.br\/natal\/dt\/wp-json\/wp\/v2\/media?parent=51"}],"curies":[{"name":"wp","href":"https:\/\/api.w.org\/{rel}","templated":true}]}}