{"id":49,"date":"2022-11-04T15:21:19","date_gmt":"2022-11-04T18:21:19","guid":{"rendered":"https:\/\/paisdemossoro.com.br\/wordpress\/natal\/turismo\/?page_id=49"},"modified":"2022-11-04T15:21:19","modified_gmt":"2022-11-04T18:21:19","slug":"turismo-e-memoria-registros-da-cidade-do-natal-em-fotografias","status":"publish","type":"page","link":"https:\/\/portal.uern.br\/natal\/dt\/turismo-e-memoria-registros-da-cidade-do-natal-em-fotografias\/","title":{"rendered":"TURISMO E MEM\u00d3RIA: REGISTROS DA CIDADE DO NATAL EM FOTOGRAFIAS"},"content":{"rendered":"<p><strong>COORDENADOR<\/strong>:<br \/>\nProf. Dr. Wellington Medeiros de Ara\u00fajo<\/p>\n<p><strong>RESUMO DO PROJETO<\/strong><\/p>\n<p>Percebida em sua constitui\u00e7\u00e3o fenomenol\u00f3gica (Pierce), enquanto registro ou reminisc\u00eancia, a fotografia pode ser averiguada enquanto fen\u00f4meno de um mundo real e, por isso, tende a \u201cdescobrir\u201d importantes quest\u00f5es subliminares de uma sociedade sempre em transforma\u00e7\u00e3o. Por isso, a imagem que se faz de uma localidade, seja atrav\u00e9s de documentos, seja atrav\u00e9s de um registro afetivo, tem muito a fazer entender desse espa\u00e7o. E o Turismo, em linhas gerais, faz-se compor exatamente como representa\u00e7\u00e3o de um espa\u00e7o (RODRIGUES, 1997). Partindo-se, pois, da perspectiva de que a express\u00e3o fotogr\u00e1fica firma uma esp\u00e9cie de invent\u00e1rio da mem\u00f3ria, pretendemos, na pesquisa \u201cTurismo e Mem\u00f3ria: registros da cidade do Natal em fotografias\u201d, mapear e estudar representa\u00e7\u00f5es da cidade do Natal\/RN em fotos que trazem a cidade como cena principal at\u00e9 o fim do s\u00e9culo XX (anos de 1990). Metodologicamente, intenta-se, atrav\u00e9s da contribui\u00e7\u00e3o da Semi\u00f3tica (Santaella, 1996), ir ao encontro de arquivos de algumas institui\u00e7\u00f5es p\u00fablicas, sites e blogs que tragam o registro fotogr\u00e1fico citadino na delimita\u00e7\u00e3o do tema escolhido. Por nos ensinar a \u201cver\u201d em um novo c\u00f3digo visual (Sontag, 2004), portanto, a fotografia modifica e amplia nossa percep\u00e7\u00e3o do mundo, dando-nos o direito e o dever de agir sobre ele. Entender o funcionamento e o movimento geradores da din\u00e2mica citadina, enfim, atrav\u00e9s da arte fotogr\u00e1fica, resulta em uma compreens\u00e3o mais cr\u00edtica dos espa\u00e7os afetivos e geogr\u00e1ficos que nos cercam. Al\u00e9m disso, permite um entendimento atualizado das formas sociais de representa\u00e7\u00e3o da cidade em suas vertentes culturais, tur\u00edsticas e hist\u00f3ricas.<\/p>\n<p><strong>PALAVRAS-CHAVE<\/strong><br \/>\nMem\u00f3ria; Fotografia; Natal; Turismo<\/p>\n<p><strong>OBJETIVO GERAL<\/strong><\/p>\n<p>O presente estudo busca mapear e estudar representa\u00e7\u00f5es da cidade do Natal em fotos que trazem a cidade no contexto de sua hist\u00f3ria at\u00e9 fins dos aos de 1990, revelando perspectivas de interpreta\u00e7\u00e3o do fen\u00f4meno citadino em sua rela\u00e7\u00e3o com o turismo.<\/p>\n<p><strong>OBJETIVOS ESPEC\u00cdFICOS<\/strong><\/p>\n<ul>\n<li>Ir ao encontro de arquivos fotogr\u00e1ficos de algumas institui\u00e7\u00f5es p\u00fablicas, bem como de sites e blogs que tragam o registro fotogr\u00e1fico citadino na perspectiva do tema escolhido.<\/li>\n<li>Proporcionar ao aluno do Curso de Turismo a oportunidade de an\u00e1lise e investiga\u00e7\u00e3o do acervo cultural material respons\u00e1vel por uma constru\u00e7\u00e3o afetiva do turismo e da mem\u00f3ria da cidade do Natal.<\/li>\n<li>Construir um acervo fotogr\u00e1fico pr\u00f3prio do Curso de Turismo (Campus de Natal) e da Universidade do Estado do Rio Grande do Norte, seja atrav\u00e9s de fotos adquiridas e consultadas, para divulga\u00e7\u00e3o em eventos e em trabalhos do site do mesmo Curso.<\/li>\n<\/ul>\n","protected":false},"excerpt":{"rendered":"<p>COORDENADOR: Prof. Dr. Wellington Medeiros de Ara\u00fajo RESUMO DO PROJETO Percebida em sua constitui\u00e7\u00e3o fenomenol\u00f3gica (Pierce), enquanto registro ou reminisc\u00eancia, a fotografia pode ser averiguada enquanto fen\u00f4meno de um mundo real e, por isso, tende a \u201cdescobrir\u201d importantes quest\u00f5es subliminares de uma sociedade sempre em transforma\u00e7\u00e3o. Por isso, a imagem que se faz de uma [&hellip;]<\/p>\n","protected":false},"author":1,"featured_media":0,"parent":0,"menu_order":0,"comment_status":"closed","ping_status":"closed","template":"","meta":{"footnotes":""},"class_list":["post-49","page","type-page","status-publish","hentry"],"_links":{"self":[{"href":"https:\/\/portal.uern.br\/natal\/dt\/wp-json\/wp\/v2\/pages\/49","targetHints":{"allow":["GET"]}}],"collection":[{"href":"https:\/\/portal.uern.br\/natal\/dt\/wp-json\/wp\/v2\/pages"}],"about":[{"href":"https:\/\/portal.uern.br\/natal\/dt\/wp-json\/wp\/v2\/types\/page"}],"author":[{"embeddable":true,"href":"https:\/\/portal.uern.br\/natal\/dt\/wp-json\/wp\/v2\/users\/1"}],"replies":[{"embeddable":true,"href":"https:\/\/portal.uern.br\/natal\/dt\/wp-json\/wp\/v2\/comments?post=49"}],"version-history":[{"count":1,"href":"https:\/\/portal.uern.br\/natal\/dt\/wp-json\/wp\/v2\/pages\/49\/revisions"}],"predecessor-version":[{"id":50,"href":"https:\/\/portal.uern.br\/natal\/dt\/wp-json\/wp\/v2\/pages\/49\/revisions\/50"}],"wp:attachment":[{"href":"https:\/\/portal.uern.br\/natal\/dt\/wp-json\/wp\/v2\/media?parent=49"}],"curies":[{"name":"wp","href":"https:\/\/api.w.org\/{rel}","templated":true}]}}