{"id":47,"date":"2022-11-04T15:20:24","date_gmt":"2022-11-04T18:20:24","guid":{"rendered":"https:\/\/paisdemossoro.com.br\/wordpress\/natal\/turismo\/?page_id=47"},"modified":"2022-11-04T15:20:24","modified_gmt":"2022-11-04T18:20:24","slug":"o-tom-da-modernidade-nas-cronicas-de-pery-lamartine-a-natal-de-ontem","status":"publish","type":"page","link":"https:\/\/portal.uern.br\/natal\/dt\/o-tom-da-modernidade-nas-cronicas-de-pery-lamartine-a-natal-de-ontem\/","title":{"rendered":"O TOM DA MODERNIDADE NAS CR\u00d4NICAS DE PERY LAMARTINE: A NATAL DE ONTEM"},"content":{"rendered":"<p><strong>COORDENADORA<\/strong>:<br \/>\nProfa. Dra. Izabel Cristina da Costa Bezerra Oliveira<\/p>\n<p><strong>RESUMO DO PROJETO<\/strong><\/p>\n<p>O projeto em pauta objetiva fazer um estudo sobre a modernidade em obras liter\u00e1rias produzidas por Pery Lamartine nas \u00faltimas d\u00e9cadas do S\u00e9culo XX e outras da primeira d\u00e9cada do S\u00e9culo atual expressas no g\u00eanero prosa. No contexto hist\u00f3rico nacional, a d\u00e9cada de 1920 caracteriza-se como um per\u00edodo de grande inquieta\u00e7\u00e3o no tocante as v\u00e1rias mudan\u00e7as nos segmentos sociais. No cen\u00e1rio das artes, as atividades culturais prop\u00f5em uma discuss\u00e3o sobre as transforma\u00e7\u00f5es pol\u00edticas e econ\u00f4micas que o pa\u00eds enfrenta. Em conson\u00e2ncia com esse clima de inquieta\u00e7\u00e3o que acometia o Brasil, os escritores e intelectuais da \u00e9poca refletiram sobre as mudan\u00e7as sociais e, sobretudo, as inova\u00e7\u00f5es no campo liter\u00e1rio. Nesse sentido, afirma o cr\u00edtico Ant\u00f4nio C\u00e2ndido (1976): \u201cA Semana de Arte Moderna (S\u00e3o Paulo, 1922) foi realmente o catalisador da nova literatura, coordenando, gra\u00e7as ao seu dinamismo e \u00e0 ousadia de alguns protagonistas, as tend\u00eancias mais vivas e capazes de renova\u00e7\u00e3o, na poesia, no ensaio, na m\u00fasica, nas artes pl\u00e1sticas\u201d. A problem\u00e1tica pol\u00edtico-social tamb\u00e9m foi expressiva nos anos 1920 no Estado do Rio Grande do Norte, mais precisamente, a cidade do Natal, acometida por v\u00e1rias mudan\u00e7as na vida pol\u00edtica e cultural, segundo Ara\u00fajo (1995). Todavia, as discuss\u00f5es em torno do Modernismo no Estado come\u00e7am a surgir com a not\u00edcia do afastamento de Gra\u00e7a Aranha da Academia Brasileira de Letras e essa novidade foi relatada por Lu\u00eds da C\u00e2mara Cascudo, tornando-se, desde ent\u00e3o, o mais importante escritor norte-rio-grandense a divulgar as ideias modernistas no Estado. \u00c9 dentro desse processo de v\u00e1rias transforma\u00e7\u00f5es nos campos social e liter\u00e1rio que essa pesquisa pretende fazer uma leitura das cr\u00f4nicas de Pery Lamartine, tendo como perspectiva de estudo a an\u00e1lise dos problemas tematizados pelo escritor \u00e0 luz dos elementos tradicional\/moderno e regional\/urbano em duas \u00e9pocas distintas de nossa literatura.<\/p>\n<p><strong>PALAVRA-CHAVE<\/strong><br \/>\nLiteratura, Cr\u00f4nica, Tradi\u00e7\u00e3o, Regionalismo, Modernidade<\/p>\n<p><strong>OBJETIVO GERAL<\/strong><\/p>\n<p>Propiciar uma leitura da produ\u00e7\u00e3o de cr\u00f4nicas liter\u00e1rias em momentos distintos da literatura potiguar: as d\u00e9cadas de 1920 e as primeiras d\u00e9cadas do S\u00e9culo XXI, analisando os textos de Pery Lamartine, considerando os elementos da modernidade presentes nas obras.<\/p>\n<p><strong>OBJETIVOS ESPEC\u00cdFICOS<\/strong><\/p>\n<ul>\n<li>Analisar a receptividade da cr\u00edtica pelo conjunto de obras do autor em estudo.<\/li>\n<li>Realizar an\u00e1lise liter\u00e1ria da produ\u00e7\u00e3o de cr\u00f4nicas de Pery Lamartine, nas primeiras d\u00e9cadas do S\u00e9culo atual, buscando os elementos representativos da tradi\u00e7\u00e3o e identificando as rela\u00e7\u00f5es entre o tradicional\/moderno, e o rural\/urbano no discurso liter\u00e1rio.<\/li>\n<\/ul>\n","protected":false},"excerpt":{"rendered":"<p>COORDENADORA: Profa. Dra. Izabel Cristina da Costa Bezerra Oliveira RESUMO DO PROJETO O projeto em pauta objetiva fazer um estudo sobre a modernidade em obras liter\u00e1rias produzidas por Pery Lamartine nas \u00faltimas d\u00e9cadas do S\u00e9culo XX e outras da primeira d\u00e9cada do S\u00e9culo atual expressas no g\u00eanero prosa. No contexto hist\u00f3rico nacional, a d\u00e9cada de [&hellip;]<\/p>\n","protected":false},"author":1,"featured_media":0,"parent":0,"menu_order":0,"comment_status":"closed","ping_status":"closed","template":"","meta":{"footnotes":""},"class_list":["post-47","page","type-page","status-publish","hentry"],"_links":{"self":[{"href":"https:\/\/portal.uern.br\/natal\/dt\/wp-json\/wp\/v2\/pages\/47","targetHints":{"allow":["GET"]}}],"collection":[{"href":"https:\/\/portal.uern.br\/natal\/dt\/wp-json\/wp\/v2\/pages"}],"about":[{"href":"https:\/\/portal.uern.br\/natal\/dt\/wp-json\/wp\/v2\/types\/page"}],"author":[{"embeddable":true,"href":"https:\/\/portal.uern.br\/natal\/dt\/wp-json\/wp\/v2\/users\/1"}],"replies":[{"embeddable":true,"href":"https:\/\/portal.uern.br\/natal\/dt\/wp-json\/wp\/v2\/comments?post=47"}],"version-history":[{"count":1,"href":"https:\/\/portal.uern.br\/natal\/dt\/wp-json\/wp\/v2\/pages\/47\/revisions"}],"predecessor-version":[{"id":48,"href":"https:\/\/portal.uern.br\/natal\/dt\/wp-json\/wp\/v2\/pages\/47\/revisions\/48"}],"wp:attachment":[{"href":"https:\/\/portal.uern.br\/natal\/dt\/wp-json\/wp\/v2\/media?parent=47"}],"curies":[{"name":"wp","href":"https:\/\/api.w.org\/{rel}","templated":true}]}}