{"id":45,"date":"2022-11-04T15:19:46","date_gmt":"2022-11-04T18:19:46","guid":{"rendered":"https:\/\/paisdemossoro.com.br\/wordpress\/natal\/turismo\/?page_id=45"},"modified":"2022-11-04T15:19:46","modified_gmt":"2022-11-04T18:19:46","slug":"o-patrimonio-edificado-no-contexto-da-cultura-acucareira-no-municipio-de-ceara-mirim-rn-e-sua-dinamica-enquanto-potencialidade-turistica","status":"publish","type":"page","link":"https:\/\/portal.uern.br\/natal\/dt\/o-patrimonio-edificado-no-contexto-da-cultura-acucareira-no-municipio-de-ceara-mirim-rn-e-sua-dinamica-enquanto-potencialidade-turistica\/","title":{"rendered":"O PATRIM\u00d4NIO EDIFICADO NO CONTEXTO DA CULTURA A\u00c7UCAREIRA NO MUNIC\u00cdPIO DE CEAR\u00c1-MIRIM\/RN E SUA DIN\u00c2MICA ENQUANTO POTENCIALIDADE TUR\u00cdSTICA"},"content":{"rendered":"<p><strong>COORDENADORA:<\/strong><br \/>\nProfa. Ma. Marilia Medeiros Soares<\/p>\n<p><strong>RESUMO DO PROJETO<\/strong><\/p>\n<p>O presente projeto trata do estudo do patrim\u00f4nio hist\u00f3rico da cidade de Cear\u00e1-Mirim\/RN, cidade que teve grande import\u00e2ncia econ\u00f4mica para o estado no final do s\u00e9c. XIX e in\u00edcio do s\u00e9c. XX, tendo sediado um grande n\u00famero de engenhos de produ\u00e7\u00e3o de cana-de-a\u00e7\u00facar e seus derivados. Para a realiza\u00e7\u00e3o da pesquisa pretende-se analisar a paisagem percebida a partir do patrim\u00f4nio hist\u00f3rico constru\u00eddo na \u00e1rea urbana de Cear\u00e1-Mirim\/RN e sua din\u00e2mica enquanto potencialidade tur\u00edstica, para tal prop\u00f5e-se descrever o contexto hist\u00f3rico e a espacialidade da produ\u00e7\u00e3o do patrim\u00f4nio arquitet\u00f4nico do munic\u00edpio; estudar as iniciativas de desenvolvimento do Turismo local e realizar a delimita\u00e7\u00e3o, inventaria\u00e7\u00e3o e mapeamento do S\u00edtio Hist\u00f3rico de maneira a contribuir para a preserva\u00e7\u00e3o deste e a potencializa\u00e7\u00e3o de seu uso enquanto atrativo tur\u00edstico e vetor de desenvolvimento. Devido ao fato de se tratar de objetivos densos prop\u00f5e-se que dois alunos participem da pesquisa, ficando um respons\u00e1vel pela contextualiza\u00e7\u00e3o hist\u00f3rica e estudo da espacialidade da produ\u00e7\u00e3o do patrim\u00f4nio e o outro pelo mapeamento desse patrim\u00f4nio.<\/p>\n<p><strong>PALAVRAS-CHAVE<\/strong><br \/>\nCentro hist\u00f3rico; Turismo; Cear\u00e1-Mirim; Mapeamento<\/p>\n<p><strong>OBJETIVO GERAL<\/strong><\/p>\n<p>Analisar a paisagem percebida a partir do patrim\u00f4nio hist\u00f3rico constru\u00eddo na \u00e1rea urbana de Cear\u00e1-Mirim\/RN e sua din\u00e2mica enquanto potencialidade tur\u00edstica.<\/p>\n<p><strong>OBJETIVOS ESPEC\u00cdFICOS<\/strong><\/p>\n<p>\u2022\u00a0Descrever o contexto hist\u00f3rico e a espacialidade da produ\u00e7\u00e3o do patrim\u00f4nio arquitet\u00f4nico do munic\u00edpio de Cear\u00e1-Mirim relacionado \u00e0 cultura a\u00e7ucareira com especial aten\u00e7\u00e3o \u00e0 \u00e1rea urbana;<\/p>\n<p>\u2022\u00a0Estudar as iniciativas de desenvolvimento do Turismo local;<\/p>\n<p>\u2022\u00a0Realizar a delimita\u00e7\u00e3o, inventaria\u00e7\u00e3o e mapeamento do S\u00edtio Hist\u00f3rico de maneira a contribuir para a preserva\u00e7\u00e3o deste e a potencializa\u00e7\u00e3o de seu uso enquanto atrativo tur\u00edstico e vetor de desenvolvimento.<\/p>\n","protected":false},"excerpt":{"rendered":"<p>COORDENADORA: Profa. Ma. Marilia Medeiros Soares RESUMO DO PROJETO O presente projeto trata do estudo do patrim\u00f4nio hist\u00f3rico da cidade de Cear\u00e1-Mirim\/RN, cidade que teve grande import\u00e2ncia econ\u00f4mica para o estado no final do s\u00e9c. XIX e in\u00edcio do s\u00e9c. XX, tendo sediado um grande n\u00famero de engenhos de produ\u00e7\u00e3o de cana-de-a\u00e7\u00facar e seus derivados. [&hellip;]<\/p>\n","protected":false},"author":1,"featured_media":0,"parent":0,"menu_order":0,"comment_status":"closed","ping_status":"closed","template":"","meta":{"footnotes":""},"class_list":["post-45","page","type-page","status-publish","hentry"],"_links":{"self":[{"href":"https:\/\/portal.uern.br\/natal\/dt\/wp-json\/wp\/v2\/pages\/45","targetHints":{"allow":["GET"]}}],"collection":[{"href":"https:\/\/portal.uern.br\/natal\/dt\/wp-json\/wp\/v2\/pages"}],"about":[{"href":"https:\/\/portal.uern.br\/natal\/dt\/wp-json\/wp\/v2\/types\/page"}],"author":[{"embeddable":true,"href":"https:\/\/portal.uern.br\/natal\/dt\/wp-json\/wp\/v2\/users\/1"}],"replies":[{"embeddable":true,"href":"https:\/\/portal.uern.br\/natal\/dt\/wp-json\/wp\/v2\/comments?post=45"}],"version-history":[{"count":1,"href":"https:\/\/portal.uern.br\/natal\/dt\/wp-json\/wp\/v2\/pages\/45\/revisions"}],"predecessor-version":[{"id":46,"href":"https:\/\/portal.uern.br\/natal\/dt\/wp-json\/wp\/v2\/pages\/45\/revisions\/46"}],"wp:attachment":[{"href":"https:\/\/portal.uern.br\/natal\/dt\/wp-json\/wp\/v2\/media?parent=45"}],"curies":[{"name":"wp","href":"https:\/\/api.w.org\/{rel}","templated":true}]}}