{"id":43,"date":"2022-11-04T15:19:04","date_gmt":"2022-11-04T18:19:04","guid":{"rendered":"https:\/\/paisdemossoro.com.br\/wordpress\/natal\/turismo\/?page_id=43"},"modified":"2022-11-04T15:19:04","modified_gmt":"2022-11-04T18:19:04","slug":"observatorio-de-turismo-do-rn","status":"publish","type":"page","link":"https:\/\/portal.uern.br\/natal\/dt\/observatorio-de-turismo-do-rn\/","title":{"rendered":"OBSERVAT\u00d3RIO DE TURISMO DO RN"},"content":{"rendered":"<p><strong>COORDENADOR:<\/strong><br \/>\nProf. Dr. Sidcley D\u2019sordi Alves Alegrini da Silva<\/p>\n<p><strong>RESUMO DO PROJETO<\/strong><\/p>\n<p>O Observat\u00f3rio do Turismo do Rio Grande do Norte \u2013 OBSERVATUR\/RN, atualmente implantado e funcionando no Campus de Natal da UERN, \u00e9 um espa\u00e7o destinado ao fomento do turismo potiguar, fazendo com que o destino tur\u00edstico RN torne-se mais competitivo e consequentemente gere mais oportunidades de desenvolvimento para o Estado e para a sua popula\u00e7\u00e3o, apresentando-se bons cen\u00e1rios e perspectivas para atividade tur\u00edstica no RN. Sendo assim, o OBSERVATUR\/RN tem como objetivo geral: analisar o comportamento do turista potiguar, al\u00e9m de objetivos espec\u00edficos claros como, levantar informa\u00e7\u00f5es sobre o turismo do RN; compilar dados estat\u00edsticos do turismo potiguar e analisar as informa\u00e7\u00f5es obtidas em pesquisa de demanda tur\u00edstica. A miss\u00e3o do observat\u00f3rio \u00e9 ser um instrumento social, facilitador de gest\u00e3o, informa\u00e7\u00f5es e debate, funcionando como um instrumento t\u00e9cnico, catalisador, polifuncional e descentralizado, planejado e administrado de forma participativa, com estabilidade e autonomia. Com isto, este projeto de pesquisa justifica-se pela necessidade de continuar auxiliando a iniciativa p\u00fablica e privada na tomada de decis\u00f5es de natureza tur\u00edstica, monitorando-se a atividade no Estado atrav\u00e9s de uma metodologia calcada em pesquisas de campo, com dados prim\u00e1rios oriundos de question\u00e1rios aplicados nos principais port\u00f5es de entrada de turistas no RN, a saber: Aeroporto Internacional Alu\u00edzio Alves, Rodovi\u00e1rias de Natal, Mossor\u00f3, Caic\u00f3 e Pau dos Ferros e nos principais atrativos tur\u00edsticos dos munic\u00edpios de Tibau do Sul e Natal, cujos dados s\u00e3o tratados estatisticamente com vistas \u00e0 elabora\u00e7\u00e3o de documentos oficiais que norteiem investidores privados e oriente o poder p\u00fablico na elabora\u00e7\u00e3o de pol\u00edticas p\u00fablicas de fomento tur\u00edstico. A proposta de cria\u00e7\u00e3o do OBSERVATUR\/RN surgiu durante a Reuni\u00e3o do Conselho Estadual de Turismo do RN \u2013 CONETUR, onde foi realizado um compromisso p\u00fablico para realiza\u00e7\u00f5es das primeiras pesquisas de demanda tur\u00edstica no RN, realizadas em setembro de 2017, em seguida em janeiro de 2018 e seguem at\u00e9 os dias atuais. Tais pesquisas contam com o apoio da Universidade do Estado do Rio Grande do Norte \u2013 UERN (coordenadora do projeto), da Universidade Potiguar \u2013 UnP, da Universidade Federal do Rio Grande do Norte \u2013 UFRN, do Instituto Federal de Educa\u00e7\u00e3o, Ci\u00eancia e Tecnologia \u2013 IFRN, da Secretaria de Estado de Turismo \u2013 SETUR\/RN, da Secretaria Municipal de Turismo \u2013 SETUR\/Natal, da Empresa Potiguar de Promo\u00e7\u00e3o Tur\u00edstica \u2013 EMPROTUR e do Sindicato dos Bugueiros do RN, financiadas pela Federa\u00e7\u00e3o do Com\u00e9rcio de bens, Servi\u00e7os e Turismo do Estado do RN \u2013 FECOMERCIO\/RN, onde nas referidas investiga\u00e7\u00f5es foram aplicados 583 question\u00e1rios em setembro de 2017, 841 question\u00e1rios em janeiro de 2018, 901 em maio de 2018, 900 em setembro de 2018 e 1021 em janeiro de 2019, estabelecendo-se, assim, o perfil do visitante nacional e estrangeiro que visita o Estado do RN. \u00c9 fundamental salientar que os pesquisadores\/bolsistas foram selecionados junto ao curso de turismo do Campus de Natal da UERN, da UnP, da UFRN e do IFRN. No caso da UERN foram selecionados 05 pesquisadores tempor\u00e1rios, um bolsista PIBIC (Edital 02\/2017) e ainda 02 pesquisadores\/bolsistas permanentes, os dois \u00faltimos trabalham continuamente em pesquisas permanentes e intermedi\u00e1rias junto ao grupo proponente\/financiador e s\u00e3o contratados pela Secretaria Municipal de Turismo de Natal \u2013 SETUR\/Natal atrav\u00e9s do Centro de Integra\u00e7\u00e3o Empresa-Escola \u2013 CIEE, fornecendo dados prim\u00e1rios constantes sobre a qualidade do produto tur\u00edstico natalense, as motiva\u00e7\u00f5es tur\u00edsticas dos seus visitantes, os gastos m\u00e9dios, a origem, dentre outros aspectos relevantes ao perfil do turista potiguar. Conclui-se, assim, que o OBSERVATUR \u00e9 de fundamental import\u00e2ncia na contribui\u00e7\u00e3o do desenvolvimento econ\u00f4mico e social do RN atrav\u00e9s do turismo.<\/p>\n<p><strong>PALAVRAS-CHAVE<\/strong><br \/>\nTurismo, Rio Grande do Norte, Observat\u00f3rio, Campus de Natal\/UERN<\/p>\n<p><strong>OBJETIVO GERAL<\/strong><br \/>\nAnalisar o comportamento do turista potiguar.<\/p>\n<p><strong>OBJETIVOS ESPEC\u00cdFICOS<\/strong><\/p>\n<ul>\n<li>Levantar informa\u00e7\u00f5es sobre o turismo do RN;<\/li>\n<li>Compilar dados estat\u00edsticos do turismo potiguar;<\/li>\n<li>Analisar as informa\u00e7\u00f5es obtidas em pesquisa de demanda tur\u00edstica;<\/li>\n<li>Orientar pesquisas cient\u00edficas relacionadas ao turismo do RN.<\/li>\n<\/ul>\n<p><strong>SITE<\/strong><br \/>\n<a href=\"http:\/\/tradeturisticorn.fecomerciorn.com.br\/index.php\/apresentacao\/\">Apresenta\u00e7\u00e3o<\/a><\/p>\n","protected":false},"excerpt":{"rendered":"<p>COORDENADOR: Prof. Dr. Sidcley D\u2019sordi Alves Alegrini da Silva RESUMO DO PROJETO O Observat\u00f3rio do Turismo do Rio Grande do Norte \u2013 OBSERVATUR\/RN, atualmente implantado e funcionando no Campus de Natal da UERN, \u00e9 um espa\u00e7o destinado ao fomento do turismo potiguar, fazendo com que o destino tur\u00edstico RN torne-se mais competitivo e consequentemente gere [&hellip;]<\/p>\n","protected":false},"author":1,"featured_media":0,"parent":0,"menu_order":0,"comment_status":"closed","ping_status":"closed","template":"","meta":{"footnotes":""},"class_list":["post-43","page","type-page","status-publish","hentry"],"_links":{"self":[{"href":"https:\/\/portal.uern.br\/natal\/dt\/wp-json\/wp\/v2\/pages\/43","targetHints":{"allow":["GET"]}}],"collection":[{"href":"https:\/\/portal.uern.br\/natal\/dt\/wp-json\/wp\/v2\/pages"}],"about":[{"href":"https:\/\/portal.uern.br\/natal\/dt\/wp-json\/wp\/v2\/types\/page"}],"author":[{"embeddable":true,"href":"https:\/\/portal.uern.br\/natal\/dt\/wp-json\/wp\/v2\/users\/1"}],"replies":[{"embeddable":true,"href":"https:\/\/portal.uern.br\/natal\/dt\/wp-json\/wp\/v2\/comments?post=43"}],"version-history":[{"count":1,"href":"https:\/\/portal.uern.br\/natal\/dt\/wp-json\/wp\/v2\/pages\/43\/revisions"}],"predecessor-version":[{"id":44,"href":"https:\/\/portal.uern.br\/natal\/dt\/wp-json\/wp\/v2\/pages\/43\/revisions\/44"}],"wp:attachment":[{"href":"https:\/\/portal.uern.br\/natal\/dt\/wp-json\/wp\/v2\/media?parent=43"}],"curies":[{"name":"wp","href":"https:\/\/api.w.org\/{rel}","templated":true}]}}