{"id":41,"date":"2022-11-04T15:18:10","date_gmt":"2022-11-04T18:18:10","guid":{"rendered":"https:\/\/paisdemossoro.com.br\/wordpress\/natal\/turismo\/?page_id=41"},"modified":"2022-11-04T15:18:10","modified_gmt":"2022-11-04T18:18:10","slug":"geoturismo-e-patrimonio-geomorfologico-na-regiao-central-potiguar","status":"publish","type":"page","link":"https:\/\/portal.uern.br\/natal\/dt\/geoturismo-e-patrimonio-geomorfologico-na-regiao-central-potiguar\/","title":{"rendered":"GEOTURISMO E PATRIM\u00d4NIO GEOMORFOL\u00d3GICO NA REGI\u00c3O CENTRAL POTIGUAR"},"content":{"rendered":"<p><strong>COORDENADORA<\/strong><\/p>\n<p>Profa. Dra. Silvana Praxedes de Paiva Gurgel<\/p>\n<p><strong>RESUMO DO PROJETO<\/strong><\/p>\n<p>O patrim\u00f4nio geomorfol\u00f3gico comp\u00f5e o patrim\u00f4nio natural definido pela UNESCO, ele consiste o conjunto de fei\u00e7\u00f5es geomorfol\u00f3gicas, mapeados em diferentes escalas e delimitados em geoss\u00edtios, tamb\u00e9m denominados geomorfoss\u00edtios, podendo ser utilizados para diversos fins de ordem econ\u00f4mica ou cientifica, dada as suas caracter\u00edsticas e relev\u00e2ncia identificadas por um invent\u00e1rio. A identifica\u00e7\u00e3o deste patrim\u00f4nio o faz potencial \u201crecurso\u201d de desenvolvimento do turismo local e promo\u00e7\u00e3o da geoconserva\u00e7\u00e3o por meio do geoturismo, segmento com foco na divulga\u00e7\u00e3o dos conhecimentos sobre a geodiversidade e sua prote\u00e7\u00e3o. O presente projeto pretende mapear o patrim\u00f4nio geomorfol\u00f3gico da por\u00e7\u00e3o Setentrional do Planalto da Borborema, Rio Grande do Norte, Nordeste do Brasil. Este mapeamento ocorrer\u00e1 pela integra\u00e7\u00e3o de Sistemas de Informa\u00e7\u00f5es Geogr\u00e1ficas \u2013 SIG e Sensoriamento Remoto, com representa\u00e7\u00e3o final na escala 1:50.000, auxiliados pela adapta\u00e7\u00e3o e aplica\u00e7\u00e3o instrumentos oficiais de invent\u00e1rio, sendo dois nacionais e um internacional: Invent\u00e1rio da Oferta Tur\u00edstica, Categoria C1 \u2013 Atrativos Naturais (Minist\u00e9rio do Turismo), Inventario da Comiss\u00e3o Brasileira de S\u00edtios Geol\u00f3gicos e Paleobiol\u00f3gicos \u2013 SIGEP; Invent\u00e1rio da Associa\u00e7\u00e3o Europeia para a Conserva\u00e7\u00e3o do Patrim\u00f3nio Geol\u00f3gico \u2013 PROGEO (Portugal), para constru\u00e7\u00e3o de instrumento \u00fanico de invent\u00e1rio dos monumentos geomorfol\u00f3gicos, e posterior aplica\u00e7\u00e3o \u00e0 por\u00e7\u00e3o Setentrional do Planalto da Borborema. Baseando-se nos m\u00e9todos propostos o presente projeto subsidiar\u00e1 o planejamento ambiental e a geoconserva\u00e7\u00e3o do patrim\u00f4nio geomorfol\u00f3gico local. A \u00e1rea de estudo possui um potencial paisag\u00edstico e de geodiversidade peculiar, \u00e9 uma \u00e1rea economicamente carente, portanto fomentar novas op\u00e7\u00f5es de turismo, atrav\u00e9s da interioriza\u00e7\u00e3o \u00e9 de grande import\u00e2ncia.<\/p>\n<p><strong>PALAVRAS-CHAVE<\/strong><\/p>\n<p>Geomorfologia, Geoconserva\u00e7\u00e3o, Mapeamento Geomorfol\u00f3gico, Geoturismo, Patrim\u00f4nio Geomorfol\u00f3gico<\/p>\n<p><strong>OBJETIVO GERAL<\/strong><\/p>\n<p>Mapear o patrim\u00f4nio geomorfol\u00f3gico da por\u00e7\u00e3o Setentrional do Planalto da Borborema, Rio Grande do Norte, Nordeste do Brasil. Este mapeamento visa a identifica\u00e7\u00e3o do Patrim\u00f4nio Geomorfol\u00f3gico da regi\u00e3o central do referido Estado, por meio da elabora\u00e7\u00e3o e aplica\u00e7\u00e3o de instrumentos de inventaria\u00e7\u00e3o dos monumentos geomorfol\u00f3gicos como serras, picos, incelbergs, escarpas monumentais, entre outras fei\u00e7\u00f5es baseando-se em informa\u00e7\u00f5es coletadas em campo e balizadas com informa\u00e7\u00f5es geradas pela integra\u00e7\u00e3o de SIG e Sensoriamento Remoto, com representa\u00e7\u00e3o final na escala 1:50.000, como subs\u00eddio \u00e0 geoconserva\u00e7\u00e3o do patrim\u00f4nio geomorfol\u00f3gico, assim como, ao planejamento ambiental.<\/p>\n<p><strong>OBJETIVOS ESPEC\u00cdFICOS<\/strong><\/p>\n<p>Adapta\u00e7\u00e3o de tr\u00eas instrumentos oficiais de invent\u00e1rio, sendo dois nacionais e um internacional: Invent\u00e1rio da Oferta Tur\u00edstica, Categoria C1 \u2013 Atrativos Naturais (Minist\u00e9rio do Turismo), Inventario da Comiss\u00e3o Brasileira de S\u00edtios Geol\u00f3gicos e Paleobiol\u00f3gicos \u2013 SIGEP; Invent\u00e1rio da Associa\u00e7\u00e3o Europeia para a Conserva\u00e7\u00e3o do Patrim\u00f3nio Geol\u00f3gico \u2013 PROGEO (Portugal), para constru\u00e7\u00e3o de instrumento \u00fanico de invent\u00e1rio dos monumentos geomorfol\u00f3gicos, para a aplica\u00e7\u00e3o \u00e0 por\u00e7\u00e3o Setentrional do Planalto da Borborema;<\/p>\n<ul>\n<li>Formular banco de dados geoespaciais com os dados gerados na inventaria\u00e7\u00e3o dos monumentos geomorfol\u00f3gicos da \u00e1rea de estudos;<\/li>\n<li>Delimitar geoss\u00edtios ou geomorfoss\u00edtios para identifica\u00e7\u00e3o do patrim\u00f4nio geomorfol\u00f3gico da \u00e1rea de estudos;<\/li>\n<li>Delimitar \u00e1reas que do ponto de vista da legisla\u00e7\u00e3o ambiental vigente em \u00e2mbito municipal, estadual ou federal, que se enquadrem em \u00e1reas pertencentes ao patrim\u00f4nio natural e \u00e1reas de preserva\u00e7\u00e3o de acordo com o Sistema Nacional de Unidades Conserva\u00e7\u00e3o \u2013 SNUC;<\/li>\n<li>Avaliar o estado de conserva\u00e7\u00e3o dos geomorfoss\u00edtios delimitados pelos instrumentos de inventaria\u00e7\u00e3o;<\/li>\n<li>Espacializar os dados coletados para a constru\u00e7\u00e3o de um Sistema de Informa\u00e7\u00e3o Geogr\u00e1ficas \u2013 SIG da \u00e1rea;<\/li>\n<li>Elaborar roteiros de geoturismo utilizando os geomorfoss\u00edtios mapeados, como forma de promover a divulga\u00e7\u00e3o do Patrim\u00f4nio Geomorfol\u00f3gico para promo\u00e7\u00e3o da geoconserva\u00e7\u00e3o;<\/li>\n<li>Elaborar mapas tem\u00e1ticos com vistas a localiza\u00e7\u00e3o dos geomorfoss\u00edtios, de roteiros de geoturismo, da avalia\u00e7\u00e3o da degrada\u00e7\u00e3o, assim como a conserva\u00e7\u00e3o da \u00e1rea de estudo.<\/li>\n<\/ul>\n","protected":false},"excerpt":{"rendered":"<p>COORDENADORA Profa. Dra. Silvana Praxedes de Paiva Gurgel RESUMO DO PROJETO O patrim\u00f4nio geomorfol\u00f3gico comp\u00f5e o patrim\u00f4nio natural definido pela UNESCO, ele consiste o conjunto de fei\u00e7\u00f5es geomorfol\u00f3gicas, mapeados em diferentes escalas e delimitados em geoss\u00edtios, tamb\u00e9m denominados geomorfoss\u00edtios, podendo ser utilizados para diversos fins de ordem econ\u00f4mica ou cientifica, dada as suas caracter\u00edsticas e [&hellip;]<\/p>\n","protected":false},"author":1,"featured_media":0,"parent":0,"menu_order":0,"comment_status":"closed","ping_status":"closed","template":"","meta":{"footnotes":""},"class_list":["post-41","page","type-page","status-publish","hentry"],"_links":{"self":[{"href":"https:\/\/portal.uern.br\/natal\/dt\/wp-json\/wp\/v2\/pages\/41","targetHints":{"allow":["GET"]}}],"collection":[{"href":"https:\/\/portal.uern.br\/natal\/dt\/wp-json\/wp\/v2\/pages"}],"about":[{"href":"https:\/\/portal.uern.br\/natal\/dt\/wp-json\/wp\/v2\/types\/page"}],"author":[{"embeddable":true,"href":"https:\/\/portal.uern.br\/natal\/dt\/wp-json\/wp\/v2\/users\/1"}],"replies":[{"embeddable":true,"href":"https:\/\/portal.uern.br\/natal\/dt\/wp-json\/wp\/v2\/comments?post=41"}],"version-history":[{"count":1,"href":"https:\/\/portal.uern.br\/natal\/dt\/wp-json\/wp\/v2\/pages\/41\/revisions"}],"predecessor-version":[{"id":42,"href":"https:\/\/portal.uern.br\/natal\/dt\/wp-json\/wp\/v2\/pages\/41\/revisions\/42"}],"wp:attachment":[{"href":"https:\/\/portal.uern.br\/natal\/dt\/wp-json\/wp\/v2\/media?parent=41"}],"curies":[{"name":"wp","href":"https:\/\/api.w.org\/{rel}","templated":true}]}}