{"id":297,"date":"2023-02-23T15:37:28","date_gmt":"2023-02-23T18:37:28","guid":{"rendered":"https:\/\/portal.uern.br\/natal\/dt\/?page_id=297"},"modified":"2023-02-23T15:37:28","modified_gmt":"2023-02-23T18:37:28","slug":"criatividade-e-inovacao","status":"publish","type":"page","link":"https:\/\/portal.uern.br\/natal\/dt\/criatividade-e-inovacao\/","title":{"rendered":"Criatividade e Inova\u00e7\u00e3o"},"content":{"rendered":"<p><strong>Criatividade e Inova\u00e7\u00e3o: Pegadas e Futuros Passos para a Constru\u00e7\u00e3o de uma Identidade Profissional Docente<\/strong><\/p>\n<p><strong>COORDENADOR(A)<\/strong><\/p>\n<p>Jarileide Cipriano da Silva Nasi<\/p>\n<p><strong>Equipe Executora<\/strong><\/p>\n<p>Mar\u00edlia Medeiros \u2013 Docente<\/p>\n<p>Marilene Campos do R\u00eago \u2013 Docente<\/p>\n<p>Carla Lenes Vieira de Ara\u00fajo \u2013 Discente<\/p>\n<p>Clara Beatriz Vieira de Ara\u00fajo G\u00f3is \u2013 Discente<\/p>\n<p><strong>RESUMO DA A\u00c7\u00c3O<\/strong><\/p>\n<p>Trata-se da cria\u00e7\u00e3o de um laborat\u00f3rio \u2013 Laborat\u00f3rio de Inova\u00e7\u00e3o e Criatividade da UERN\/CAN (LIC) \u2013 (e futuro N\u00facleo \u2013 N\u00facleo de Inova\u00e7\u00e3o e Criatividade da UERN\/CAN \u2013 NIC) \u2013 para a pr\u00e1tica e a constru\u00e7a\u00f5 de uma identidade profissional docente, com oportunidades relevantes para est\u00edmulo a comunidade acad\u00eamica dos cursos de Direito, Ci\u00eancia e Tecnologia, Ci\u00eancia da Computa\u00e7\u00e3o, Turismo e Ci\u00eancias da Religi\u00e3o do Campus da UERN\/Natal. Constituir-se-\u00e1 em um espa\u00e7o no qual os alunos (os alunos do curso de Turismo inicialmente e posteriormente dos demais cursos) da UERN\/CAN ir\u00e3o estudar, pesquisar, elaborar, propor, exercitar, experimentar, vivenciar caminhos metodol\u00f3gicos para a constru\u00e7\u00e3o de uma identidade profissional regulamentada no Projeto Pol\u00edtico Pedag\u00f3gico \u2013 PPC \u2013 do Curso a ser apresentado em 2021 e consolidado em 2022 conforme as novas exig\u00eancias no \u00e2mbito acad\u00eamico (como a Curriculariza\u00e7\u00e3o da Extens\u00e3o, etc) e mercadol\u00f3gico. O Laborat\u00f3rio\/N\u00facleo de Inova\u00e7\u00e3o e Criatividade da UERN\/CAN \u2013 LIC\/NIC \u2013 ser\u00e1 composto por docentes e\/ou profissionais detentores de reconhecido saber nas tem\u00e1ticas dentro da \u00e1rea de conhecimento\/forma\u00e7\u00e3o a serem abordadas em cada curso. Espera-se que esse as a\u00e7\u00f5es realizadas nesse espa\u00e7o promovam entre discentes e docentes do campus uma maior e melhor intera\u00e7\u00e3o m\u00fatua para o conhecimento cient\u00edfico e tecnol\u00f3gico vinculados com as demandas sociais e temporais de nossa regi\u00e3o, al\u00e9m de favorecer uma forma\u00e7\u00e3o complementar que amplifique o ensino de gradua\u00e7\u00e3o para al\u00e9m do momento de sala de aula e componentes convencionais das matrizes curriculares. Este projeto possui como objetivo incrementar a forma\u00e7\u00e3o dos estudantes do Bacharelado em Turismo do curso de Turismo da UERN\/CAN, a partir da orienta\u00e7\u00e3o, planejamento e produ\u00e7\u00e3o de sequ\u00eancias did\u00e1ticas com conte\u00fados espec\u00edficos para Turismo. Esta proposta abrange a experi\u00eancia formativa, ao voltar-se para \u00e0 mobiliza\u00e7\u00e3o de saberes necess\u00e1rios \u00e0 pr\u00e1tica docente do componente curricular do Turismo. Este trabalho pedag\u00f3gico inspira-se nas a\u00e7\u00f5es exitosas desenvolvidas anteriormente no Curso de Turismo realizado no Campus de Natal no per\u00edodo de 2001-2021, e, que, faz parte da hist\u00f3ria dos cursos de Turismo das IES do Brasil, sendo bastante significativo para os sujeitos envolvidos tanto na forma\u00e7\u00e3o quanto na atua\u00e7\u00e3o do docente do Turismo. A proposta aqui apresentada pretende desenvolver na forma\u00e7\u00e3o de bacharelandos em Turismo a compreens\u00e3o do conceito de sequ\u00eancias did\u00e1ticas e a sua organiza\u00e7\u00e3o no ambiente de planejamento e desenvolvimento de aulas, tomando como quadro te\u00f3rico-epistemol\u00f3gico as orienta\u00e7\u00f5es dadas em Zabala (2016) e as orienta\u00e7\u00f5es sobre os g\u00eaneros discursivos presentes em Bakhtin (2010; 2017). Para tanto, a equipe deste projeto participar\u00e1 dos momentos de estudo e planejamento dos encontros mensais promovidos pela equipe do MIP que se realiza no CAN. Pretende-se ainda como resultado que os participantes mobilizem saberes espec\u00edficos \u00e0 pr\u00e1tica docente dessa disciplina no \u00e2mbito contempor\u00e2neo, respeitando a diversidade cultural dos estudantes de Turismo para produzir conhecimento com base cient\u00edfica e voltado para as mudan\u00e7as necess\u00e1rias que a universidade necessita. Este projeto possui como objetivo apresentar, de forma interativa e did\u00e1tica, os produtos de 19 anos de trabalho do Curso de Turismo da UERN\/CAN, como imagens, mapas, pesquisas, aplicativos, linha do tempo, etc.<\/p>\n","protected":false},"excerpt":{"rendered":"<p>Criatividade e Inova\u00e7\u00e3o: Pegadas e Futuros Passos para a Constru\u00e7\u00e3o de uma Identidade Profissional Docente COORDENADOR(A) Jarileide Cipriano da Silva Nasi Equipe Executora Mar\u00edlia Medeiros \u2013 Docente Marilene Campos do R\u00eago \u2013 Docente Carla Lenes Vieira de Ara\u00fajo \u2013 Discente Clara Beatriz Vieira de Ara\u00fajo G\u00f3is \u2013 Discente RESUMO DA A\u00c7\u00c3O Trata-se da cria\u00e7\u00e3o de [&hellip;]<\/p>\n","protected":false},"author":1,"featured_media":0,"parent":0,"menu_order":0,"comment_status":"closed","ping_status":"closed","template":"","meta":{"footnotes":""},"class_list":["post-297","page","type-page","status-publish","hentry"],"_links":{"self":[{"href":"https:\/\/portal.uern.br\/natal\/dt\/wp-json\/wp\/v2\/pages\/297","targetHints":{"allow":["GET"]}}],"collection":[{"href":"https:\/\/portal.uern.br\/natal\/dt\/wp-json\/wp\/v2\/pages"}],"about":[{"href":"https:\/\/portal.uern.br\/natal\/dt\/wp-json\/wp\/v2\/types\/page"}],"author":[{"embeddable":true,"href":"https:\/\/portal.uern.br\/natal\/dt\/wp-json\/wp\/v2\/users\/1"}],"replies":[{"embeddable":true,"href":"https:\/\/portal.uern.br\/natal\/dt\/wp-json\/wp\/v2\/comments?post=297"}],"version-history":[{"count":1,"href":"https:\/\/portal.uern.br\/natal\/dt\/wp-json\/wp\/v2\/pages\/297\/revisions"}],"predecessor-version":[{"id":298,"href":"https:\/\/portal.uern.br\/natal\/dt\/wp-json\/wp\/v2\/pages\/297\/revisions\/298"}],"wp:attachment":[{"href":"https:\/\/portal.uern.br\/natal\/dt\/wp-json\/wp\/v2\/media?parent=297"}],"curies":[{"name":"wp","href":"https:\/\/api.w.org\/{rel}","templated":true}]}}