{"id":279,"date":"2023-02-23T15:10:26","date_gmt":"2023-02-23T18:10:26","guid":{"rendered":"https:\/\/portal.uern.br\/natal\/dt\/?page_id=279"},"modified":"2023-02-23T15:10:26","modified_gmt":"2023-02-23T18:10:26","slug":"catalogo","status":"publish","type":"page","link":"https:\/\/portal.uern.br\/natal\/dt\/catalogo\/","title":{"rendered":"Cat\u00e1logo"},"content":{"rendered":"<h4><strong>CAT\u00c1LOGO TCCs<\/strong><\/h4>\n<h5><strong>2018<\/strong><\/h5>\n<p><a href=\"http:\/\/natal.uern.br\/turismo\/wp-content\/uploads\/2019\/07\/A-IMPORT%C3%82NCIA-DO-PLANEJAMENTO-TUR%C3%8DSTICO-COMO-INDUTOR-DO-DESENVOLVIMENTO-O-CASO-DO-MUNIC%C3%8DPIO-DE-PEDRO-VELHO-RN.pdf\">A IMPORT\u00c2NCIA DO PLANEJAMENTO TUR\u00cdSTICO COMO INDUTOR DO DESENVOLVIMENTO O CASO DO MUNIC\u00cdPIO DE PEDRO VELHO RN<\/a><br \/>\n<a href=\"http:\/\/natal.uern.br\/turismo\/wp-content\/uploads\/2019\/07\/AN%C3%81LISE-SOBRE-O-SEGMENTO-TUR%C3%8DSTICO-LGBT-L%C3%89SBICAS-GAYS-BISSEXUAIS-TRAVESTIS-TRANSEXUAIS-E-TRANSG%C3%8ANEROS-POR-PARTE-DOS-RECEPCIONISTAS-DOS-HOT%C3%89IS-DO-BAIRRO-DE-PONTA-NEGRA-EM-NATAL-RN.pdf\">AN\u00c1LISE SOBRE O SEGMENTO TUR\u00cdSTICO LGBT (L\u00c9SBICAS, GAYS, BISSEXUAIS, TRAVESTIS, TRANSEXUAIS E TRANSG\u00caNEROS) POR PARTE DOS RECEPCIONISTAS DOS HOT\u00c9IS DO BAIRRO DE PONTA NEGRA EM NATAL RN<\/a><br \/>\n<a href=\"http:\/\/natal.uern.br\/turismo\/wp-content\/uploads\/2019\/07\/ATRATIVO-TUR%C3%8DSTICO-E-EMPREENDEDORISMO-UM-ESTUDO-NA-CECAFES-RN.pdf\">ATRATIVO TUR\u00cdSTICO E EMPREENDEDORISMO UM ESTUDO NA CECAFES RN<\/a><br \/>\n<a href=\"http:\/\/natal.uern.br\/turismo\/wp-content\/uploads\/2019\/07\/CARACTERIZA%C3%87%C3%83O-DA-VISITA%C3%87%C3%83O-TUR%C3%8DSTICA-AO-ENGENHO-DE-CUNHA%C3%9A-EM-CANGUARETAMA-RN-SOB-O-PONTO-DE-VISTA-CULTURAL-E-RELIGIOSO..pdf\">CARACTERIZA\u00c7\u00c3O DA VISITA\u00c7\u00c3O TUR\u00cdSTICA AO ENGENHO DE CUNHA\u00da, EM CANGUARETAMA RN, SOB O PONTO DE VISTA CULTURAL E RELIGIOSO.<\/a><br \/>\n<a href=\"http:\/\/natal.uern.br\/turismo\/wp-content\/uploads\/2019\/07\/OBSERVAT%C3%93RIO-DE-TURISMO-DO-RIO-GRANDE-DO-NORTE-UM-ESTUDO-DE-CASO-DOS-CEN%C3%81RIOS-E-PERSPECTIVAS.pdf\">OBSERVAT\u00d3RIO DE TURISMO DO RIO GRANDE DO NORTE UM ESTUDO DE CASO DOS CEN\u00c1RIOS E PERSPECTIVAS<\/a><br \/>\n<a href=\"http:\/\/natal.uern.br\/turismo\/wp-content\/uploads\/2019\/07\/PROPOSTA-DE-ROTEIRO-A-PARTIR-DA-INVENTARIA%C3%87%C3%83O-DE-GEOMORFOSSITIOS-COM-VISTA-AO-GEOTURISMO-NO-MUNICIPIO-DE-FERNANDO-PEDROZA-NA-REGI%C3%83O-CENTRAL-DO-RIO-GRANDE-DO-NORTE.pdf\">PROPOSTA DE ROTEIRO A PARTIR DA INVENTARIA\u00c7\u00c3O DE GEOMORFOSSITIOS COM VISTA AO GEOTURISMO NO MUNICIPIO DE FERNANDO PEDROZA NA REGI\u00c3O CENTRAL DO RIO GRANDE DO NORTE<\/a><br \/>\n<a href=\"http:\/\/natal.uern.br\/turismo\/wp-content\/uploads\/2019\/07\/QUALIDADE-DO-SERVI%C3%87O-DE-TRANSPORTE-UBER-UM-ESTUDO-SOBRE-A-SATISFA%C3%87%C3%83O-DOS-TURISTAS-QUE-VISITAM-A-CIDADE-DE-NATALRN.pdf\">QUALIDADE DO SERVI\u00c7O DE TRANSPORTE UBER UM ESTUDO SOBRE A SATISFA\u00c7\u00c3O DOS TURISTAS QUE VISITAM A CIDADE DE NATALRN<\/a><br \/>\n<a href=\"http:\/\/natal.uern.br\/turismo\/wp-content\/uploads\/2019\/07\/QUALIDADE-NOS-SERVI%C3%87OS-TUR%C3%8DSTICOS-REFERENTES-A-ALIMENTOS-E-BEBIDAS-NA-PRAIA-ARRAIAL-DO-MARCO-RN.pdf\">QUALIDADE NOS SERVI\u00c7OS TUR\u00cdSTICOS REFERENTES A ALIMENTOS E BEBIDAS NA PRAIA ARRAIAL DO MARCO RN<\/a><br \/>\n<a href=\"http:\/\/natal.uern.br\/turismo\/wp-content\/uploads\/2019\/07\/TURISMO-E-COMUNIDADE-LOCAL-A-RELA%C3%87%C3%83O-ENTRE-OS-PESCADORES-ARTESANAIS-E-OS-PRATICANTES-DE-ESPORTES-N%C3%81UTICOS-NO-USO-DA-ORLA-EM-S%C3%83O-MIGUEL-DO-GOSTOSO-RN.pdf\">TURISMO E COMUNIDADE LOCAL A RELA\u00c7\u00c3O ENTRE OS PESCADORES ARTESANAIS E OS PRATICANTES DE ESPORTES N\u00c1UTICOS NO USO DA ORLA EM S\u00c3O MIGUEL DO GOSTOSO RN<\/a><br \/>\n<a href=\"http:\/\/natal.uern.br\/turismo\/wp-content\/uploads\/2019\/07\/TURISMO-E-DESENVOLVIMENTO-LOCAL-O-IMPACTO-SOCIOECON%C3%94MICO-DO-TURISMO-NAS-ORGANIZA%C3%87%C3%95ES-DE-MULHERES-ARTES%C3%83S-DA-VILA-DE-PONTA-NEGRA-COM-ENFOQUE-NA-RENDA-DE-BILRO-NATAL-RN.pdf\">TURISMO E DESENVOLVIMENTO LOCAL O IMPACTO SOCIOECON\u00d4MICO DO TURISMO NAS ORGANIZA\u00c7\u00d5ES DE MULHERES ARTES\u00c3S DA VILA DE PONTA NEGRA COM ENFOQUE NA RENDA DE BILRO NATAL RN<\/a><br \/>\n<a href=\"http:\/\/natal.uern.br\/turismo\/wp-content\/uploads\/2019\/07\/TURISMO-RELIGIOSO-UM-ESTUDO-DA-FESTA-DE-SANT%E2%80%99ANA-PADROEIRA-DA-CIDADE-DE-CAMPO-GRANDE-RN-EM-SUA-INFLU%C3%8ANCIA-ECON%C3%94MICA-E-S%C3%93CIOCULTURAL-NO-MUNIC%C3%8DPIO.pdf\">TURISMO RELIGIOSO UM ESTUDO DA FESTA DE SANT\u2019ANA, PADROEIRA DA CIDADE DE CAMPO GRANDE RN, EM SUA INFLU\u00caNCIA ECON\u00d4MICA E S\u00d3CIOCULTURAL NO MUNIC\u00cdPIO<\/a><\/p>\n<p><strong>2017<\/strong><\/p>\n<p><a href=\"http:\/\/natal.uern.br\/turismo\/wp-content\/uploads\/2019\/07\/A-IMPORT%C3%82NCIA-DAS-M%C3%8DDIAS-SOCIAIS-UM-ESTUDO-DO-RECLAME-AQUI-NO-%C3%82MBITO-TUR%C3%8DSTICO.pdf\">A IMPORT\u00c2NCIA DAS M\u00cdDIAS SOCIAIS UM ESTUDO DO RECLAME AQUI NO \u00c2MBITO TUR\u00cdSTICO<\/a><br \/>\n<a href=\"http:\/\/natal.uern.br\/turismo\/wp-content\/uploads\/2019\/07\/A-INFLU%C3%8ANCIA-DAS-POL%C3%8DTICAS-P%C3%9ABLICAS-DO-TURISMO-NO-DESENVOLVIMENTO-DA-ATIVIDADE-TUR%C3%8DSTICA-NA-CIDADE-DE-PUREZARN.pdf\">A INFLU\u00caNCIA DAS POL\u00cdTICAS P\u00daBLICAS DO TURISMO NO DESENVOLVIMENTO DA ATIVIDADE TUR\u00cdSTICA NA CIDADE DE PUREZARN<\/a><br \/>\n<a href=\"http:\/\/natal.uern.br\/turismo\/wp-content\/uploads\/2019\/07\/A-INFLU%C3%8ANCIA-DAS-REDES-SOCIAIS-NO-COMPORTAMENTO-DOS-TURISTAS-QUE-VISITAM-NATAL.pdf\">A INFLU\u00caNCIA DAS REDES SOCIAIS NO COMPORTAMENTO DOS TURISTAS QUE VISITAM NATAL<\/a><br \/>\n<a href=\"http:\/\/natal.uern.br\/turismo\/wp-content\/uploads\/2019\/07\/A-INFLU%C3%8ANCIA-QUE-O-EVENTO-FEST-BOSSA-E-JAZZ-EXERCE-SOBRE-O-TURISMO-DAS-LOCALIDADES-ONDE-OCORRE-UM-ESTUDO-NO-MUNIC%C3%8DPIO-DE-MOSSOR%C3%93-RN.pdf\">A INFLU\u00caNCIA QUE O EVENTO FEST BOSSA E JAZZ EXERCE SOBRE O TURISMO DAS LOCALIDADES ONDE OCORRE UM ESTUDO NO MUNIC\u00cdPIO DE MOSSOR\u00d3 RN<\/a><br \/>\n<a href=\"http:\/\/natal.uern.br\/turismo\/wp-content\/uploads\/2019\/07\/AG%C3%8ANCIAS-DE-VIAGENS-E-TECNOLOGIA-COM-ENFOQUE-NA-SATISFA%C3%87%C3%83O-DOS-CLIENTES-DAS-AG%C3%8ANCIAS-DE-VIAGENS-F%C3%8DSICAS-E-VIRTUAIS.pdf\">AG\u00caNCIAS DE VIAGENS E TECNOLOGIA, COM ENFOQUE NA SATISFA\u00c7\u00c3O DOS CLIENTES DAS AG\u00caNCIAS DE VIAGENS F\u00cdSICAS E VIRTUAIS<\/a><br \/>\n<a href=\"http:\/\/natal.uern.br\/turismo\/wp-content\/uploads\/2019\/07\/CARACTERIZA%C3%87%C3%83O-DAS-PR%C3%81TICAS-DE-DESENVOLVIMENTO-SUSTENT%C3%81VEL-DOS-MEIOS-DE-HOSPEDAGENS-EM-FERNANDO-DE-NORONHA-PE.pdf\">CARACTERIZA\u00c7\u00c3O DAS PR\u00c1TICAS DE DESENVOLVIMENTO SUSTENT\u00c1VEL DOS MEIOS DE HOSPEDAGENS EM FERNANDO DE NORONHA PE<\/a><br \/>\n<a href=\"http:\/\/natal.uern.br\/turismo\/wp-content\/uploads\/2019\/07\/GEOTURISMO-NA-MICRORREGI%C3%83O-DE-ANGICOS-RIO-GRANDE-DO-NORTE.pdf\">GEOTURISMO NA MICRORREGI\u00c3O DE ANGICOS, RIO GRANDE DO NORTE<\/a><br \/>\n<a href=\"http:\/\/natal.uern.br\/turismo\/wp-content\/uploads\/2019\/07\/POL%C3%8DTICAS-P%C3%9ABLICAS-DE-TURISMO-E-PARTICIPA%C3%87%C3%83O-DOS-ATORES-SOCIAIS-DO-TURISMO-NO-DESENVOLVIMENTO-LOCAL-DE-CANGUARETAMA-RN.pdf\">POL\u00cdTICAS P\u00daBLICAS DE TURISMO E PARTICIPA\u00c7\u00c3O DOS ATORES SOCIAIS DO TURISMO NO DESENVOLVIMENTO LOCAL DE CANGUARETAMA RN<\/a><\/p>\n<p><strong>2016<\/strong><\/p>\n<p><a href=\"http:\/\/natal.uern.br\/turismo\/wp-content\/uploads\/2019\/07\/AS-FERRAMENTAS-DO-MARKETING-A-FOTOGRAFIA-COMO-MEIO-DE-PROPAGANDA-TUR%C3%8DSTICA-NA-CIDADE-DO-NATAL.pdf\">AS FERRAMENTAS DO MARKETING A FOTOGRAFIA COMO MEIO DE PROPAGANDA TUR\u00cdSTICA NA CIDADE DO NATAL<\/a><br \/>\n<a href=\"http:\/\/natal.uern.br\/turismo\/wp-content\/uploads\/2019\/07\/EMPREENDENDO-NO-TURISMO-RURAL-DE-DONA-IN%C3%8AS-PB-PROPOSTA-DE-NEG%C3%93CIO-PARA-ABERTURA-DE-UMA-POUSADA-RURAL.pdf\">EMPREENDENDO NO TURISMO RURAL DE DONA IN\u00caS-PB PROPOSTA DE NEG\u00d3CIO PARA ABERTURA DE UMA POUSADA RURAL<\/a><br \/>\n<a href=\"http:\/\/natal.uern.br\/turismo\/wp-content\/uploads\/2019\/07\/TURISMO-E-RELIGIOSIDADE-UM-ESTUDO-EM-CARNA%C3%9ABA-DOS-DANTAS-%E2%80%93-RIO-GRANDE-DO-NORTE.pdf\">TURISMO E RELIGIOSIDADE UM ESTUDO EM CARNA\u00daBA DOS DANTAS \u2013 RIO GRANDE DO NORTE<\/a><\/p>\n<h5><strong>2015<\/strong><\/h5>\n<p><a href=\"http:\/\/natal.uern.br\/turismo\/wp-content\/uploads\/2019\/07\/A-FESTA-DO-PADROEIRO-BOM-JESUS-DOS-NAVEGANTES-1.pdf\">A FESTA DO PADROEIRO BOM JESUS DOS NAVEGANTES<\/a><br \/>\n<a href=\"http:\/\/natal.uern.br\/turismo\/wp-content\/uploads\/2019\/07\/A-IMAGEM-TURIST%C3%8DCA-DE-RIO-DO-FOGORN-NA-PERSPECTIVA-DO-TURISTA.pdf\">A IMAGEM TURIST\u00cdCA DE RIO DO FOGORN NA PERSPECTIVA DO TURISTA<\/a><br \/>\n<a href=\"http:\/\/natal.uern.br\/turismo\/wp-content\/uploads\/2019\/07\/A-INSER%C3%87%C3%83O-DA-MELHOR-IDADE-NAS-ATIVIDADES-DE-TURISMO-E-LAZER-NO-PARQUE-ESTADUAL.pdf\">A INSER\u00c7\u00c3O DA MELHOR IDADE NAS ATIVIDADES DE TURISMO E LAZER NO PARQUE ESTADUAL<\/a><br \/>\n<a href=\"http:\/\/natal.uern.br\/turismo\/wp-content\/uploads\/2019\/07\/A-PESQUISA-ACAD%C3%8AMICA-NO-CONTEXTO-BRASILEIRO-1.pdf\">A PESQUISA ACAD\u00caMICA NO CONTEXTO BRASILEIRO<\/a><br \/>\n<a href=\"http:\/\/natal.uern.br\/turismo\/wp-content\/uploads\/2019\/07\/AN%C3%81LISE-DA-PERCEP%C3%87%C3%83O-E-ATITUDE-DA-COMUNIDADE-LOCAL-SOBRE-O-DESENVOLVIMENTO-TUR%C3%8DSTICO-DE-S%C3%83O-MIGUEL-DO-GOSTOSO.pdf\">AN\u00c1LISE DA PERCEP\u00c7\u00c3O E ATITUDE DA COMUNIDADE LOCAL SOBRE O DESENVOLVIMENTO TUR\u00cdSTICO DE S\u00c3O MIGUEL DO GOSTOSO<\/a><br \/>\n<a href=\"http:\/\/natal.uern.br\/turismo\/wp-content\/uploads\/2019\/07\/AN%C3%81LISE-DA-QUALIDADE-DE-SERVI%C3%87O-NO-SETOR-DE-EVENTOS-DA-ARENA-DAS-DUNAS.pdf\">AN\u00c1LISE DA QUALIDADE DE SERVI\u00c7O NO SETOR DE EVENTOS DA ARENA DAS DUNAS<\/a><br \/>\n<a href=\"http:\/\/natal.uern.br\/turismo\/wp-content\/uploads\/2019\/07\/AN%C3%81LISE-DOS-ESPA%C3%87OS-DE-LAZER-DA-POPULA%C3%87%C3%83O-E-DOS-TURISTAS-QUE-VISITAM-RIO-DO-FOGORN.pdf\">AN\u00c1LISE DOS ESPA\u00c7OS DE LAZER DA POPULA\u00c7\u00c3O E DOS TURISTAS QUE VISITAM RIO DO FOGORN<\/a><br \/>\n<a href=\"http:\/\/natal.uern.br\/turismo\/wp-content\/uploads\/2019\/07\/ANTECEDENTES-DA-SATISFA%C3%87%C3%83O-NO-TRABALHO-NA-REDE-HOTELEIRA-DE-S%C3%83O-MIGUEL-DO-GOSTOSO.pdf\">ANTECEDENTES DA SATISFA\u00c7\u00c3O NO TRABALHO NA REDE HOTELEIRA DE S\u00c3O MIGUEL DO GOSTOSO<\/a><br \/>\n<a href=\"http:\/\/natal.uern.br\/turismo\/wp-content\/uploads\/2019\/07\/AS-INFLU%C3%8ANCIAS-DO-TURISMO-NA-CULTURA-LOCAL-DO-MUNIC%C3%8DPIO-DE-CAIC.pdf\">AS INFLU\u00caNCIAS DO TURISMO NA CULTURA LOCAL DO MUNIC\u00cdPIO DE CAIC<\/a><br \/>\n<a href=\"http:\/\/natal.uern.br\/turismo\/wp-content\/uploads\/2019\/07\/AS-POTENCIALIDADES-GEOTUR%C3%8DSTICAS-DO-PATRIM%C3%94NIO-GEORMOFOL%C3%93GICO-DOS-MUNIC%C3%8DPIOS-DE-LAJES.pdf\">AS POTENCIALIDADES GEOTUR\u00cdSTICAS DO PATRIM\u00d4NIO GEORMOFOL\u00d3GICO DOS MUNIC\u00cdPIOS DE LAJES<\/a><br \/>\n<a href=\"http:\/\/natal.uern.br\/turismo\/wp-content\/uploads\/2019\/07\/GEST%C3%83O-DE-PESSOAS-EM-TURISMO-UM-LEVANTAMENTO-DA-PRODU%C3%87%C3%83O-ACAD%C3%8AMICA-SOBRE-AS-MODERNAS-PR%C3%81TICAS-DA-GEST%C3%83O-DE-PESSOAS.pdf\">GEST\u00c3O DE PESSOAS EM TURISMO UM LEVANTAMENTO DA PRODU\u00c7\u00c3O ACAD\u00caMICA SOBRE AS MODERNAS PR\u00c1TICAS DA GEST\u00c3O DE PESSOAS<\/a><br \/>\n<a href=\"http:\/\/natal.uern.br\/turismo\/wp-content\/uploads\/2019\/07\/GEST%C3%83O-DE-PESSOAS-NA-FORMA%C3%87%C3%83O-ACAD%C3%8AMICA-DOS-BACHAR%C3%89IS.pdf\">GEST\u00c3O DE PESSOAS NA FORMA\u00c7\u00c3O ACAD\u00caMICA DOS BACHAR\u00c9IS<\/a><br \/>\n<a href=\"http:\/\/natal.uern.br\/turismo\/wp-content\/uploads\/2019\/07\/MATA-ESTRELA-E-ECOTURISMO-NO-MUN%C3%8DCIPIO-DE-BA%C3%8DA-FORMOS.pdf\">MATA ESTRELA E ECOTURISMO NO MUN\u00cdCIPIO DE BA\u00cdA FORMOS<\/a><br \/>\n<a href=\"http:\/\/natal.uern.br\/turismo\/wp-content\/uploads\/2019\/07\/QUALIDADE-NO-ATENDIMENTO-UM-ESTUDO-DE-CASO-NO-BOX-DE-INFORMA%C3%87%C3%95ES-TUR%C3%8DSTICAS-DA-PRAIA-DO-MEIO-NATALRN.pdf\">QUALIDADE NO ATENDIMENTO UM ESTUDO DE CASO NO BOX DE INFORMA\u00c7\u00d5ES TUR\u00cdSTICAS DA PRAIA DO MEIO NATALRN<\/a><br \/>\n<a href=\"http:\/\/natal.uern.br\/turismo\/wp-content\/uploads\/2019\/07\/TURISMO-COMO-FATOR-DE-DESENVOLVIMENTO-LOCAL-NA-LAGOA-DE-BOQUEIR%C3%83O-TOUROSRN.pdf\">TURISMO COMO FATOR DE DESENVOLVIMENTO LOCAL NA LAGOA DE BOQUEIR\u00c3O TOUROSRN<\/a><br \/>\n<a href=\"http:\/\/natal.uern.br\/turismo\/wp-content\/uploads\/2019\/07\/TURISMO-E-EDUCA%C3%87%C3%83O-AMBIENTAL-UMA-ABORDAGEM-A-PARTIR-DO-PROJETO-NUMAR-TOUROSRN.pdf\">TURISMO E EDUCA\u00c7\u00c3O AMBIENTAL UMA ABORDAGEM A PARTIR DO PROJETO NUMAR TOUROSRN<\/a><br \/>\n<a href=\"http:\/\/natal.uern.br\/turismo\/wp-content\/uploads\/2019\/07\/UM-ESTUDO-DE-CASO-DO-PATRIM%C3%94NIO-HIST%C3%93RICO-ARQUITET%C3%94NICO-E-TUR%C3%8DSTICO-DAS-RUAS-CONCEI%C3%87%C3%83O.pdf\">UM ESTUDO DE CASO DO PATRIM\u00d4NIO HIST\u00d3RICO ARQUITET\u00d4NICO E TUR\u00cdSTICO DAS RUAS CONCEI\u00c7\u00c3O<\/a><br \/>\n<a href=\"http:\/\/natal.uern.br\/turismo\/wp-content\/uploads\/2019\/07\/UM-ESTUDO-DO-DIAFNOSTICO-ORGANIZACIONAL-DA-POUSADA-S%C3%93-ALEGRIA-S%C3%83O-MIGUEL-DO-GOSTOSORN.pdf\">UM ESTUDO DO DIAFNOSTICO ORGANIZACIONAL DA POUSADA S\u00d3 ALEGRIA S\u00c3O MIGUEL DO GOSTOSORN<\/a><br \/>\n<a href=\"http:\/\/natal.uern.br\/turismo\/wp-content\/uploads\/2019\/07\/UM-ESTUDO-SOBRE-AS-PR%C3%81TICAS-SUSTENTAV%C3%89IS-DE-TURISTAS-E-MORADORES-DO-PARRACHO-DE-PEROBAS-TOUROSRN.pdf\">UM ESTUDO SOBRE AS PR\u00c1TICAS SUSTENTAV\u00c9IS DE TURISTAS E MORADORES DO PARRACHO DE PEROBAS, TOUROSRN<\/a><\/p>\n","protected":false},"excerpt":{"rendered":"<p>CAT\u00c1LOGO TCCs 2018 A IMPORT\u00c2NCIA DO PLANEJAMENTO TUR\u00cdSTICO COMO INDUTOR DO DESENVOLVIMENTO O CASO DO MUNIC\u00cdPIO DE PEDRO VELHO RN AN\u00c1LISE SOBRE O SEGMENTO TUR\u00cdSTICO LGBT (L\u00c9SBICAS, GAYS, BISSEXUAIS, TRAVESTIS, TRANSEXUAIS E TRANSG\u00caNEROS) POR PARTE DOS RECEPCIONISTAS DOS HOT\u00c9IS DO BAIRRO DE PONTA NEGRA EM NATAL RN ATRATIVO TUR\u00cdSTICO E EMPREENDEDORISMO UM ESTUDO NA CECAFES [&hellip;]<\/p>\n","protected":false},"author":1,"featured_media":0,"parent":0,"menu_order":0,"comment_status":"closed","ping_status":"closed","template":"","meta":{"footnotes":""},"class_list":["post-279","page","type-page","status-publish","hentry"],"_links":{"self":[{"href":"https:\/\/portal.uern.br\/natal\/dt\/wp-json\/wp\/v2\/pages\/279","targetHints":{"allow":["GET"]}}],"collection":[{"href":"https:\/\/portal.uern.br\/natal\/dt\/wp-json\/wp\/v2\/pages"}],"about":[{"href":"https:\/\/portal.uern.br\/natal\/dt\/wp-json\/wp\/v2\/types\/page"}],"author":[{"embeddable":true,"href":"https:\/\/portal.uern.br\/natal\/dt\/wp-json\/wp\/v2\/users\/1"}],"replies":[{"embeddable":true,"href":"https:\/\/portal.uern.br\/natal\/dt\/wp-json\/wp\/v2\/comments?post=279"}],"version-history":[{"count":1,"href":"https:\/\/portal.uern.br\/natal\/dt\/wp-json\/wp\/v2\/pages\/279\/revisions"}],"predecessor-version":[{"id":280,"href":"https:\/\/portal.uern.br\/natal\/dt\/wp-json\/wp\/v2\/pages\/279\/revisions\/280"}],"wp:attachment":[{"href":"https:\/\/portal.uern.br\/natal\/dt\/wp-json\/wp\/v2\/media?parent=279"}],"curies":[{"name":"wp","href":"https:\/\/api.w.org\/{rel}","templated":true}]}}