{"id":15,"date":"2022-11-04T15:11:21","date_gmt":"2022-11-04T18:11:21","guid":{"rendered":"https:\/\/paisdemossoro.com.br\/wordpress\/natal\/turismo\/?page_id=15"},"modified":"2022-11-04T15:11:21","modified_gmt":"2022-11-04T18:11:21","slug":"ca-centro-academico","status":"publish","type":"page","link":"https:\/\/portal.uern.br\/natal\/dt\/ca-centro-academico\/","title":{"rendered":"CA (CENTRO ACAD\u00caMICO)"},"content":{"rendered":"<p><strong>CA (CENTRO ACAD\u00caMICO)<\/strong><br \/>\n\u00c9 a entidade que re\u00fane os alunos de um determinado curso ou um departamento da universidade, para representar seus interesses, suas ideias, solucionar problemas e reivindicar os direitos dos estudantes. A dire\u00e7\u00e3o do CA \u00e9 escolhida por meio de elei\u00e7\u00f5es peri\u00f3dicas, entre chapas de alunos daquele curso. Representam os cursos das universidades nas UEEs e na UNE.<\/p>\n<p><strong>REPRESENTA\u00c7\u00c3O EXECUTIVA 2019<\/strong><\/p>\n<p><strong>Presidente<\/strong><br \/>\nJucielio Domingos De A. Lima<\/p>\n<p><strong>Vice-Presidente<\/strong><br \/>\nMonike Evelyn L. De Siqueira<\/p>\n<p><strong>Rep. de Comunica\u00e7\u00e3o e Imagem<\/strong><br \/>\nAlex Allyson Freitas Da Silva<\/p>\n<p><strong>Rep. de Eventos Culturais<\/strong><br \/>\nFrancielen Letice De S. Silva<\/p>\n<p><strong>Rep. de Eventos Esportivos<\/strong><br \/>\nIgor Matheus Nascimento De Souza<\/p>\n<p><strong>Rep. de Tesouraria<\/strong><br \/>\nAlice Carvalho De Castro<\/p>\n<p><strong>Rep. de Assuntos Acad\u00eamicos<\/strong><br \/>\nFernanda Gomes De Freitas<\/p>\n<p><strong>E-mail:<\/strong>\u00a0caturismouern@outlook.com<br \/>\n<strong>Instagram<\/strong>:@catuern<\/p>\n","protected":false},"excerpt":{"rendered":"<p>CA (CENTRO ACAD\u00caMICO) \u00c9 a entidade que re\u00fane os alunos de um determinado curso ou um departamento da universidade, para representar seus interesses, suas ideias, solucionar problemas e reivindicar os direitos dos estudantes. A dire\u00e7\u00e3o do CA \u00e9 escolhida por meio de elei\u00e7\u00f5es peri\u00f3dicas, entre chapas de alunos daquele curso. Representam os cursos das universidades [&hellip;]<\/p>\n","protected":false},"author":1,"featured_media":0,"parent":0,"menu_order":0,"comment_status":"closed","ping_status":"closed","template":"","meta":{"footnotes":""},"class_list":["post-15","page","type-page","status-publish","hentry"],"_links":{"self":[{"href":"https:\/\/portal.uern.br\/natal\/dt\/wp-json\/wp\/v2\/pages\/15","targetHints":{"allow":["GET"]}}],"collection":[{"href":"https:\/\/portal.uern.br\/natal\/dt\/wp-json\/wp\/v2\/pages"}],"about":[{"href":"https:\/\/portal.uern.br\/natal\/dt\/wp-json\/wp\/v2\/types\/page"}],"author":[{"embeddable":true,"href":"https:\/\/portal.uern.br\/natal\/dt\/wp-json\/wp\/v2\/users\/1"}],"replies":[{"embeddable":true,"href":"https:\/\/portal.uern.br\/natal\/dt\/wp-json\/wp\/v2\/comments?post=15"}],"version-history":[{"count":1,"href":"https:\/\/portal.uern.br\/natal\/dt\/wp-json\/wp\/v2\/pages\/15\/revisions"}],"predecessor-version":[{"id":16,"href":"https:\/\/portal.uern.br\/natal\/dt\/wp-json\/wp\/v2\/pages\/15\/revisions\/16"}],"wp:attachment":[{"href":"https:\/\/portal.uern.br\/natal\/dt\/wp-json\/wp\/v2\/media?parent=15"}],"curies":[{"name":"wp","href":"https:\/\/api.w.org\/{rel}","templated":true}]}}