{"id":12,"date":"2022-11-04T15:10:30","date_gmt":"2022-11-04T18:10:30","guid":{"rendered":"https:\/\/paisdemossoro.com.br\/wordpress\/natal\/turismo\/?page_id=12"},"modified":"2022-11-04T15:10:30","modified_gmt":"2022-11-04T18:10:30","slug":"corpo-docente","status":"publish","type":"page","link":"https:\/\/portal.uern.br\/natal\/dt\/corpo-docente\/","title":{"rendered":"Corpo Docente"},"content":{"rendered":"<p id=\"parent-fieldname-title\" class=\"documentFirstHeading\"><strong>CORPO DOCENTE<\/strong><\/p>\n<p>O curso de Turismo UERN do campus Natal, \u00e9 composto por um corpo docente altamente qualificados, com ampla experi\u00eancia acad\u00eamica e viv\u00eancia em todos os setores do mercado tur\u00edstico, administrativo e pedag\u00f3gico. Conhe\u00e7a abaixo um pouco de cada um que faz parte da equipe Turismo Natal.<\/p>\n<p><strong>PROF. DR. ANT\u00d4NIO J\u00c2NIO FERNANDES<\/strong><br \/>\nProfessor Adjunto \u2013 Dep. Turismo do Campus de Natal<br \/>\nCurr\u00edculo Lattes:\u00a0<a href=\"http:\/\/lattes.cnpq.br\/4136479808014274\" target=\"_blank\" rel=\"noopener\">4136479808014274<\/a><br \/>\nTitula\u00e7\u00e3o: Doutor<\/p>\n<p>&nbsp;<\/p>\n<p><strong>PROF. ME ALCEDO PINHEIRO GALV\u00c3O<\/strong><br \/>\nProfessor Adjunto \u2013 Dep. Turismo do Campus de Natal<br \/>\nCurr\u00edculo Lattes:\u00a0<a href=\"http:\/\/lattes.cnpq.br\/6031796016185917\" target=\"_blank\" rel=\"noopener\">6031796016185917<\/a><br \/>\nTitula\u00e7\u00e3o: Bacharel em Administra\u00e7\u00e3o, UERN, 1996 \u2013 Mestre em Administra\u00e7\u00e3o, UNP, 2012 \u2013 Especialista em Administra\u00e7\u00e3o de Recursos Humanos, UERN, 2004<br \/>\n<strong><br \/>\nPROF. DR. ANT\u00d4NIO RUFINO DA COSTA<\/strong><br \/>\nProfessor Adjunto \u2013 Dep. Turismo do Campus de Natal<br \/>\nCurr\u00edculo Lattes:\u00a0<a href=\"http:\/\/lattes.cnpq.br\/5514239813983412\" target=\"_blank\" rel=\"noopener\">5514239813983412<\/a><br \/>\nTitula\u00e7\u00e3o: Doutor<\/p>\n<p>&nbsp;<\/p>\n<p><strong>PROF. ME AUGUSTO CARLOS AVELINO TEIXEIRA DE CARVALHO<\/strong><br \/>\nProfessor Adjunto \u2013 Dep. Turismo do Campus de Natal<br \/>\nCurr\u00edculo Lattes:\u00a0<a href=\"http:\/\/lattes.cnpq.br\/9775447758436635\" target=\"_blank\" rel=\"noopener\">9775447758436635<\/a><br \/>\nTitula\u00e7\u00e3o: Bacharel em Economia, UFRN, 1997 \u2013 Mestre em Ci\u00eancias Humanas, UFRN, 2001<\/p>\n<p>&nbsp;<\/p>\n<p><strong><br \/>\nPROF. DR. BRENO FERNANDO TIN\u00d4CO CABRAL<\/strong><br \/>\nProfessor Adjunto \u2013 Dep. Turismo do Campus de Natal<br \/>\nCurr\u00edculo Lattes:\u00a0<a href=\"http:\/\/lattes.cnpq.br\/1344134676856765\" target=\"_blank\" rel=\"noopener\">1344134676856765<\/a><br \/>\nTitula\u00e7\u00e3o: Doutor<\/p>\n<p>&nbsp;<\/p>\n<p><strong>PROF. DR. FL\u00c1VIO JOS\u00c9 DE LIMA SILVA<\/strong><br \/>\nProfessor Adjunto \u2013 Dep. Turismo do Campus de Natal<br \/>\nCurr\u00edculo Lattes:\u00a0<a href=\"http:\/\/lattes.cnpq.br\/1421802360229451\" target=\"_blank\" rel=\"noopener\">1421802360229451<\/a><br \/>\nTitula\u00e7\u00e3o: Licenciado em Forma\u00e7\u00e3o de professor de biologia, FUNESO, 1989 \u2013 Doutor em Psicobiologia, UFRN, 2001<\/p>\n<p>&nbsp;<\/p>\n<p><strong>PROF\u00aa. DR\u00aa. IZABEL CRISTINA DA COSTA BEZERRA OLIVEIRA<\/strong><br \/>\nProfessora Adjunta \u2013 Dep. Turismo do Campus de Natal<br \/>\nCurr\u00edculo Lattes:\u00a0<a href=\"http:\/\/lattes.cnpq.br\/5488651272402673\" target=\"_blank\" rel=\"noopener\">5488651272402673<\/a><br \/>\nTitula\u00e7\u00e3o: Doutora<\/p>\n<p>&nbsp;<\/p>\n<p><strong>PROF\u00aa. ESP. JANA\u00cdNA MIKARLA DANTAS DA COSTA<\/strong><br \/>\nProfessora Assistente \u2013 Dep. Turismo do Campus de Natal<br \/>\nCurr\u00edculo Lattes:\u00a0<a href=\"http:\/\/lattes.cnpq.br\/9448848843715519\" target=\"_blank\" rel=\"noopener\">9448848843715519<\/a><br \/>\nTitula\u00e7\u00e3o: Especialista<\/p>\n<p>&nbsp;<\/p>\n<p><strong>PROF\u00aa. MA. JARILEIDE CIPRIANO DA SILVA<\/strong><br \/>\nProfessora Adjunta \u2013 Dep. Turismo do Campus de Natal<br \/>\nCurr\u00edculo Lattes:\u00a0<a href=\"http:\/\/lattes.cnpq.br\/4750481257647990\" target=\"_blank\" rel=\"noopener\">4750481257647990<\/a><br \/>\nTitula\u00e7\u00e3o: Mestre<\/p>\n<p>&nbsp;<\/p>\n<p><strong>PROF. DR. JO\u00c3O BATISTA DE FREITAS<\/strong><br \/>\nProfessor Adjunto \u2013 Dep. Turismo do Campus de Natal<br \/>\nCurr\u00edculo Lattes:\u00a0<a href=\"http:\/\/lattes.cnpq.br\/5084886551259770\" target=\"_blank\" rel=\"noopener\">5084886551259770<\/a><br \/>\nTitula\u00e7\u00e3o: Graduado em Administra\u00e7\u00e3o, Especialista em Gest\u00e3o Ambiental, Mestre em Engenharia de Produ\u00e7\u00e3o e Doutor em Agroneg\u00f3cios<br \/>\n<strong>PROF. DR. MARCO ANTONIO CAVALCANTI DA ROCHA JUNIOR<\/strong><br \/>\nProfessor Adjunto \u2013 Dep. Turismo do Campus de Natal<br \/>\nCurr\u00edculo Lattes:\u00a0<a href=\"http:\/\/lattes.cnpq.br\/9329916943340880\" target=\"_blank\" rel=\"noopener\">9329916943340880<\/a><br \/>\nTitula\u00e7\u00e3o: Doutor<\/p>\n<p><strong>PROF\u00aa. MA. MARILENE CAMPOS DIAS DO REGO<\/strong><br \/>\nProfessora Assistente \u2013 Dep. Turismo do Campus de Natal<br \/>\nCurr\u00edculo Lattes:<a href=\"http:\/\/lattes.cnpq.br\/5793797670324526\" target=\"_blank\" rel=\"noopener\">\u00a05793797670324526<\/a><br \/>\nTitula\u00e7\u00e3o: Mestra<\/p>\n<p>&nbsp;<\/p>\n<p><strong>PROF\u00aa. MA. MAR\u00cdLIA MEDEIROS SOARES<\/strong><br \/>\nProfessora Adjunta \u2013 Dep. Turismo do Campus de Natal<br \/>\nCurr\u00edculo Lattes:\u00a0<a href=\"http:\/\/lattes.cnpq.br\/2481935756374851\" target=\"_blank\" rel=\"noopener\">2481935756374851<\/a><br \/>\nTitula\u00e7\u00e3o: Mestra<\/p>\n<p>&nbsp;<\/p>\n<p><strong>PROF\u00aa. DR\u00aa. MICHELE GALDINO C\u00c2MARA<\/strong><br \/>\nProfessora Adjunta \u2013 Dep. Turismo do Campus de Natal<br \/>\nCurr\u00edculo Lattes:\u00a0<a href=\"http:\/\/lattes.cnpq.br\/0411292906051794\" target=\"_blank\" rel=\"noopener\">0411292906051794<\/a><br \/>\nTitula\u00e7\u00e3o: Doutora<\/p>\n<p>&nbsp;<\/p>\n<p><strong>PROF. DR. SIDCLEY D\u2019SORDI ALVES ALEGRINI DA SILVA<\/strong><br \/>\nProfessor Adjunto \u2013 Dep. Turismo do Campus de Natal<br \/>\nCurr\u00edculo Lattes:\u00a0<a href=\"http:\/\/lattes.cnpq.br\/8473658062060982\" target=\"_blank\" rel=\"noopener\">8473658062060982<\/a><br \/>\nTitula\u00e7\u00e3o: Doutor<\/p>\n<p>&nbsp;<\/p>\n<p><strong>PROF\u00aa. DR\u00aa. SILVANA PRAXEDES DE PAIVA GURGEL<\/strong><br \/>\nProfessora Adjunta \u2013 Dep. Turismo do Campus de Natal<br \/>\nCurr\u00edculo Lattes:\u00a0<a href=\"http:\/\/lattes.cnpq.br\/9323953756430816\" target=\"_blank\" rel=\"noopener\">9323953756430816<\/a><br \/>\nTitula\u00e7\u00e3o: Bacharel em Geografia (f\u00edsica), UFRN, 2002 \u2013 Doutora em Geologia, UFRN, 2012 \u2013 Mestra em Geoci\u00eancias, UFRN, 2006<\/p>\n<p><strong>PROF\u00aa. MA. TATIANA MORITZ<\/strong><br \/>\nProfessora Adjunta \u2013 Dep. Turismo do Campus de Natal<br \/>\nCurr\u00edculo Lattes:\u00a0<a href=\"http:\/\/lattes.cnpq.br\/2667618845271900\" target=\"_blank\" rel=\"noopener\">2667618845271900<\/a><br \/>\nTitula\u00e7\u00e3o: Mestra<\/p>\n<p>&nbsp;<\/p>\n","protected":false},"excerpt":{"rendered":"<p>CORPO DOCENTE O curso de Turismo UERN do campus Natal, \u00e9 composto por um corpo docente altamente qualificados, com ampla experi\u00eancia acad\u00eamica e viv\u00eancia em todos os setores do mercado tur\u00edstico, administrativo e pedag\u00f3gico. Conhe\u00e7a abaixo um pouco de cada um que faz parte da equipe Turismo Natal. PROF. DR. ANT\u00d4NIO J\u00c2NIO FERNANDES Professor Adjunto [&hellip;]<\/p>\n","protected":false},"author":1,"featured_media":0,"parent":0,"menu_order":0,"comment_status":"closed","ping_status":"closed","template":"","meta":{"footnotes":""},"class_list":["post-12","page","type-page","status-publish","hentry"],"_links":{"self":[{"href":"https:\/\/portal.uern.br\/natal\/dt\/wp-json\/wp\/v2\/pages\/12","targetHints":{"allow":["GET"]}}],"collection":[{"href":"https:\/\/portal.uern.br\/natal\/dt\/wp-json\/wp\/v2\/pages"}],"about":[{"href":"https:\/\/portal.uern.br\/natal\/dt\/wp-json\/wp\/v2\/types\/page"}],"author":[{"embeddable":true,"href":"https:\/\/portal.uern.br\/natal\/dt\/wp-json\/wp\/v2\/users\/1"}],"replies":[{"embeddable":true,"href":"https:\/\/portal.uern.br\/natal\/dt\/wp-json\/wp\/v2\/comments?post=12"}],"version-history":[{"count":2,"href":"https:\/\/portal.uern.br\/natal\/dt\/wp-json\/wp\/v2\/pages\/12\/revisions"}],"predecessor-version":[{"id":14,"href":"https:\/\/portal.uern.br\/natal\/dt\/wp-json\/wp\/v2\/pages\/12\/revisions\/14"}],"wp:attachment":[{"href":"https:\/\/portal.uern.br\/natal\/dt\/wp-json\/wp\/v2\/media?parent=12"}],"curies":[{"name":"wp","href":"https:\/\/api.w.org\/{rel}","templated":true}]}}