{"id":901,"date":"2026-03-06T12:19:14","date_gmt":"2026-03-06T15:19:14","guid":{"rendered":"https:\/\/portal.uern.br\/natal\/direito\/?page_id=901"},"modified":"2026-03-06T12:30:00","modified_gmt":"2026-03-06T15:30:00","slug":"noticias","status":"publish","type":"page","link":"https:\/\/portal.uern.br\/natal\/direito\/apresentacao\/noticias\/","title":{"rendered":"Not\u00edcias\/Editais"},"content":{"rendered":"<p><span style=\"font-size: 18pt;color: #0000ff\">Sele\u00e7\u00e3o para Coordenador de curso EAD<\/span><\/p>\n<ul style=\"list-style-type: circle\">\n<li><a href=\"https:\/\/drive.google.com\/file\/d\/1cfYduzpPvH6ltrfNHUKFNrrnjR09mYdl\/view?usp=sharing\">Edital<\/a><\/li>\n<li><a href=\"https:\/\/drive.google.com\/file\/d\/1MDANXFHbAKDwexuyTKsCUHE6dEqloxRr\/view?usp=sharing\">Novo cronograma<\/a><\/li>\n<li><a href=\"https:\/\/drive.google.com\/file\/d\/10nUkrr1YYQo2YUBznjQPVuQSEVlACeIe\/view?usp=sharing\">Homologa\u00e7\u00e3o<\/a><\/li>\n<li><a href=\"https:\/\/drive.google.com\/file\/d\/1-jP_1MN8TTfIuwCu9u0_Xtmrg9VEBQiE\/view?usp=drivesdk\"><span style=\"color: #0000ff\">Resultado II Etapa<\/span><\/a><\/li>\n<li><span style=\"color: #0000ff\"><a style=\"color: #0000ff\" href=\"https:\/\/drive.google.com\/file\/d\/1BSqs5EwbaBIU81ORCbkiURfBovpfukW3\/view?usp=sharing\">Resultado Final<\/a><\/span><\/li>\n<\/ul>\n<p>&nbsp;<\/p>\n<p>&#8212;&#8212;&#8212;&#8212;&#8212;&#8211;<\/p>\n<p>Para acompanhamento da publica\u00e7\u00e3o dos <strong>editais<\/strong> de:<\/p>\n<p><strong>Matr\u00edcula curricular semestral,<\/strong><\/p>\n<p><strong>Processo Seletivo de Vagas N\u00e3o Iniciais (PSVNI)<\/strong>,<\/p>\n<p><strong>Programa Institucional de Monitoria (PIM)<\/strong>,<\/p>\n<p><strong>Poss\u00edveis Desligados\/as<\/strong>,<\/p>\n<p><strong>Oferta de turma de componentes curriculares em car\u00e1ter especial (disciplina de f\u00e9rias)<\/strong>, entre outros, acesse:<\/p>\n<p><strong><a href=\"https:\/\/portal.uern.br\/proeg\/editais\/\">P\u00e1gina de editais da PROEG<\/a><\/strong><\/p>\n","protected":false},"excerpt":{"rendered":"<p>Sele\u00e7\u00e3o para Coordenador de curso EAD Edital Novo cronograma Homologa\u00e7\u00e3o Resultado II Etapa Resultado Final &nbsp; &#8212;&#8212;&#8212;&#8212;&#8212;&#8211; Para acompanhamento da publica\u00e7\u00e3o dos editais de: Matr\u00edcula curricular semestral, Processo Seletivo de Vagas N\u00e3o Iniciais (PSVNI), Programa Institucional de Monitoria (PIM), Poss\u00edveis Desligados\/as, Oferta de turma de componentes curriculares em car\u00e1ter especial (disciplina de f\u00e9rias), entre outros, [&hellip;]<\/p>\n","protected":false},"author":16,"featured_media":0,"parent":286,"menu_order":100,"comment_status":"closed","ping_status":"closed","template":"elementor_theme","meta":{"footnotes":""},"class_list":["post-901","page","type-page","status-publish","hentry"],"_links":{"self":[{"href":"https:\/\/portal.uern.br\/natal\/direito\/wp-json\/wp\/v2\/pages\/901","targetHints":{"allow":["GET"]}}],"collection":[{"href":"https:\/\/portal.uern.br\/natal\/direito\/wp-json\/wp\/v2\/pages"}],"about":[{"href":"https:\/\/portal.uern.br\/natal\/direito\/wp-json\/wp\/v2\/types\/page"}],"author":[{"embeddable":true,"href":"https:\/\/portal.uern.br\/natal\/direito\/wp-json\/wp\/v2\/users\/16"}],"replies":[{"embeddable":true,"href":"https:\/\/portal.uern.br\/natal\/direito\/wp-json\/wp\/v2\/comments?post=901"}],"version-history":[{"count":22,"href":"https:\/\/portal.uern.br\/natal\/direito\/wp-json\/wp\/v2\/pages\/901\/revisions"}],"predecessor-version":[{"id":1004,"href":"https:\/\/portal.uern.br\/natal\/direito\/wp-json\/wp\/v2\/pages\/901\/revisions\/1004"}],"up":[{"embeddable":true,"href":"https:\/\/portal.uern.br\/natal\/direito\/wp-json\/wp\/v2\/pages\/286"}],"wp:attachment":[{"href":"https:\/\/portal.uern.br\/natal\/direito\/wp-json\/wp\/v2\/media?parent=901"}],"curies":[{"name":"wp","href":"https:\/\/api.w.org\/{rel}","templated":true}]}}