{"id":851,"date":"2025-08-04T17:25:19","date_gmt":"2025-08-04T20:25:19","guid":{"rendered":"https:\/\/portal.uern.br\/natal\/direito\/?page_id=851"},"modified":"2026-03-18T12:10:28","modified_gmt":"2026-03-18T15:10:28","slug":"horario-do-semestre-e-calendario-universitario","status":"publish","type":"page","link":"https:\/\/portal.uern.br\/natal\/direito\/apresentacao\/horario-do-semestre-e-calendario-universitario\/","title":{"rendered":"Hor\u00e1rio do semestre e Calend\u00e1rio universit\u00e1rio"},"content":{"rendered":"<p>&nbsp;<\/p>\n<h3><a href=\"https:\/\/drive.google.com\/file\/d\/1Ut_Gdk1EfPeG0d2UDsVXbIUxTBakLIth\/view?usp=sharing\">Hor\u00e1rio do semestre 2026.1 &#8211; acessar com o email institucional<\/a><\/h3>\n<p>&#8212;&#8212;<\/p>\n<h3><strong>Calend\u00e1rio universit\u00e1rio:<\/strong><\/h3>\n<p><a href=\"https:\/\/portal.uern.br\/proeg\/wp-content\/uploads\/2025\/09\/Resolucao-no-14-2025-CONSEPE-Aprova-o-Calendario-Universitario-referente-ao-ano-letivo-de-2026-da-Uern.pdf\">Calend\u00e1rio 2026<\/a><\/p>\n<p><a href=\"https:\/\/portal.uern.br\/wp-content\/uploads\/2026\/01\/Calendario_universitario_2026-diagramado.pdf\">Calend\u00e1rio 2026 para impress\u00e3o<\/a><\/p>\n<h4><b>Principais datas do calend\u00e1rio universit\u00e1rio 2026:<\/b><\/h4>\n<table style=\"width: 88.0859%\">\n<tbody>\n<tr>\n<td style=\"width: 57.6679%\"><b>In\u00edcio das aulas (2026.1):<\/b><\/td>\n<td style=\"width: 29.0299%\"><b>23 de fevereiro de 2026<\/b><\/td>\n<\/tr>\n<tr>\n<td style=\"width: 57.6679%\">\u00daltimo dia para <span style=\"color: #ff0000\">trancamento <\/span>do semestre letivo 2026.1<\/td>\n<td style=\"width: 29.0299%\">07 de abril de 2026<\/td>\n<\/tr>\n<tr>\n<td style=\"width: 57.6679%\">\u00daltimo dia para solicita\u00e7\u00e3o de disciplinas em *<em>car\u00e1ter especial<\/em> para 2026.2<\/p>\n<p>(* Disciplina de f\u00e9rias, de Acompanhamento individual ou Turma especial; consultar o <a href=\"https:\/\/sigaa.uern.br\/download\/regulamento_dos_cursos_de_graduacao.pdf\">RCG da Uern, Art. 115<\/a>.)<\/td>\n<td style=\"width: 29.0299%\">17 de abril de 2026<\/td>\n<\/tr>\n<tr>\n<td style=\"width: 57.6679%\">Distribui\u00e7\u00e3o de carga hor\u00e1ria docente pelo departamento para o semestre letivo 2026.2<\/td>\n<td style=\"width: 29.0299%\">20 de abril a 08 de maio de 2026<\/td>\n<\/tr>\n<tr>\n<td style=\"width: 57.6679%\">Publica\u00e7\u00e3o do Edital do Processo Seletivo de Vagas N\u00e3o-Iniciais (PSVNI) para ingresso no semestre letivo 2026.2 (PROEG)<\/td>\n<td style=\"width: 29.0299%\">06 de maio de 2026<\/td>\n<\/tr>\n<tr>\n<td style=\"width: 57.6679%\">Publica\u00e7\u00e3o do edital de sele\u00e7\u00e3o para o PIM referente ao semestre letivo 2026.2 (Edital do Departamento)<\/td>\n<td style=\"width: 29.0299%\">Previs\u00e3o: 25 de maio de 2026<\/td>\n<\/tr>\n<tr>\n<td style=\"width: 57.6679%\">Matr\u00edcula de ingressantes do 2\u00ba semestre (realizada pelo Departamento)<\/td>\n<td style=\"width: 29.0299%\">Junho de 2026. Dia a ser definido<\/td>\n<\/tr>\n<tr>\n<td style=\"width: 57.6679%\"><b>T\u00e9rmino das aulas (2026.1):\u00a0<\/b><\/td>\n<td style=\"width: 29.0299%\"><b>04 de julho de 2026<\/b><\/td>\n<\/tr>\n<tr>\n<td style=\"width: 57.6679%\">\u00daltimo dia para registro de notas e consolida\u00e7\u00e3o de turmas do semestre letivo 2026.1<\/td>\n<td style=\"width: 29.0299%\">11 de julho de 2026<\/td>\n<\/tr>\n<\/tbody>\n<\/table>\n<p>&nbsp;<\/p>\n","protected":false},"excerpt":{"rendered":"<p>&nbsp; Hor\u00e1rio do semestre 2026.1 &#8211; acessar com o email institucional &#8212;&#8212; Calend\u00e1rio universit\u00e1rio: Calend\u00e1rio 2026 Calend\u00e1rio 2026 para impress\u00e3o Principais datas do calend\u00e1rio universit\u00e1rio 2026: In\u00edcio das aulas (2026.1): 23 de fevereiro de 2026 \u00daltimo dia para trancamento do semestre letivo 2026.1 07 de abril de 2026 \u00daltimo dia para solicita\u00e7\u00e3o de disciplinas em [&hellip;]<\/p>\n","protected":false},"author":10,"featured_media":0,"parent":286,"menu_order":40,"comment_status":"closed","ping_status":"closed","template":"elementor_theme","meta":{"footnotes":""},"class_list":["post-851","page","type-page","status-publish","hentry"],"_links":{"self":[{"href":"https:\/\/portal.uern.br\/natal\/direito\/wp-json\/wp\/v2\/pages\/851","targetHints":{"allow":["GET"]}}],"collection":[{"href":"https:\/\/portal.uern.br\/natal\/direito\/wp-json\/wp\/v2\/pages"}],"about":[{"href":"https:\/\/portal.uern.br\/natal\/direito\/wp-json\/wp\/v2\/types\/page"}],"author":[{"embeddable":true,"href":"https:\/\/portal.uern.br\/natal\/direito\/wp-json\/wp\/v2\/users\/10"}],"replies":[{"embeddable":true,"href":"https:\/\/portal.uern.br\/natal\/direito\/wp-json\/wp\/v2\/comments?post=851"}],"version-history":[{"count":36,"href":"https:\/\/portal.uern.br\/natal\/direito\/wp-json\/wp\/v2\/pages\/851\/revisions"}],"predecessor-version":[{"id":1067,"href":"https:\/\/portal.uern.br\/natal\/direito\/wp-json\/wp\/v2\/pages\/851\/revisions\/1067"}],"up":[{"embeddable":true,"href":"https:\/\/portal.uern.br\/natal\/direito\/wp-json\/wp\/v2\/pages\/286"}],"wp:attachment":[{"href":"https:\/\/portal.uern.br\/natal\/direito\/wp-json\/wp\/v2\/media?parent=851"}],"curies":[{"name":"wp","href":"https:\/\/api.w.org\/{rel}","templated":true}]}}