{"id":844,"date":"2025-07-08T14:21:56","date_gmt":"2025-07-08T17:21:56","guid":{"rendered":"https:\/\/portal.uern.br\/natal\/direito\/?page_id=844"},"modified":"2026-03-06T12:29:53","modified_gmt":"2026-03-06T15:29:53","slug":"pos-graduacao","status":"publish","type":"page","link":"https:\/\/portal.uern.br\/natal\/direito\/apresentacao\/pos-graduacao\/","title":{"rendered":"P\u00f3s-Gradua\u00e7\u00e3o"},"content":{"rendered":"<p><span style=\"font-size: 18pt\"><strong>Documentos dispon\u00edveis<\/strong><\/span><\/p>\n<p>&nbsp;<\/p>\n<p>Informamos que foi publicado na data de hoje, 24\/02\/2026, o II Aditivo ao Edital de sele\u00e7\u00e3o para a P\u00f3s-Gradua\u00e7\u00e3o em Direito Previdenci\u00e1rio. Acessem aqui o link do <a href=\"https:\/\/drive.google.com\/file\/d\/1n4npSpzYcCJeHm0wiOV8dJ8_acier3nV\/view?usp=sharing\">publica\u00e7\u00e3o<\/a>, fa\u00e7am sua inscri\u00e7\u00e3o e acompanhem as etapas previstas no novo Cronograma.<\/p>\n<p>&nbsp;<\/p>\n<p>&#8212;&#8212;&#8212;&#8212;&#8212;&#8212;&#8212;&#8212;&#8212;&#8212;&#8212;&#8212;&#8212;&#8212;&#8212;&#8212;&#8212;&#8212;&#8212;&#8212;&#8212;&#8212;<\/p>\n<p style=\"text-align: center\"><span style=\"color: #0000ff\"><strong>INFORME AOS CANDIDATOS INSCRITOS PARA A <\/strong><\/span><\/p>\n<p style=\"text-align: center\"><span style=\"color: #0000ff\"><strong>P\u00d3S-GRADUA\u00c7\u00c3O EM DIREITO PREVIDENCI\u00c1RIO<\/strong><\/span><\/p>\n<p>&nbsp;<\/p>\n<p>Em raz\u00e3o de uma demanda represada e que ainda n\u00e3o se manifestou no per\u00edodo de inscri\u00e7\u00e3o finalizado no dia 25\/01\/2026, a Coordena\u00e7\u00e3o da P\u00f3s em Direito Previdenci\u00e1rio\/UERN, conjuntamente com a ESA\/OAB, decidiu reabrir prazo para inscri\u00e7\u00f5es na nossa 3\u00aa edi\u00e7\u00e3o da p\u00f3s-gradua\u00e7\u00e3o (especializa\u00e7\u00e3o) em Direito Previdenci\u00e1rio. O novo cronograma do processo seletivo ser\u00e1 divulgado ap\u00f3s o per\u00edodo do Carnaval, sendo esta a \u00faltima oportunidade de inscri\u00e7\u00e3o.<\/p>\n<p>Ficamos \u00e0 disposi\u00e7\u00e3o para respondermos a eventuais questionamentos via e-mail (direitoprevidenciario@especializacao.uern.br).<\/p>\n<p>&nbsp;<\/p>\n<p>Natal, 27 de janeiro de 2026.<\/p>\n<p style=\"text-align: center\"><strong>Carlos S\u00e9rgio Gurgel da Silva<\/strong><\/p>\n<p style=\"text-align: center\"><span style=\"font-size: 8pt\">Professor da UERN e Coordenador da<\/span><\/p>\n<p style=\"text-align: center\"><span style=\"font-size: 8pt\">P\u00f3s-Gradua\u00e7\u00e3o em Direito Previdenci\u00e1rio<\/span><\/p>\n<p style=\"text-align: center\"><span style=\"font-size: 8pt\">Matr\u00edcula 06070-4<\/span><\/p>\n<p>&#8212;&#8212;&#8212;&#8212;&#8212;&#8212;&#8212;&#8212;&#8212;&#8212;&#8212;&#8212;&#8212;&#8212;&#8212;&#8212;&#8212;&#8212;&#8212;&#8212;&#8212;&#8212;<\/p>\n<p><span style=\"font-size: 14pt;color: #ff00ff\"><a style=\"color: #ff00ff\" href=\"https:\/\/drive.google.com\/file\/d\/1ww1BI_GQWnYp-1qDc2KR4r3Vldmi_aeX\/view?usp=sharing\"><strong>COMUNICADO<\/strong> (29\/10\/2025)<\/a><\/span><\/p>\n<p><img fetchpriority=\"high\" decoding=\"async\" class=\"alignnone wp-image-898\" src=\"https:\/\/portal.uern.br\/natal\/direito\/wp-content\/uploads\/sites\/10\/2025\/10\/Inscricoes-Prorrogadas-300x300.png\" alt=\"\" width=\"252\" height=\"252\" srcset=\"https:\/\/portal.uern.br\/natal\/direito\/wp-content\/uploads\/sites\/10\/2025\/10\/Inscricoes-Prorrogadas-300x300.png 300w, https:\/\/portal.uern.br\/natal\/direito\/wp-content\/uploads\/sites\/10\/2025\/10\/Inscricoes-Prorrogadas-150x150.png 150w, https:\/\/portal.uern.br\/natal\/direito\/wp-content\/uploads\/sites\/10\/2025\/10\/Inscricoes-Prorrogadas-768x768.png 768w, https:\/\/portal.uern.br\/natal\/direito\/wp-content\/uploads\/sites\/10\/2025\/10\/Inscricoes-Prorrogadas.png 1024w\" sizes=\"(max-width: 252px) 100vw, 252px\" \/><\/p>\n<p><span style=\"color: #ff00ff;font-size: 14pt\"><strong><a style=\"color: #ff00ff\" href=\"https:\/\/drive.google.com\/file\/d\/1jXpA0fSX2vQriGnPUxT3I6ISQB8BTKwd\/view?usp=sharing\">Cronograma (NOVO)<\/a><\/strong><\/span><\/p>\n<p>&#8212;&#8212;&#8212;&#8212;&#8212;&#8212;&#8212;&#8212;&#8212;&#8212;&#8212;&#8212;&#8212;&#8212;&#8212;&#8212;&#8212;&#8212;&#8212;&#8212;&#8212;-<\/p>\n<p><a href=\"https:\/\/drive.google.com\/file\/d\/1FcwaPloCiChEYutimpodbiiTJ8aFQqIM\/view?usp=sharing\"><span class=\"fontstyle0\">EDITAL N\u00b0 01\/2025 &#8211; Curso de Especializa\u00e7\u00e3o em Direito Previdenci\u00e1rio\/UERN &#8211; <\/span><strong><span class=\"fontstyle0\">PROCESSO SELETIVO 2025<\/span><\/strong><\/a><\/p>\n<p><a href=\"https:\/\/drive.google.com\/file\/d\/1pnlLn9mBqTL_eJ7opDag5LqgHeJ-Hp2h\/view?usp=sharing\">Regimento Interno_Direito Previdenci\u00e1rio 3\u00aa edi\u00e7\u00e3o<\/a><\/p>\n<p><a href=\"https:\/\/drive.google.com\/file\/d\/1rlrDsEBxRBhUEtYyaMx18w-eN_HOvi3H\/view?usp=sharing\"><span class=\"fontstyle0\">Regulamento que disp\u00f5e sobre a cria\u00e7\u00e3o e o funcionamento dos cursos de p\u00f3sgradua\u00e7\u00e3o <\/span><span class=\"fontstyle2\">lato sensu <\/span><span class=\"fontstyle0\">oferecidos pela Uern<\/span><\/a><\/p>\n<p>&nbsp;<\/p>\n","protected":false},"excerpt":{"rendered":"<p>Documentos dispon\u00edveis &nbsp; Informamos que foi publicado na data de hoje, 24\/02\/2026, o II Aditivo ao Edital de sele\u00e7\u00e3o para a P\u00f3s-Gradua\u00e7\u00e3o em Direito Previdenci\u00e1rio. Acessem aqui o link do publica\u00e7\u00e3o, fa\u00e7am sua inscri\u00e7\u00e3o e acompanhem as etapas previstas no novo Cronograma. &nbsp; &#8212;&#8212;&#8212;&#8212;&#8212;&#8212;&#8212;&#8212;&#8212;&#8212;&#8212;&#8212;&#8212;&#8212;&#8212;&#8212;&#8212;&#8212;&#8212;&#8212;&#8212;&#8212; INFORME AOS CANDIDATOS INSCRITOS PARA A P\u00d3S-GRADUA\u00c7\u00c3O EM DIREITO PREVIDENCI\u00c1RIO &nbsp; [&hellip;]<\/p>\n","protected":false},"author":10,"featured_media":0,"parent":286,"menu_order":9,"comment_status":"closed","ping_status":"closed","template":"elementor_theme","meta":{"footnotes":""},"class_list":["post-844","page","type-page","status-publish","hentry"],"_links":{"self":[{"href":"https:\/\/portal.uern.br\/natal\/direito\/wp-json\/wp\/v2\/pages\/844","targetHints":{"allow":["GET"]}}],"collection":[{"href":"https:\/\/portal.uern.br\/natal\/direito\/wp-json\/wp\/v2\/pages"}],"about":[{"href":"https:\/\/portal.uern.br\/natal\/direito\/wp-json\/wp\/v2\/types\/page"}],"author":[{"embeddable":true,"href":"https:\/\/portal.uern.br\/natal\/direito\/wp-json\/wp\/v2\/users\/10"}],"replies":[{"embeddable":true,"href":"https:\/\/portal.uern.br\/natal\/direito\/wp-json\/wp\/v2\/comments?post=844"}],"version-history":[{"count":13,"href":"https:\/\/portal.uern.br\/natal\/direito\/wp-json\/wp\/v2\/pages\/844\/revisions"}],"predecessor-version":[{"id":1023,"href":"https:\/\/portal.uern.br\/natal\/direito\/wp-json\/wp\/v2\/pages\/844\/revisions\/1023"}],"up":[{"embeddable":true,"href":"https:\/\/portal.uern.br\/natal\/direito\/wp-json\/wp\/v2\/pages\/286"}],"wp:attachment":[{"href":"https:\/\/portal.uern.br\/natal\/direito\/wp-json\/wp\/v2\/media?parent=844"}],"curies":[{"name":"wp","href":"https:\/\/api.w.org\/{rel}","templated":true}]}}