{"id":652,"date":"2023-10-23T18:56:42","date_gmt":"2023-10-23T21:56:42","guid":{"rendered":"https:\/\/portal.uern.br\/natal\/direito\/?page_id=652"},"modified":"2026-04-14T09:22:07","modified_gmt":"2026-04-14T12:22:07","slug":"formularios_servicos","status":"publish","type":"page","link":"https:\/\/portal.uern.br\/natal\/direito\/apresentacao\/formularios_servicos\/","title":{"rendered":"Formul\u00e1rios e servi\u00e7os"},"content":{"rendered":"<h2><img fetchpriority=\"high\" decoding=\"async\" class=\"\" src=\"https:\/\/portal.uern.br\/natal\/direito\/wp-content\/uploads\/sites\/10\/2026\/04\/Aviso-modelo-post-de-instagram.png\" width=\"373\" height=\"373\" \/><\/h2>\n<h2><strong>Formul\u00e1rios &#8211; discentes<\/strong><\/h2>\n<h5><span style=\"color: #ffffff\">.<\/span>Avalia\u00e7\u00f5es e Frequ\u00eancia<\/h5>\n<p><strong><a href=\"https:\/\/drive.google.com\/uc?export=download&amp;id=1aWjL2M0dpAxj3WYluRrCJzKDC4gcPyU9\">1. Requerimento para solicitar segunda chamada de avalia\u00e7\u00e3o<\/a>; &#8211; Preencha, assine e envie ao(\u00e0) docente com c\u00f3pia para direito_natal@uern.br.<\/strong><\/p>\n<p><strong><a href=\"https:\/\/docs.google.com\/document\/d\/1GJ8nPjiXhvYDaIZvU8G0fCANLWYJXSZb\/export?format=docx\">2. * Modelo de declara\u00e7\u00e3o de comparecimento \u00e0 prova ou outras atividades avaliativas<\/a> (<a href=\"https:\/\/drive.google.com\/uc?export=download&amp;id=1B8aMD70kl1TwfhMJ6a2-e8GSlmVwmO0H\">vers\u00e3o pdf<\/a>) (<a href=\"https:\/\/docs.google.com\/document\/d\/1GJ8nPjiXhvYDaIZvU8G0fCANLWYJXSZb\/export?format=docx\">vers\u00e3o Word<\/a>) *Instru\u00e7\u00f5es para utiliza\u00e7\u00e3o do documento:<\/strong><\/p>\n<ul data-start=\"293\" data-end=\"757\">\n<li data-section-id=\"7lnb9b\" data-start=\"293\" data-end=\"398\">\n<p data-start=\"295\" data-end=\"398\">O(a) discente deve preencher todos os campos do modelo com seus dados e as informa\u00e7\u00f5es da disciplina.<\/p>\n<\/li>\n<li data-section-id=\"1oe9j69\" data-start=\"399\" data-end=\"483\">\n<p data-start=\"401\" data-end=\"483\">Ap\u00f3s o preenchimento, o documento deve ser impresso ou salvo em formato digital.<\/p>\n<\/li>\n<li data-section-id=\"uppf7v\" data-start=\"484\" data-end=\"572\">\n<p data-start=\"486\" data-end=\"572\">O(a) discente deve solicitar a assinatura do(a) docente respons\u00e1vel pela disciplina.<\/p>\n<\/li>\n<li data-section-id=\"1t9t72g\" data-start=\"573\" data-end=\"676\">\n<p data-start=\"575\" data-end=\"676\">A assinatura pode ser realizada de forma f\u00edsica ou digital, conforme disponibilidade do(a) docente.<\/p>\n<\/li>\n<li data-section-id=\"1pr6n2u\" data-start=\"677\" data-end=\"757\">\n<p data-start=\"679\" data-end=\"757\">Ap\u00f3s assinado, o documento poder\u00e1 ser utilizado para os fins a que se destina.<\/p>\n<\/li>\n<\/ul>\n<p><span style=\"color: #ffffff\">.<\/span><strong><a href=\"https:\/\/drive.google.com\/uc?export=download&amp;id=1ly8ipmwMa5qXsoBZM1bIvP_3-bs262XC\">3. *Formul\u00e1rio para apresenta\u00e7\u00e3o de justificativa de falta<\/a> &#8211; Preencha, assine e envie ao(\u00e0) docente com c\u00f3pia para direito_natal@uern.br.<\/strong><\/p>\n<p data-start=\"348\" data-end=\"536\">*O formul\u00e1rio \u00e9 destinado aos(\u00e0s) discentes que necessitam informar aus\u00eancias \u00e0s aulas por motivo justificado; o\u00a0preenchimento do formul\u00e1rio n\u00e3o garante o abono das faltas, mas possibilita a an\u00e1lise da situa\u00e7\u00e3o pelo(a) docente respons\u00e1vel.<\/p>\n<p data-start=\"265\" data-end=\"530\">Conforme a legisla\u00e7\u00e3o nacional vigente, bem como o Regulamento da UERN (art. 132) e o Regulamento dos Cursos de Gradua\u00e7\u00e3o (RCG), \u00e9 <strong>exigida a frequ\u00eancia m\u00ednima de 75% para aprova\u00e7\u00e3o, n\u00e3o sendo admitidas exce\u00e7\u00f5es<\/strong>. Dessa forma, n\u00e3o h\u00e1 previs\u00e3o de abono de faltas, ainda que justificadas, inclusive em casos de doen\u00e7a ou por motivo de trabalho.<\/p>\n<p data-start=\"532\" data-end=\"913\">O(a) docente, no exerc\u00edcio de sua autonomia did\u00e1tico-pedag\u00f3gica, poder\u00e1 adotar medidas de flexibiliza\u00e7\u00e3o em situa\u00e7\u00f5es espec\u00edficas, como a considera\u00e7\u00e3o de atestados m\u00e9dicos para fins de atividades ou avalia\u00e7\u00f5es. No entanto, tais medidas n\u00e3o configuram um direito autom\u00e1tico do(a) discente, tratando-se de decis\u00f5es pontuais, a crit\u00e9rio do(a) professor(a) respons\u00e1vel pela disciplina.<\/p>\n<p data-start=\"1054\" data-end=\"1247\"><span style=\"color: #ff0000\"><em>\u2794<\/em> Nos casos em que a condi\u00e7\u00e3o de sa\u00fade impe\u00e7a a frequ\u00eancia \u00e0s aulas por per\u00edodo prolongado, o(a) discente poder\u00e1 solicitar <strong>regime domiciliar<\/strong>, nos termos da legisla\u00e7\u00e3o e das normas institucionais &#8211; ver requerimento n\u00ba 06.<\/span><\/p>\n<h5><span style=\"color: #ffffff\">.<\/span><\/h5>\n<h5>Aproveitamento de estudos anteriores<\/h5>\n<p data-start=\"60\" data-end=\"166\">Procedimento destinado ao aproveitamento de disciplinas cursadas antes do ingresso no curso atual na UERN. <span style=\"color: #ff0000\">N\u00e3o \u00e9 permitido o aproveitamento de disciplinas cursadas ap\u00f3s o ingresso no curso atual<\/span>, ainda que realizadas em outro curso ou campus da UERN, exceto nos casos de estudantes com autoriza\u00e7\u00e3o para cursar disciplinas em institui\u00e7\u00f5es conveniadas com a UERN no \u00e2mbito de programas de mobilidade acad\u00eamica.<\/p>\n<p><a href=\"https:\/\/docs.google.com\/document\/d\/1GS_Doy8esgJsGWViEwfT5j16tZp3_WS6sOjvEItq8Uc\/export?format=docx\"><strong>4. Requerimento para aproveitamento de estudo anterior realizado na UERN <\/strong><\/a><strong>&#8211; Preencha, assine e envie para <em>direito_natal@uern.br <\/em>com c\u00f3pia do hist\u00f3rico e programa de estudos com ementas das disciplinas cursadas.<\/strong><\/p>\n<p><a href=\"https:\/\/docs.google.com\/document\/d\/1zneL--kHI68Q1tgOcCuEbSpu1IgZ_tqKtYF8ArQq98A\/export?format=docx\"><strong>5. Requerimento para aproveitamento de estudo anterior realizado em outra institui\u00e7\u00e3o <\/strong><\/a><strong>&#8211; Preencha, assine e envie para <em>direito_natal@uern.br <\/em>com c\u00f3pia do hist\u00f3rico e programa de estudos com ementas das disciplinas cursadas.<\/strong><\/p>\n<p>&nbsp;<\/p>\n<h5>Regimes acad\u00eamicos especiais (exerc\u00edcio domiciliar)<\/h5>\n<p>Podem solicitar o regime estudantes em situa\u00e7\u00f5es como gesta\u00e7\u00e3o, ado\u00e7\u00e3o, licen\u00e7a paternidade, afastamentos por motivo de doen\u00e7a que impe\u00e7am a frequ\u00eancia, participa\u00e7\u00e3o em eventos acad\u00eamicos ou culturais e competi\u00e7\u00f5es oficiais, conforme regulamento. Nos casos de doen\u00e7a, a condi\u00e7\u00e3o deve ser compat\u00edvel com atividades domiciliares, ou seja, \u00e9 necess\u00e1rio que o(a) estudante tenha condi\u00e7\u00f5es f\u00edsicas e intelectuais para realizar as atividades domiciliares.<\/p>\n<p><span style=\"color: #ff0000\"><strong data-start=\"174\" data-end=\"196\"><em>\u2794<\/em> ATEN\u00c7\u00c3O AOS PRAZOS<\/strong><\/span><br data-start=\"196\" data-end=\"199\" \/><span style=\"color: #ff0000\">O requerimento para regime de exerc\u00edcio domiciliar deve ser enviado durante o per\u00edodo de afastamento, at\u00e9 a metade do prazo indicado no atestado m\u00e9dico (limitado a 15 dias). Solicita\u00e7\u00f5es fora desse prazo n\u00e3o ser\u00e3o aceitas.<\/span><\/p>\n<p><strong><a href=\"https:\/\/docs.google.com\/document\/d\/1d-Qst1ao4QgSZxMehgARr1Ic9t03tZg2QaR2fWPDzy0\/export?format=docx\">6. Requerimento para regime de exerc\u00edcio domiciliar <\/a>&#8211; Preencha, assine e envie para <em>direito_natal@uern.br<\/em> com o atestado m\u00e9dico e o plano de estudos (formul\u00e1rio n\u00ba 7) em anexo.<\/strong><\/p>\n<p><strong><a href=\"https:\/\/docs.google.com\/document\/d\/18XES0IjWazAoDo0TXDgeKVwKTTnB89D2IB2HdmEMs7Y\/export?format=docx\">7. Plano de estudos para regime de exerc\u00edcio domiciliar <\/a>&#8211; Preencha e envie em formato edit\u00e1vel (doc\/word) anexado ao formul\u00e1rio n\u00ba 6.\u00a0<\/strong><\/p>\n<p>&nbsp;<\/p>\n<h5>Solicita\u00e7\u00f5es Gerais<\/h5>\n<p><a href=\"https:\/\/docs.google.com\/document\/d\/1hXNitH6XVJx-Ko0ohmCBerdnC0dqUk4KHMRUUcy5LqI\/export?format=docx\">8. Modelo de requerimento para solicita\u00e7\u00f5es diversas (que n\u00e3o sejam as especificadas acima)<\/a><\/p>\n<p>&nbsp;<\/p>\n<h5>Trabalho de Conclus\u00e3o de Curso (TCC)<\/h5>\n<p><a href=\"https:\/\/docs.google.com\/document\/d\/1-ltxspzIH7RNLHDQgLIakL0mnSinWCgq\/export?format=docx\">9. Termo de aceite de orienta\u00e7\u00e3o de TCC<\/a><\/p>\n<p><a href=\"https:\/\/docs.google.com\/document\/d\/1y9hPW33uH-EqOqNMPHBe83xG_VitUcW4B2Tjtt0YCj8\/export?format=docx\">10. Modelo de ata de defesa de TCC<\/a><\/p>\n<p><a href=\"https:\/\/docs.google.com\/document\/d\/1Kq2P7jzWj1E7i7tFXD7nx7iDbFQa73zX\/export?format=docx\">11. Termo de autoriza\u00e7\u00e3o para disponibiliza\u00e7\u00e3o de publica\u00e7\u00e3o eletr\u00f4nica (TCC) na Biblioteca Digital da UERN<\/a><\/p>\n<p><a href=\"https:\/\/docs.google.com\/document\/d\/1HHygfGi5zkf2Lg3V0JG7roiZaFBD4qhcyGZZUnxt4TI\/export?format=docx\">12. Modelo de folha de aprova\u00e7\u00e3o para TCC<\/a><\/p>\n<p>13. M\u00f3dulo para gera\u00e7\u00e3o de ficha catalogr\u00e1fica para TCC: <a href=\"https:\/\/fichacat-biblioteca.apps.uern.br\/#!\/\">https:\/\/fichacat-biblioteca.apps.uern.br\/#!\/<\/a><\/p>\n<p>***<\/p>\n<h5>Documentos do Programa Institucional de Monitoria &#8211; PIM<\/h5>\n<p><a href=\"https:\/\/portal.uern.br\/natal\/direito\/wp-content\/uploads\/sites\/10\/2026\/01\/PIM-2025.2-Modelo-de-folha-de-freqencia-1.docx\">Modelo de folha de frequ\u00eancia 2025.2<\/a> \/ <a href=\"https:\/\/portal.uern.br\/natal\/direito\/wp-content\/uploads\/sites\/10\/2026\/01\/PIM-2025.2-Modelo-de-relatorio-final.doc\">Modelo de Relat\u00f3rio final 2025.2<\/a>\u00a0 &#8211; Ao final do semestre letivo, enviar preenchido e assinado ao email <em>pim@uern.br<\/em> com c\u00f3pia ao departamento (<em>direito_natal@uern.br<\/em>)<\/p>\n<p><a href=\"https:\/\/docs.google.com\/document\/d\/1e4zGhmrFaVv71KzAlBLxGt5Gkcy79EDQK3DlU6gDAtQ\/export?format=docx\">Modelo de folha de frequ\u00eancia<\/a> e <a href=\"https:\/\/docs.google.com\/document\/d\/1qviwD6az7RtQPAFOmaJKS75c0UGunuqT9FXzDwQDMSU\/export?format=docx\">Relat\u00f3rio final 2026.1<\/a> &#8211; Ao final do semestre letivo, enviar preenchido e assinado ao email <em>pim@uern.br<\/em> com c\u00f3pia ao departamento (<em>direito_natal@uern.br<\/em>)<\/p>\n<p>**<\/p>\n<p>Para atualiza\u00e7\u00e3o da carteirinha de estudante: envie seu comprovante de v\u00ednculo para <strong>natal@uern.br<\/strong><\/p>\n<p>***<\/p>\n<p><a href=\"https:\/\/portal.uern.br\/wp-content\/uploads\/2023\/05\/Guia-do-Estudante-2.pdf\">Guia do\/a Estudante<\/a><\/p>\n<p><a href=\"https:\/\/portal.uern.br\/natal\/direito\/estagio-nao-obrigatorio\/\">Setor de Est\u00e1gios N\u00e3o-Obrigat\u00f3rios<\/a><\/p>\n<p><a href=\"https:\/\/portal.uern.br\/natal\/direito\/wp-content\/uploads\/sites\/10\/2023\/10\/Tutorial-SIGAA-Atividades-Complementares_compressed.pdf\">Tutorial de cadastro de atividades complementares<\/a><\/p>\n<p><a href=\"https:\/\/portal.uern.br\/wp-content\/uploads\/2023\/03\/SiGAA-Tutorial-de-cadastro-e-recuperacao-de-login-e-senha-PARA-ESTUDANTES.pdf\">Tutorial de cadastro e recupera\u00e7\u00e3o de login e senha do SIGAA<\/a><\/p>\n<p>***<\/p>\n<h5 data-section-id=\"3ciepp\" data-start=\"77\" data-end=\"99\">Como fazer no SIGAA<\/h5>\n<p data-start=\"101\" data-end=\"170\"><strong data-start=\"101\" data-end=\"126\">Atestado de matr\u00edcula<\/strong><br data-start=\"126\" data-end=\"129\" \/>Caminho: Ensino \u2192 Atestado de matr\u00edcula<\/p>\n<p data-start=\"172\" data-end=\"248\"><strong data-start=\"172\" data-end=\"197\">Declara\u00e7\u00e3o de v\u00ednculo<\/strong><br data-start=\"197\" data-end=\"200\" \/>Caminho: Ensino \u2192 Emitir declara\u00e7\u00e3o de v\u00ednculo<\/p>\n<p data-start=\"250\" data-end=\"310\"><strong data-start=\"250\" data-end=\"271\">Hist\u00f3rico escolar<\/strong><br data-start=\"271\" data-end=\"274\" \/>Caminho: Ensino \u2192 Emitir hist\u00f3rico<\/p>\n<p data-start=\"312\" data-end=\"513\"><strong data-start=\"312\" data-end=\"341\">Trancamento de disciplina<\/strong><br data-start=\"341\" data-end=\"344\" \/>(Consulte o prazo no calend\u00e1rio acad\u00eamico)<br data-start=\"386\" data-end=\"389\" \/>Caminho: Ensino \u2192 Trancamento de matr\u00edcula \u2192 Trancar<br data-start=\"441\" data-end=\"444\" \/>A\u00e7\u00e3o: selecionar as disciplinas e clicar em \u201cSolicitar trancamento\u201d<\/p>\n<p data-start=\"515\" data-end=\"683\"><strong data-start=\"515\" data-end=\"542\">Trancamento de semestre<\/strong><br data-start=\"542\" data-end=\"545\" \/>(Indispon\u00edvel para ingressantes. Consulte o prazo no calend\u00e1rio acad\u00eamico)<br data-start=\"619\" data-end=\"622\" \/>Caminho: Ensino \u2192 Suspens\u00e3o de programa \u2192 Suspens\u00e3o regular<\/p>\n<p>***<\/p>\n<h3><a href=\"https:\/\/docs.google.com\/forms\/d\/e\/1FAIpQLSfN6ql2ck0ywmXwR204e3MnTdnioi8-LiwydXWELa_05AMOAQ\/viewform\"><strong>Formul\u00e1rio para solicita\u00e7\u00e3o de servi\u00e7os acad\u00eamicos<\/strong><\/a> (setor respons\u00e1vel: protocolo.dirca@uern.br)<\/h3>\n<p>Servi\u00e7os:<br \/>\nAltera\u00e7\u00e3o\/corre\u00e7\u00e3o de registro (nome, numera\u00e7\u00e3o, filia\u00e7\u00e3o etc.);<br \/>\nCancelamento de cadastro institucional;<br \/>\nCola\u00e7\u00e3o de grau extraordin\u00e1ria;<br \/>\nDesligamento de curso por vontade pr\u00f3pria;<br \/>\nInclus\u00e3o de nome social;<br \/>\nRecupera\u00e7\u00e3o de documento arquivado na DIRCA.<\/p>\n<h3><a href=\"https:\/\/docs.google.com\/forms\/d\/e\/1FAIpQLScpV1tjjf1QU1801Y6jKqlD-_8Iknb0C7uRt9WvuylsR1pjog\/viewform?pli=1\"><strong>Formul\u00e1rio para solicita\u00e7\u00e3o de documentos acad\u00eamicos<\/strong><\/a> (setor respons\u00e1vel: protocolo.dirca@uern.br)<\/h3>\n<p>Documentos:<br \/>\nCertid\u00e3o de desempenho de aluno\/a especial;<br \/>\nCertid\u00e3o de integraliza\u00e7\u00e3o de cr\u00e9ditos;<br \/>\nCertid\u00e3o de poss\u00edvel concluinte;<br \/>\nCertid\u00e3o de v\u00ednculo;<br \/>\nHist\u00f3rico escolar com IRA;<br \/>\nCertid\u00e3o de conclus\u00e3o;<br \/>\nCertid\u00e3o de conclus\u00e3o;<br \/>\nDeclara\u00e7\u00e3o de IRA;<br \/>\nDeclara\u00e7\u00e3o de desligamento;<br \/>\nDeclara\u00e7\u00e3o de tempo do curso;<br \/>\nDeclara\u00e7\u00e3o de ENADE;<br \/>\nDeclara\u00e7\u00e3o de estudos;<br \/>\nDiploma de curso de gradua\u00e7\u00e3o.<\/p>\n<p>***<\/p>\n<p><strong>Portal do\/a egresso\/a:<\/strong> <a href=\"https:\/\/portal.uern.br\/egressos\">https:\/\/portal.uern.br\/egressos<\/a><\/p>\n<p>***<\/p>\n<h2><strong>Formul\u00e1rios &#8211; docentes<\/strong><\/h2>\n<p><a href=\"https:\/\/docs.google.com\/document\/d\/1bFt0ENYbPnWLKCysULGmPesYH6s52xzdZQ_2D3O-0ww\/export?format=docx\">1. Requerimento padr\u00e3o do(a) servidor(a)<\/a><\/p>\n<p><a href=\"https:\/\/docs.google.com\/document\/d\/1GOBAHr35mTb6GifaZAxHi3-tKr-Fal6gjY2qS5LYSyM\/export?format=docx\">2. Requerimento para progress\u00e3o docente<\/a><\/p>\n<p><a href=\"https:\/\/portal.uern.br\/natal\/direito\/wp-content\/uploads\/sites\/10\/2026\/03\/04770485guia_junta_medica_do_estado.pdf\">3. Guia de encaminhamento de servidor(a) \u00e0 junta m\u00e9dica do estado (IPERN).<\/a> Instru\u00e7\u00f5es:<\/p>\n<p>1 &#8211; Para licen\u00e7as m\u00e9dicas a partir de 15 dias, a guia de encaminhamento deve ser preenchida e assinada pelo(a) servidor(a) e pelo chefe imediato;<br \/>\n2 &#8211; Em seguida, o(a) servidor(a) deve comparecer presencialmente ao IPERN, portando, al\u00e9m da guia de encaminhamento preenchida e assinada:<br \/>\n<span style=\"font-size: 8pt\">\u2022 Documento de identifica\u00e7\u00e3o com foto (original);<\/span><br \/>\n<span style=\"font-size: 8pt\">\u2022 Atestado m\u00e9dico (original);<\/span><br \/>\n<span style=\"font-size: 8pt\">\u2022 Exame complementar se houver;<\/span><br \/>\n<span style=\"font-size: 8pt\">\u2022 C\u00f3pia de contracheque e comprovante de resid\u00eancia atualizados;<\/span><br \/>\n<span style=\"font-size: 8pt\">\u2022 C\u00f3pia do SINAN &#8211; Sistema de Informa\u00e7\u00e3o de Agravos de Notifica\u00e7\u00e3o (em caso de acidente de trabalho).<\/span><br \/>\n3 &#8211; Ap\u00f3s receber a notifica\u00e7\u00e3o do IPERN, o(a) servidor(a) deve encaminhar c\u00f3pia da notifica\u00e7\u00e3o ao departamento (natal@uern.br).<\/p>\n","protected":false},"excerpt":{"rendered":"<p>Formul\u00e1rios &#8211; discentes .Avalia\u00e7\u00f5es e Frequ\u00eancia 1. Requerimento para solicitar segunda chamada de avalia\u00e7\u00e3o; &#8211; Preencha, assine e envie ao(\u00e0) docente com c\u00f3pia para direito_natal@uern.br. 2. * Modelo de declara\u00e7\u00e3o de comparecimento \u00e0 prova ou outras atividades avaliativas (vers\u00e3o pdf) (vers\u00e3o Word) *Instru\u00e7\u00f5es para utiliza\u00e7\u00e3o do documento: O(a) discente deve preencher todos os campos do [&hellip;]<\/p>\n","protected":false},"author":10,"featured_media":0,"parent":286,"menu_order":0,"comment_status":"closed","ping_status":"closed","template":"elementor_theme","meta":{"footnotes":""},"class_list":["post-652","page","type-page","status-publish","hentry"],"_links":{"self":[{"href":"https:\/\/portal.uern.br\/natal\/direito\/wp-json\/wp\/v2\/pages\/652","targetHints":{"allow":["GET"]}}],"collection":[{"href":"https:\/\/portal.uern.br\/natal\/direito\/wp-json\/wp\/v2\/pages"}],"about":[{"href":"https:\/\/portal.uern.br\/natal\/direito\/wp-json\/wp\/v2\/types\/page"}],"author":[{"embeddable":true,"href":"https:\/\/portal.uern.br\/natal\/direito\/wp-json\/wp\/v2\/users\/10"}],"replies":[{"embeddable":true,"href":"https:\/\/portal.uern.br\/natal\/direito\/wp-json\/wp\/v2\/comments?post=652"}],"version-history":[{"count":117,"href":"https:\/\/portal.uern.br\/natal\/direito\/wp-json\/wp\/v2\/pages\/652\/revisions"}],"predecessor-version":[{"id":1118,"href":"https:\/\/portal.uern.br\/natal\/direito\/wp-json\/wp\/v2\/pages\/652\/revisions\/1118"}],"up":[{"embeddable":true,"href":"https:\/\/portal.uern.br\/natal\/direito\/wp-json\/wp\/v2\/pages\/286"}],"wp:attachment":[{"href":"https:\/\/portal.uern.br\/natal\/direito\/wp-json\/wp\/v2\/media?parent=652"}],"curies":[{"name":"wp","href":"https:\/\/api.w.org\/{rel}","templated":true}]}}