{"id":286,"date":"2023-02-05T21:28:52","date_gmt":"2023-02-06T00:28:52","guid":{"rendered":"http:\/\/beta.apps.uern.br\/wordpress\/natal\/direito\/?page_id=286"},"modified":"2026-04-06T08:02:41","modified_gmt":"2026-04-06T11:02:41","slug":"apresentacao","status":"publish","type":"page","link":"https:\/\/portal.uern.br\/natal\/direito\/","title":{"rendered":"Apresenta\u00e7\u00e3o"},"content":{"rendered":"<h2><img fetchpriority=\"high\" decoding=\"async\" class=\"\" src=\"https:\/\/portal.uern.br\/natal\/direito\/wp-content\/uploads\/sites\/10\/2026\/04\/Aviso-modelo-post-de-instagram.png\" width=\"306\" height=\"306\" \/><\/h2>\n<h2>Direito &#8211; Campus Avan\u00e7ado de Natal<\/h2>\n<table style=\"border-collapse: collapse;width: 98.5558%\">\n<tbody>\n<tr>\n<td style=\"width: 42.5782%\"><strong>C\u00f3digo: <\/strong>101310-0<\/td>\n<td style=\"width: 58.5708%\"><strong>Modalidade:\u00a0 <\/strong>Bacharelado<\/td>\n<\/tr>\n<tr>\n<td style=\"width: 42.5782%\"><strong>Carga Hor\u00e1ria Total: <\/strong>3960 horas<\/td>\n<td style=\"width: 58.5708%\"><strong>Tempo do Curso: <\/strong>Entre 5 e 8 anos (m\u00e1ximo)<\/td>\n<\/tr>\n<\/tbody>\n<\/table>\n<p>&nbsp;<\/p>\n<h4><strong><a href=\"https:\/\/portal.uern.br\/proeg\/sisu\/formas-de-ingresso-na-uern\/\">Formas de ingresso<\/a><\/strong><\/h4>\n<h4><\/h4>\n<h4><strong>Objetivo do Curso:<\/strong><\/h4>\n<p>Formar profissionais \u00e0 luz dos princ\u00edpios da equidade e da justi\u00e7a, bem como, t\u00e9cnico-profissional, capacitando-o ao exerc\u00edcio das mais diversas atividades da \u00e1rea jur\u00eddica na perspectiva de uma forma\u00e7\u00e3o \u00e9tico-pol\u00edtica.<br \/>\nFormar bachar\u00e9is\/las criativos\/as e cr\u00edticos\/as, aptos a compreender os problemas contempor\u00e2neos e buscar a sua resolu\u00e7\u00e3o.<\/p>\n<p><strong>Perfil do Formando:<\/strong><\/p>\n<p>Forma\u00e7\u00e3o human\u00edstica, geral e axiol\u00f3gica que o\/a habilite a compreender o Direito como um processo sociocultural., como um conjunto de diretrizes a serem alcan\u00e7adas para entendimento das mudan\u00e7as sociais.<\/p>\n<p>Desenvolvimento de uma postura reflexiva e cr\u00edtica em face do fen\u00f4meno social e jur\u00eddico.<\/p>\n<p>Capacidade para compreender a necessidade do estudo permanente e do aperfei\u00e7oamento profissional, a fim de que esteja apto a enfrentar as novas quest\u00f5es jur\u00eddicas surgidas em decorr\u00eancia das mudan\u00e7as sociais, consci\u00eancia essa fomentada a partir de uma aptid\u00e3o para o desenvolvimento da aprendizagem aut\u00f4noma e din\u00e2mica, buscando a concretiza\u00e7\u00e3o da justi\u00e7a e desenvolvimento da cidadania.<\/p>\n<p><strong>Campo de Atua\u00e7\u00e3o:<\/strong><\/p>\n<ul>\n<li>\u00d3rg\u00e3os p\u00fablicos.<\/li>\n<li>Setor privado.<\/li>\n<li>Institui\u00e7\u00f5es de Ensino Superior<\/li>\n<li>Profissional aut\u00f4nomo.<\/li>\n<\/ul>\n<p>&nbsp;<\/p>\n<p><strong>Atribui\u00e7\u00f5es do profissional formado:<\/strong><\/p>\n<ul>\n<li>Habilitar-se \u00e0 atua\u00e7\u00e3o nas diversas carreiras jur\u00eddicas, tais como: advocacia, magistratura, minist\u00e9rio p\u00fablico, diplomacia, Delegado de carreira: Pol\u00edcia Civil e Pol\u00edcia Federal, Procuradoria de Justi\u00e7a Federal, Estadual, Municipal e Aut\u00e1rquica, Magist\u00e9rio Superior, Notariado e Servi\u00e7o P\u00fablico em geral.<\/li>\n<li>Prestar consultoria jur\u00eddica.<\/li>\n<li>Emitir pareceres jur\u00eddicos.<\/li>\n<li>Habilitar-se \u00e0 doc\u00eancia na \u00e1rea de Ci\u00eancias Jur\u00eddicas.<\/li>\n<li>Atuar como conciliador nos juizados especiais c\u00edveis.<\/li>\n<li>Arbitrar nos termos de ordenamento jur\u00eddico p\u00e1trio.<\/li>\n<\/ul>\n","protected":false},"excerpt":{"rendered":"<p>Direito &#8211; Campus Avan\u00e7ado de Natal C\u00f3digo: 101310-0 Modalidade:\u00a0 Bacharelado Carga Hor\u00e1ria Total: 3960 horas Tempo do Curso: Entre 5 e 8 anos (m\u00e1ximo) &nbsp; Formas de ingresso Objetivo do Curso: Formar profissionais \u00e0 luz dos princ\u00edpios da equidade e da justi\u00e7a, bem como, t\u00e9cnico-profissional, capacitando-o ao exerc\u00edcio das mais diversas atividades da \u00e1rea jur\u00eddica [&hellip;]<\/p>\n","protected":false},"author":10,"featured_media":0,"parent":0,"menu_order":0,"comment_status":"closed","ping_status":"closed","template":"elementor_theme","meta":{"footnotes":""},"class_list":["post-286","page","type-page","status-publish","hentry"],"_links":{"self":[{"href":"https:\/\/portal.uern.br\/natal\/direito\/wp-json\/wp\/v2\/pages\/286","targetHints":{"allow":["GET"]}}],"collection":[{"href":"https:\/\/portal.uern.br\/natal\/direito\/wp-json\/wp\/v2\/pages"}],"about":[{"href":"https:\/\/portal.uern.br\/natal\/direito\/wp-json\/wp\/v2\/types\/page"}],"author":[{"embeddable":true,"href":"https:\/\/portal.uern.br\/natal\/direito\/wp-json\/wp\/v2\/users\/10"}],"replies":[{"embeddable":true,"href":"https:\/\/portal.uern.br\/natal\/direito\/wp-json\/wp\/v2\/comments?post=286"}],"version-history":[{"count":16,"href":"https:\/\/portal.uern.br\/natal\/direito\/wp-json\/wp\/v2\/pages\/286\/revisions"}],"predecessor-version":[{"id":1099,"href":"https:\/\/portal.uern.br\/natal\/direito\/wp-json\/wp\/v2\/pages\/286\/revisions\/1099"}],"wp:attachment":[{"href":"https:\/\/portal.uern.br\/natal\/direito\/wp-json\/wp\/v2\/media?parent=286"}],"curies":[{"name":"wp","href":"https:\/\/api.w.org\/{rel}","templated":true}]}}