{"id":1070,"date":"2026-03-19T09:12:22","date_gmt":"2026-03-19T12:12:22","guid":{"rendered":"https:\/\/portal.uern.br\/natal\/direito\/?page_id=1070"},"modified":"2026-04-14T08:53:46","modified_gmt":"2026-04-14T11:53:46","slug":"estagio-nao-obrigatorio","status":"publish","type":"page","link":"https:\/\/portal.uern.br\/natal\/direito\/estagio-nao-obrigatorio\/","title":{"rendered":"Est\u00e1gio N\u00e3o Obrigat\u00f3rio"},"content":{"rendered":"<h2 data-section-id=\"1he2yvu\" data-start=\"95\" data-end=\"151\">PASSO A PASSO DO EST\u00c1GIO CURRICULAR N\u00c3O OBRIGAT\u00d3RIO<\/h2>\n<p data-start=\"152\" data-end=\"217\"><strong data-start=\"152\" data-end=\"217\">(Termo de Compromisso de Est\u00e1gio \u2013 TCE e Plano de Atividades)<\/strong><\/p>\n<h3 data-section-id=\"32lgov\" data-start=\"219\" data-end=\"243\">1. In\u00edcio do est\u00e1gio<\/h3>\n<p data-start=\"244\" data-end=\"431\">Ao conseguir uma vaga de est\u00e1gio por meio de agentes de integra\u00e7\u00e3o (IEL, CIEE, CIDE, entre outros) ou diretamente em empresas e institui\u00e7\u00f5es conveniadas com a UERN, o(a) estudante dever\u00e1:<\/p>\n<ul data-start=\"433\" data-end=\"793\">\n<li data-section-id=\"1b5dev0\" data-start=\"433\" data-end=\"684\">\n<p data-start=\"435\" data-end=\"458\">Solicitar \u00e0 concedente:<\/p>\n<ul data-start=\"461\" data-end=\"684\">\n<li data-section-id=\"1wbof1x\" data-start=\"461\" data-end=\"574\">\n<p data-start=\"463\" data-end=\"574\">O <strong data-start=\"465\" data-end=\"506\">Termo de Compromisso de Est\u00e1gio (TCE)<\/strong> (com informa\u00e7\u00f5es sobre carga hor\u00e1ria, bolsa, direitos e deveres);<\/p>\n<\/li>\n<li data-section-id=\"j2ufpx\" data-start=\"577\" data-end=\"684\">\n<p data-start=\"579\" data-end=\"684\">O <strong data-start=\"581\" data-end=\"604\">Plano de Atividades<\/strong> (com a descri\u00e7\u00e3o das atividades que ser\u00e3o desenvolvidas pelo(a) estagi\u00e1rio(a));<\/p>\n<\/li>\n<\/ul>\n<\/li>\n<li data-section-id=\"2kjo9h\" data-start=\"686\" data-end=\"793\">\n<p data-start=\"688\" data-end=\"735\">Assinar os documentos e coletar as assinaturas:<\/p>\n<ul data-start=\"738\" data-end=\"793\">\n<li data-section-id=\"1e8ndb6\" data-start=\"738\" data-end=\"759\">\n<p data-start=\"740\" data-end=\"759\">Do(a) concedente;<\/p>\n<\/li>\n<li data-section-id=\"1140zkc\" data-start=\"762\" data-end=\"793\">\n<p data-start=\"764\" data-end=\"793\">Do(a) supervisor(a) de campo da institui\u00e7\u00e3o do est\u00e1gio.<\/p>\n<\/li>\n<\/ul>\n<\/li>\n<\/ul>\n<p><span style=\"color: #ff0000\"><strong>Aten\u00e7\u00e3o<\/strong><strong>:<\/strong><\/span> <span style=\"color: #ff0000\">\u00e9 obrigat\u00f3rio que a institui\u00e7\u00e3o concedente possua conv\u00eanio vigente com a UERN para a formaliza\u00e7\u00e3o do est\u00e1gio<\/span>. Caso n\u00e3o possua, poder\u00e1 solicitar os tr\u00e2mites pelo e-mail: <a href=\"mailto:sec.prae@uern.br\">sec.prae@uern.br<\/a>.<\/p>\n<hr data-start=\"795\" data-end=\"798\" \/>\n<h3 data-section-id=\"hqz30q\" data-start=\"800\" data-end=\"827\">2. Envio dos documentos<\/h3>\n<p data-start=\"828\" data-end=\"966\">O(a) estudante dever\u00e1 enviar o <strong data-start=\"859\" data-end=\"866\">TCE<\/strong> e o <strong data-start=\"871\" data-end=\"894\">Plano de Atividades<\/strong>, j\u00e1 assinados, para o e-mail do Departamento:<br data-start=\"940\" data-end=\"943\" \/><a class=\"decorated-link cursor-pointer\" rel=\"noopener\" data-start=\"943\" data-end=\"964\">direito_natal@uern.br<\/a><\/p>\n<p data-start=\"968\" data-end=\"1011\">Ap\u00f3s o envio, o Departamento providenciar\u00e1:<\/p>\n<ul data-start=\"1012\" data-end=\"1123\">\n<li data-section-id=\"11kc8r3\" data-start=\"1012\" data-end=\"1073\">\n<p data-start=\"1014\" data-end=\"1073\">A assinatura do(a) professor(a) orientador(a) de est\u00e1gio;<\/p>\n<\/li>\n<li data-section-id=\"1n8duol\" data-start=\"1074\" data-end=\"1123\">\n<p data-start=\"1076\" data-end=\"1123\">A assinatura do(a) representante institucional.<\/p>\n<\/li>\n<\/ul>\n<p data-start=\"1125\" data-end=\"1268\"><strong data-start=\"1125\" data-end=\"1137\"><span style=\"color: #ff0000\">Aten\u00e7\u00e3o:<\/span><\/strong><span style=\"color: #ff0000\"> o(a) orientador(a) de est\u00e1gio n\u00e3o \u00e9 o(a) mesmo(a) docente que atua como orientador(a) acad\u00eamico(a).<\/span> Trata-se de fun\u00e7\u00f5es distintas. Confira os dados do orientador de est\u00e1gios do curso a seguir.<\/p>\n<hr data-start=\"1270\" data-end=\"1273\" \/>\n<h2 data-section-id=\"wdd5kw\" data-start=\"1275\" data-end=\"1320\">DADOS DA INSTITUI\u00c7\u00c3O (para emiss\u00e3o do TCE)<\/h2>\n<p data-start=\"1322\" data-end=\"1614\"><strong data-start=\"1322\" data-end=\"1348\">Institui\u00e7\u00e3o de Ensino:<\/strong><br data-start=\"1348\" data-end=\"1351\" \/>Universidade do Estado do Rio Grande do Norte \u2013 UERN<br data-start=\"1403\" data-end=\"1406\" \/>CNPJ: 08.258.295\/0001-2<br data-start=\"1429\" data-end=\"1432\" \/>Endere\u00e7o: Av. Dr. Jo\u00e3o Medeiros Filho, 3419, Potengi, CEP 59120-200<br data-start=\"1499\" data-end=\"1502\" \/>E-mail: <a class=\"decorated-link cursor-pointer\" rel=\"noopener\" data-start=\"1510\" data-end=\"1523\">natal@uern.br<\/a><br data-start=\"1523\" data-end=\"1526\" \/>Telefone: (84) 98636-8433<br data-start=\"1551\" data-end=\"1554\" \/><strong data-start=\"1554\" data-end=\"1578\">Representante legal:<\/strong> Cic\u00edlia Raquel Maia Leite (Reitora)<\/p>\n<p data-start=\"1616\" data-end=\"1963\"><strong data-start=\"1616\" data-end=\"1664\">Representante institucional para assinatura:<\/strong><br data-start=\"1664\" data-end=\"1667\" \/>Daniel de Morais Cunha<br data-start=\"1689\" data-end=\"1692\" \/>Chefe do Setor de Est\u00e1gios N\u00e3o-Obrigat\u00f3rios da PRAE\/UERN<br data-start=\"1748\" data-end=\"1751\" \/>Portaria n\u00ba 3210\/2022 \u2013 GP\/FUERN | Matr\u00edcula n\u00ba 81647<br data-start=\"1804\" data-end=\"1807\" \/>Endere\u00e7o: Av. Professor Ant\u00f4nio Campos, s\/n, BR 110, km 48, Costa e Silva, Mossor\u00f3\/RN, CEP 59600-000<br data-start=\"1907\" data-end=\"1910\" \/>E-mail: <a class=\"decorated-link cursor-pointer\" rel=\"noopener\" data-start=\"1918\" data-end=\"1934\">sec.prae@uern.br<\/a><br data-start=\"1934\" data-end=\"1937\" \/>Telefone: (84) 3315-2185<\/p>\n<p data-start=\"1965\" data-end=\"2136\"><strong>Professor orientador de est\u00e1gio do curso:<\/strong><br \/>\nProf. Marcelo Roberto Silva dos Santos<br \/>\nForma\u00e7\u00e3o: Doutorado em Direito<br \/>\nMatr\u00edcula n\u00ba 04533-0<br \/>\nE-mail: marceloroberto@uern.br<br \/>\nTelefone: (84) 3232-3554<\/p>\n<hr data-start=\"2138\" data-end=\"2141\" \/>\n<h2 data-section-id=\"19kx5ao\" data-start=\"2143\" data-end=\"2162\">LEIA COM ATEN\u00c7\u00c3O<\/h2>\n<ul data-start=\"2164\" data-end=\"2780\">\n<li data-section-id=\"mgglcq\" data-start=\"2164\" data-end=\"2225\">\n<p data-start=\"2166\" data-end=\"2225\">N\u00e3o \u00e9 permitido assinar documentos com datas retroativas.<\/p>\n<\/li>\n<li data-section-id=\"aokpmr\" data-start=\"2226\" data-end=\"2363\">\n<p data-start=\"2228\" data-end=\"2276\">N\u00e3o ser\u00e3o aceitos documentos sem as assinaturas:<\/p>\n<ul data-start=\"2279\" data-end=\"2363\">\n<li data-section-id=\"1n60ie8\" data-start=\"2279\" data-end=\"2303\">\n<p data-start=\"2281\" data-end=\"2303\">Do(a) estagi\u00e1rio(a);<\/p>\n<\/li>\n<li data-section-id=\"1e8ndb6\" data-start=\"2306\" data-end=\"2327\">\n<p data-start=\"2308\" data-end=\"2327\">Do(a) concedente;<\/p>\n<\/li>\n<li data-section-id=\"1x9wowc\" data-start=\"2330\" data-end=\"2363\">\n<p data-start=\"2332\" data-end=\"2363\">Do(a) supervisor(a) de campo da institui\u00e7\u00e3o do est\u00e1gio.<\/p>\n<\/li>\n<\/ul>\n<\/li>\n<li data-section-id=\"1r2gxvr\" data-start=\"2365\" data-end=\"2593\">\n<p data-start=\"2367\" data-end=\"2473\">Para assinatura do(a) representante institucional na Uern, o Departamento envia os documentos \u00e0 PRAE, que realiza:<\/p>\n<ul data-start=\"2476\" data-end=\"2593\">\n<li data-section-id=\"1ln65ks\" data-start=\"2476\" data-end=\"2512\">\n<p data-start=\"2478\" data-end=\"2512\">Verifica\u00e7\u00e3o dos aspectos legais;<\/p>\n<\/li>\n<li data-section-id=\"1usajrd\" data-start=\"2515\" data-end=\"2593\">\n<p data-start=\"2517\" data-end=\"2593\">An\u00e1lise de conformidade com as normas internas e com a Lei n\u00ba 11.788\/2008.<\/p>\n<\/li>\n<\/ul>\n<\/li>\n<li data-section-id=\"r1e47u\" data-start=\"2595\" data-end=\"2656\">\n<p data-start=\"2597\" data-end=\"2656\">Somente ap\u00f3s essa verifica\u00e7\u00e3o o TCE \u00e9 considerado v\u00e1lido.<\/p>\n<\/li>\n<li data-section-id=\"9j82iw\" data-start=\"2658\" data-end=\"2780\">\n<p data-start=\"2660\" data-end=\"2780\"><strong>O(a) estudante e a concedente devem considerar o prazo de an\u00e1lise da PRAE.<\/strong><br data-start=\"2734\" data-end=\"2737\" \/><span style=\"color: #ff0000\"><strong>N\u00e3o \u00e9 poss\u00edvel atender demandas urgentes. Confira os prazos a seguir.<\/strong><\/span><\/p>\n<\/li>\n<\/ul>\n<hr data-start=\"2782\" data-end=\"2785\" \/>\n<h2 data-section-id=\"19zbkyo\" data-start=\"2787\" data-end=\"2796\">PRAZOS<\/h2>\n<ul data-start=\"2798\" data-end=\"3315\">\n<li data-section-id=\"pr0hxs\" data-start=\"2798\" data-end=\"2893\">\n<p data-start=\"2800\" data-end=\"2893\">O prazo para tramita\u00e7\u00e3o completa (assinaturas + an\u00e1lise da PRAE) \u00e9 de at\u00e9 <strong data-start=\"2874\" data-end=\"2890\">5 dias \u00fateis<\/strong>.<\/p>\n<\/li>\n<li data-section-id=\"mfglbb\" data-start=\"2895\" data-end=\"3016\">\n<p data-start=\"2897\" data-end=\"3016\">A contagem do prazo inicia apenas ap\u00f3s o recebimento dos documentos completos, com todas as assinaturas obrigat\u00f3rias.<\/p>\n<\/li>\n<li data-section-id=\"16nokaj\" data-start=\"3018\" data-end=\"3105\">\n<p data-start=\"3020\" data-end=\"3105\">Documentos incompletos ser\u00e3o devolvidos, e o prazo reinicia ap\u00f3s o reenvio correto.<\/p>\n<\/li>\n<li data-section-id=\"4zuah1\" data-start=\"3107\" data-end=\"3315\">\n<p data-start=\"3109\" data-end=\"3204\">O TCE n\u00e3o poder\u00e1 ser enviado \u00e0 PRAE com menos de <strong data-start=\"3158\" data-end=\"3201\">2 dias \u00fateis antes do in\u00edcio do est\u00e1gio<\/strong>.<\/p>\n<ul data-start=\"3207\" data-end=\"3315\">\n<li data-section-id=\"1evtxhn\" data-start=\"3207\" data-end=\"3259\">\n<p data-start=\"3209\" data-end=\"3259\">Essa regra tamb\u00e9m se aplica aos termos aditivos.<\/p>\n<\/li>\n<li data-section-id=\"sem6kg\" data-start=\"3262\" data-end=\"3315\">\n<p data-start=\"3264\" data-end=\"3315\">Documentos fora desse prazo dever\u00e3o ser refeitos.<\/p>\n<\/li>\n<\/ul>\n<\/li>\n<\/ul>\n<hr data-start=\"3317\" data-end=\"3320\" \/>\n<h2 data-section-id=\"j2bwva\" data-start=\"3322\" data-end=\"3335\">IMPORTANTE<\/h2>\n<ul data-start=\"3337\" data-end=\"3815\">\n<li data-section-id=\"15s6fij\" data-start=\"3337\" data-end=\"3422\">\n<p data-start=\"3339\" data-end=\"3422\">O(a) estudante s\u00f3 poder\u00e1 iniciar o est\u00e1gio ap\u00f3s a coleta de todas as assinaturas.<\/p>\n<\/li>\n<li data-section-id=\"pl9zv8\" data-start=\"3424\" data-end=\"3617\">\n<p data-start=\"3426\" data-end=\"3507\"><strong>A cada 6 meses, ou em caso de renova\u00e7\u00e3o\/novo contrato<\/strong>, o(a) estagi\u00e1rio(a) dever\u00e1:<\/p>\n<ul data-start=\"3510\" data-end=\"3617\">\n<li data-section-id=\"biifwa\" data-start=\"3510\" data-end=\"3563\">\n<p data-start=\"3512\" data-end=\"3563\">Elaborar o Relat\u00f3rio de Est\u00e1gio (modelo da UERN);<\/p>\n<\/li>\n<li data-section-id=\"10f0ss9\" data-start=\"3566\" data-end=\"3617\">\n<p data-start=\"3568\" data-end=\"3617\">Encaminh\u00e1-lo \u00e0 PRAE com as devidas assinaturas.<\/p>\n<\/li>\n<\/ul>\n<\/li>\n<li data-section-id=\"elbuzf\" data-start=\"3619\" data-end=\"3680\">\n<p data-start=\"3621\" data-end=\"3680\"><strong><span style=\"color: #ff0000\">A n\u00e3o entrega do relat\u00f3rio impede a renova\u00e7\u00e3o do est\u00e1gio.<\/span><\/strong><\/p>\n<\/li>\n<li data-section-id=\"1k9dw7x\" data-start=\"3682\" data-end=\"3815\">\n<p data-start=\"3684\" data-end=\"3815\">Conforme a Lei n\u00ba 11.788\/2008, o est\u00e1gio tem dura\u00e7\u00e3o de at\u00e9 1 ano, podendo ser prorrogado por igual per\u00edodo na mesma institui\u00e7\u00e3o.<\/p>\n<\/li>\n<\/ul>\n<hr data-start=\"3817\" data-end=\"3820\" \/>\n<h2 data-section-id=\"ysn758\" data-start=\"3822\" data-end=\"3838\">TERMO ADITIVO<\/h2>\n<p data-start=\"3840\" data-end=\"3935\">O Termo Aditivo somente ser\u00e1 analisado se for enviado ao e-mail do Departamento acompanhado de:<\/p>\n<ul data-start=\"3937\" data-end=\"4073\">\n<li data-section-id=\"1ijhrqt\" data-start=\"3937\" data-end=\"3995\">\n<p data-start=\"3939\" data-end=\"3995\">Relat\u00f3rio de est\u00e1gio referente ao per\u00edodo j\u00e1 cumprido;<\/p>\n<\/li>\n<li data-section-id=\"12bks3c\" data-start=\"3996\" data-end=\"4073\">\n<p data-start=\"3998\" data-end=\"4010\">Com as assinaturas:<\/p>\n<ul data-start=\"4013\" data-end=\"4073\">\n<li data-section-id=\"1n60ie8\" data-start=\"4013\" data-end=\"4037\">\n<p data-start=\"4015\" data-end=\"4037\">Do(a) estagi\u00e1rio(a);<\/p>\n<\/li>\n<li data-section-id=\"1x9wowc\" data-start=\"4040\" data-end=\"4073\">\n<p data-start=\"4042\" data-end=\"4073\">Do(a) supervisor(a) de campo da institui\u00e7\u00e3o do est\u00e1gio.<\/p>\n<\/li>\n<li>Do(a) concedente;<\/li>\n<\/ul>\n<\/li>\n<\/ul>\n<p data-start=\"4075\" data-end=\"4142\"><span style=\"color: #ff0000\"><strong>Termos aditivos sem relat\u00f3rio ou sem assinaturas n\u00e3o ser\u00e3o aceitos.<\/strong><\/span><\/p>\n<hr data-start=\"795\" data-end=\"798\" \/>\n<h3 data-section-id=\"1s856qk\" data-start=\"191\" data-end=\"238\">T\u00c9RMINO DE EST\u00c1GIO E IN\u00cdCIO DE NOVO V\u00cdNCULO<\/h3>\n<p data-start=\"240\" data-end=\"369\">Em caso de encerramento de um est\u00e1gio e in\u00edcio de outro, o(a) estudante dever\u00e1:<\/p>\n<ul data-start=\"371\" data-end=\"740\">\n<li data-section-id=\"bs11jf\" data-start=\"371\" data-end=\"521\">Solicitar \u00e0 concedente do est\u00e1gio anterior o <strong data-start=\"418\" data-end=\"456\">Termo de Rescis\u00e3o de Est\u00e1gio (TRE)<\/strong> ou documento equivalente, e documento que comprove o encerramento do v\u00ednculo;<\/li>\n<li data-section-id=\"1b0xezm\" data-start=\"522\" data-end=\"629\">Elaborar o <strong data-start=\"535\" data-end=\"559\">Relat\u00f3rio de Est\u00e1gio<\/strong> referente ao per\u00edodo efetivamente realizado, conforme modelo da UERN;<\/li>\n<li data-section-id=\"17pf44l\" data-start=\"630\" data-end=\"740\">Garantir que o relat\u00f3rio esteja devidamente assinado pelo(a) estagi\u00e1rio(a) e pelo(a) supervisor(a) de campo.<\/li>\n<\/ul>\n<p data-start=\"742\" data-end=\"750\"><span style=\"color: #ff0000\"><strong>Aten\u00e7\u00e3o:<\/strong><\/span><\/p>\n<ul data-start=\"752\" data-end=\"1116\">\n<li data-section-id=\"7c0oq7\" data-start=\"752\" data-end=\"836\"><strong><span style=\"color: #ff0000\">O in\u00edcio de um novo est\u00e1gio est\u00e1 condicionado \u00e0 regulariza\u00e7\u00e3o do est\u00e1gio anterior;<\/span><\/strong><\/li>\n<li data-section-id=\"dluz1e\" data-start=\"837\" data-end=\"998\">N\u00e3o ser\u00e3o analisados novos Termos de Compromisso de Est\u00e1gio (TCE) sem a apresenta\u00e7\u00e3o do <strong data-start=\"927\" data-end=\"958\">documento de rescis\u00e3o, do TRE<\/strong>\u00a0e do <strong data-start=\"964\" data-end=\"997\">relat\u00f3rio do est\u00e1gio anterior<\/strong>;<\/li>\n<li data-section-id=\"1m5k8h0\" data-start=\"999\" data-end=\"1116\">O(a) estudante deve observar os prazos institucionais, evitando interrup\u00e7\u00f5es ou sobreposi\u00e7\u00e3o irregular de v\u00ednculos.<\/li>\n<\/ul>\n<hr \/>\n<h3 class=\"western\" lang=\"pt-PT\">Legisla\u00e7\u00e3o<\/h3>\n<ul>\n<li><a href=\"http:\/\/www.planalto.gov.br\/ccivil_03\/_Ato2007-2010\/2008\/Lei\/L11788.htm\">LEI N\u00ba11.788, DE 25 DE SETEMBRO DE 2008;<\/a><\/li>\n<li><a href=\"https:\/\/www.uern.br\/controledepaginas\/dae-resolucoes\/arquivos\/29880068resolucao_n0_15_2017___consepe___aprova_o_regulamento_de_estagio_curricular_supervisionado_nao_obrigatorio.pdf\">RESOLU\u00c7\u00c3ON\u00ba15\/2017CONSEPE\/UERN;<\/a><\/li>\n<li><a href=\"https:\/\/portal.uern.br\/prae\/wp-content\/uploads\/2023\/05\/Instrucao-Normativa-No-01-2022-Cadastro-e-liberacao-de-TCE.pdf\">INSTRU\u00c7\u00c3O NORMATIVA-SEI N\u00ba1, DE 26 DE JANEIRO DE 2022;<\/a><\/li>\n<li><a href=\"https:\/\/portal.uern.br\/prae\/wp-content\/uploads\/2023\/05\/Resolucao-09_2019.pdf\">RESOLU\u00c7\u00c3O N\u00ba 009\/2019.<\/a><\/li>\n<\/ul>\n<h3 class=\"western\" lang=\"pt-PT\">Modelos de Documentos<\/h3>\n<ul>\n<li><a href=\"https:\/\/drive.google.com\/uc?export=download&amp;id=1-UjA_OUVGxfuvJFHgaiHnx_t8gifBx-w\">MODELO DE RELAT\u00d3RIO DE EST\u00c1GIO<\/a><\/li>\n<li><a href=\"https:\/\/docs.google.com\/document\/d\/1P48yQWFeZfk6uhwNXTuCPwV4nB6h0AVX\/edit?usp=share_link&amp;ouid=113378929183415982703&amp;rtpof=true&amp;sd=true\">MODELO DE TRE<\/a><\/li>\n<li><a href=\"https:\/\/docs.google.com\/document\/d\/1GhuFE3C9PnCyu652DVLEsY0cdBR7lbqj\/edit?usp=share_link&amp;ouid=113378929183415982703&amp;rtpof=true&amp;sd=true\">MODELO DE TCE (PADR\u00c3O)<\/a><\/li>\n<\/ul>\n<hr \/>\n<h2>D\u00daVIDAS<\/h2>\n<p>Em caso de d\u00favidas, entrar em contato pelos e-mails:<br \/>\n<a href=\"mailto:direito_natal@uern.br\">direito_natal@uern.br<\/a><br \/>\n<a href=\"mailto:sec.prae@uern.br\">sec.prae@uern.br<\/a><\/p>\n<hr \/>\n","protected":false},"excerpt":{"rendered":"<p>PASSO A PASSO DO EST\u00c1GIO CURRICULAR N\u00c3O OBRIGAT\u00d3RIO (Termo de Compromisso de Est\u00e1gio \u2013 TCE e Plano de Atividades) 1. In\u00edcio do est\u00e1gio Ao conseguir uma vaga de est\u00e1gio por meio de agentes de integra\u00e7\u00e3o (IEL, CIEE, CIDE, entre outros) ou diretamente em empresas e institui\u00e7\u00f5es conveniadas com a UERN, o(a) estudante dever\u00e1: Solicitar \u00e0 [&hellip;]<\/p>\n","protected":false},"author":10,"featured_media":0,"parent":0,"menu_order":0,"comment_status":"closed","ping_status":"closed","template":"","meta":{"footnotes":""},"class_list":["post-1070","page","type-page","status-publish","hentry"],"_links":{"self":[{"href":"https:\/\/portal.uern.br\/natal\/direito\/wp-json\/wp\/v2\/pages\/1070","targetHints":{"allow":["GET"]}}],"collection":[{"href":"https:\/\/portal.uern.br\/natal\/direito\/wp-json\/wp\/v2\/pages"}],"about":[{"href":"https:\/\/portal.uern.br\/natal\/direito\/wp-json\/wp\/v2\/types\/page"}],"author":[{"embeddable":true,"href":"https:\/\/portal.uern.br\/natal\/direito\/wp-json\/wp\/v2\/users\/10"}],"replies":[{"embeddable":true,"href":"https:\/\/portal.uern.br\/natal\/direito\/wp-json\/wp\/v2\/comments?post=1070"}],"version-history":[{"count":16,"href":"https:\/\/portal.uern.br\/natal\/direito\/wp-json\/wp\/v2\/pages\/1070\/revisions"}],"predecessor-version":[{"id":1115,"href":"https:\/\/portal.uern.br\/natal\/direito\/wp-json\/wp\/v2\/pages\/1070\/revisions\/1115"}],"wp:attachment":[{"href":"https:\/\/portal.uern.br\/natal\/direito\/wp-json\/wp\/v2\/media?parent=1070"}],"curies":[{"name":"wp","href":"https:\/\/api.w.org\/{rel}","templated":true}]}}