{"id":1032,"date":"2024-03-06T08:51:56","date_gmt":"2024-03-06T11:51:56","guid":{"rendered":"https:\/\/portal.uern.br\/natal\/direito\/?page_id=1032"},"modified":"2026-03-26T09:19:05","modified_gmt":"2026-03-26T12:19:05","slug":"estrutura-curricular-ppc-e-outros-documentos","status":"publish","type":"page","link":"https:\/\/portal.uern.br\/natal\/direito\/apresentacao\/estrutura-curricular-ppc-e-outros-documentos\/","title":{"rendered":"Estrutura curricular, PPC e outros documentos"},"content":{"rendered":"<h5 class=\"western\">Direito \u2013 Campus Avan\u00e7ado de Natal<\/h5>\n<p><strong><a href=\"https:\/\/portal.uern.br\/proeg\/wp-content\/uploads\/2023\/10\/PPC-Direito-CAN-2024-Homologado-em-19.10.2023.pdf\"><span style=\"color: #000000\">Projeto Pedag\u00f3gico (2024 \u2013 VIGENTE a partir de 2024.1)<\/span><\/a><\/strong><\/p>\n<p><strong><a href=\"https:\/\/portal.uern.br\/proeg\/wp-content\/uploads\/2023\/07\/PPC-Direito-2007-Atualizado-em-2017.pdf\"><span style=\"color: #000000\">Projeto Pedag\u00f3gico <\/span><\/a><\/strong><a href=\"https:\/\/portal.uern.br\/proeg\/wp-content\/uploads\/2023\/07\/PPC-Direito-2007-Atualizado-em-2017.pdf\"><span style=\"color: #000000\"><strong>(2007-2023<\/strong> &#8211;<\/span><\/a><a href=\"https:\/\/portal.uern.br\/proeg\/wp-content\/uploads\/2023\/07\/PPC-Direito-2007-Atualizado-em-2017.pdf\"><span style=\"color: #000000\">para fins de consulta de discentes ingressantes at\u00e9 2023.2)<\/span><\/a><\/p>\n<p>&nbsp;<\/p>\n<p><strong><span style=\"color: #000000\"><a href=\"https:\/\/portal.uern.br\/natal\/direito\/wp-content\/uploads\/sites\/10\/2025\/09\/Estrutura-curricular-NDI2024-nova-a-partir-de-2024.1-atualizada.pdf\">Estrutura curricular atual<\/a>\u00a0<\/span><\/strong>(vigente desde 2024.1)<\/p>\n<p><strong><a href=\"https:\/\/portal.uern.br\/natal\/direito\/wp-content\/uploads\/sites\/10\/2025\/09\/Estrutura-curricular-NDI1002-antiga.pdf\"><span style=\"color: #000000\">Estrutura curricular extinta<\/span><\/a><\/strong> (para fins de consulta de discentes ingressantes at\u00e9 2023.2)<\/p>\n<p>Para consultar as ementas de cada componente curricular, a tabela de pr\u00e9-requisitos e a tabela de equival\u00eancias, verificar o Projeto pedag\u00f3gico vigente.<\/p>\n<p>&nbsp;<\/p>\n<h5 class=\"western\"><strong><a href=\"https:\/\/portal.uern.br\/guia-do-estudante\/\"><span style=\"color: #000000\"><span style=\"font-size: medium\">Guia do\/a estudante<\/span><\/span><\/a><\/strong><\/h5>\n","protected":false},"excerpt":{"rendered":"<p>Direito \u2013 Campus Avan\u00e7ado de Natal Projeto Pedag\u00f3gico (2024 \u2013 VIGENTE a partir de 2024.1) Projeto Pedag\u00f3gico (2007-2023 &#8211;para fins de consulta de discentes ingressantes at\u00e9 2023.2) &nbsp; Estrutura curricular atual\u00a0(vigente desde 2024.1) Estrutura curricular extinta (para fins de consulta de discentes ingressantes at\u00e9 2023.2) Para consultar as ementas de cada componente curricular, a tabela [&hellip;]<\/p>\n","protected":false},"author":10,"featured_media":0,"parent":286,"menu_order":5,"comment_status":"closed","ping_status":"closed","template":"elementor_theme","meta":{"footnotes":""},"class_list":["post-1032","page","type-page","status-publish","hentry"],"_links":{"self":[{"href":"https:\/\/portal.uern.br\/natal\/direito\/wp-json\/wp\/v2\/pages\/1032","targetHints":{"allow":["GET"]}}],"collection":[{"href":"https:\/\/portal.uern.br\/natal\/direito\/wp-json\/wp\/v2\/pages"}],"about":[{"href":"https:\/\/portal.uern.br\/natal\/direito\/wp-json\/wp\/v2\/types\/page"}],"author":[{"embeddable":true,"href":"https:\/\/portal.uern.br\/natal\/direito\/wp-json\/wp\/v2\/users\/10"}],"replies":[{"embeddable":true,"href":"https:\/\/portal.uern.br\/natal\/direito\/wp-json\/wp\/v2\/comments?post=1032"}],"version-history":[{"count":3,"href":"https:\/\/portal.uern.br\/natal\/direito\/wp-json\/wp\/v2\/pages\/1032\/revisions"}],"predecessor-version":[{"id":1095,"href":"https:\/\/portal.uern.br\/natal\/direito\/wp-json\/wp\/v2\/pages\/1032\/revisions\/1095"}],"up":[{"embeddable":true,"href":"https:\/\/portal.uern.br\/natal\/direito\/wp-json\/wp\/v2\/pages\/286"}],"wp:attachment":[{"href":"https:\/\/portal.uern.br\/natal\/direito\/wp-json\/wp\/v2\/media?parent=1032"}],"curies":[{"name":"wp","href":"https:\/\/api.w.org\/{rel}","templated":true}]}}