{"id":1010,"date":"2026-01-28T18:21:46","date_gmt":"2026-01-28T21:21:46","guid":{"rendered":"https:\/\/portal.uern.br\/natal\/direito\/?page_id=1010"},"modified":"2026-03-06T12:29:46","modified_gmt":"2026-03-06T15:29:46","slug":"ead","status":"publish","type":"page","link":"https:\/\/portal.uern.br\/natal\/direito\/apresentacao\/ead\/","title":{"rendered":"EaD"},"content":{"rendered":"<p><span style=\"font-family: arial, helvetica, sans-serif\"><strong><span style=\"font-size: 24pt\">Gradua\u00e7\u00e3o em Seguran\u00e7a P\u00fablica<\/span><\/strong><\/span><\/p>\n<p><span style=\"font-family: arial, helvetica, sans-serif\"><strong><span style=\"font-size: 18pt\">Documentos dispon\u00edveis<\/span><\/strong><\/span><\/p>\n<p>&nbsp;<\/p>\n<p><span style=\"font-family: arial, helvetica, sans-serif\">Resolu\u00e7\u00e3o n\u00b0 20\/2025 &#8211; CONSEPE\/UERN (<a href=\"https:\/\/drive.google.com\/file\/d\/1_ts7-zZxHFQI_X8tvwuWYuB7enJC1rTu\/view?usp=sharing\">Cria\u00e7\u00e3o do curso<\/a>)<\/span><\/p>\n<p><span style=\"font-family: arial, helvetica, sans-serif\">Projeto Pedag\u00f3gico do Curso (<a href=\"https:\/\/drive.google.com\/file\/d\/1L5DzjRzj8gZP-eIk1mvV4qaXuIhqlwMl\/view?usp=sharing\">Link PPC<\/a>)<\/span><\/p>\n<p><span style=\"font-family: arial, helvetica, sans-serif\">Processos Seletivos (<a href=\"https:\/\/dead.uern.br\/\">Portal DEaD\/UERN<\/a>)<\/span><\/p>\n","protected":false},"excerpt":{"rendered":"<p>Gradua\u00e7\u00e3o em Seguran\u00e7a P\u00fablica Documentos dispon\u00edveis &nbsp; Resolu\u00e7\u00e3o n\u00b0 20\/2025 &#8211; CONSEPE\/UERN (Cria\u00e7\u00e3o do curso) Projeto Pedag\u00f3gico do Curso (Link PPC) Processos Seletivos (Portal DEaD\/UERN)<\/p>\n","protected":false},"author":16,"featured_media":0,"parent":286,"menu_order":8,"comment_status":"closed","ping_status":"closed","template":"elementor_theme","meta":{"footnotes":""},"class_list":["post-1010","page","type-page","status-publish","hentry"],"_links":{"self":[{"href":"https:\/\/portal.uern.br\/natal\/direito\/wp-json\/wp\/v2\/pages\/1010","targetHints":{"allow":["GET"]}}],"collection":[{"href":"https:\/\/portal.uern.br\/natal\/direito\/wp-json\/wp\/v2\/pages"}],"about":[{"href":"https:\/\/portal.uern.br\/natal\/direito\/wp-json\/wp\/v2\/types\/page"}],"author":[{"embeddable":true,"href":"https:\/\/portal.uern.br\/natal\/direito\/wp-json\/wp\/v2\/users\/16"}],"replies":[{"embeddable":true,"href":"https:\/\/portal.uern.br\/natal\/direito\/wp-json\/wp\/v2\/comments?post=1010"}],"version-history":[{"count":3,"href":"https:\/\/portal.uern.br\/natal\/direito\/wp-json\/wp\/v2\/pages\/1010\/revisions"}],"predecessor-version":[{"id":1015,"href":"https:\/\/portal.uern.br\/natal\/direito\/wp-json\/wp\/v2\/pages\/1010\/revisions\/1015"}],"up":[{"embeddable":true,"href":"https:\/\/portal.uern.br\/natal\/direito\/wp-json\/wp\/v2\/pages\/286"}],"wp:attachment":[{"href":"https:\/\/portal.uern.br\/natal\/direito\/wp-json\/wp\/v2\/media?parent=1010"}],"curies":[{"name":"wp","href":"https:\/\/api.w.org\/{rel}","templated":true}]}}