{"id":9,"date":"2022-11-04T14:19:39","date_gmt":"2022-11-04T17:19:39","guid":{"rendered":"https:\/\/paisdemossoro.com.br\/wordpress\/natal\/dct\/?page_id=9"},"modified":"2023-02-23T14:12:26","modified_gmt":"2023-02-23T17:12:26","slug":"perfil-do-formando","status":"publish","type":"page","link":"https:\/\/portal.uern.br\/natal\/dct\/perfil-do-formando\/","title":{"rendered":"Perfil do Formando"},"content":{"rendered":"<p>O Bacharel em Ci\u00eancia e Tecnologia (BC&amp;T) tem forma\u00e7\u00e3o curricular abrangente para a inser\u00e7\u00e3o imediata no mercado ou para uma segunda forma\u00e7\u00e3o espec\u00edfica, e est\u00e1 habilitado a atuar em organiza\u00e7\u00f5es p\u00fablicas, privadas ou do terceiro setor, em atividades de pesquisa cient\u00edfica, de vendas, de gerenciamento e de servi\u00e7os relacionadas a produtos na \u00e1rea de C&amp;T; podendo ainda dar continuidade aos seus estudos em \u00e1reas afins em qualquer institui\u00e7\u00e3o de forma\u00e7\u00e3o superior; al\u00e9m de poder ocupar cargos de n\u00edvel superior oferecidos em concursos p\u00fablicos.<\/p>\n","protected":false},"excerpt":{"rendered":"<p>O Bacharel em Ci\u00eancia e Tecnologia (BC&amp;T) tem forma\u00e7\u00e3o curricular abrangente para a inser\u00e7\u00e3o imediata no mercado ou para uma segunda forma\u00e7\u00e3o espec\u00edfica, e est\u00e1 habilitado a atuar em organiza\u00e7\u00f5es p\u00fablicas, privadas ou do terceiro setor, em atividades de pesquisa cient\u00edfica, de vendas, de gerenciamento e de servi\u00e7os relacionadas a produtos na \u00e1rea de C&amp;T; [&hellip;]<\/p>\n","protected":false},"author":1,"featured_media":0,"parent":0,"menu_order":0,"comment_status":"closed","ping_status":"closed","template":"","meta":{"footnotes":""},"class_list":["post-9","page","type-page","status-publish","hentry"],"_links":{"self":[{"href":"https:\/\/portal.uern.br\/natal\/dct\/wp-json\/wp\/v2\/pages\/9","targetHints":{"allow":["GET"]}}],"collection":[{"href":"https:\/\/portal.uern.br\/natal\/dct\/wp-json\/wp\/v2\/pages"}],"about":[{"href":"https:\/\/portal.uern.br\/natal\/dct\/wp-json\/wp\/v2\/types\/page"}],"author":[{"embeddable":true,"href":"https:\/\/portal.uern.br\/natal\/dct\/wp-json\/wp\/v2\/users\/1"}],"replies":[{"embeddable":true,"href":"https:\/\/portal.uern.br\/natal\/dct\/wp-json\/wp\/v2\/comments?post=9"}],"version-history":[{"count":1,"href":"https:\/\/portal.uern.br\/natal\/dct\/wp-json\/wp\/v2\/pages\/9\/revisions"}],"predecessor-version":[{"id":10,"href":"https:\/\/portal.uern.br\/natal\/dct\/wp-json\/wp\/v2\/pages\/9\/revisions\/10"}],"wp:attachment":[{"href":"https:\/\/portal.uern.br\/natal\/dct\/wp-json\/wp\/v2\/media?parent=9"}],"curies":[{"name":"wp","href":"https:\/\/api.w.org\/{rel}","templated":true}]}}