{"id":848,"date":"2025-04-14T14:30:09","date_gmt":"2025-04-14T17:30:09","guid":{"rendered":"https:\/\/portal.uern.br\/natal\/dct\/?page_id=848"},"modified":"2025-04-14T14:30:17","modified_gmt":"2025-04-14T17:30:17","slug":"orientacao-academica-do-curso","status":"publish","type":"page","link":"https:\/\/portal.uern.br\/natal\/dct\/orientacao-academica-do-curso\/","title":{"rendered":"Orienta\u00e7\u00e3o Acad\u00eamica do Curso"},"content":{"rendered":"<table style=\"border-collapse: collapse;width: 100%\">\n<tbody>\n<tr>\n<td style=\"width: 99.8896%\" colspan=\"3\"><strong>ORIENTA\u00c7\u00c3O ACAD\u00caMICA DO CURSO DE F\u00cdSICA<\/strong><\/td>\n<\/tr>\n<tr>\n<td style=\"width: 33.2781%\"><strong>DOCENTE<\/strong><\/td>\n<td style=\"width: 33.2781%\"><strong>PORTARIA SEI<\/strong><\/td>\n<td style=\"width: 33.3333%\"><strong>CONTATO<\/strong><\/td>\n<\/tr>\n<tr>\n<td style=\"width: 33.2781%\">Maria Helena de Freitas C\u00e2mara<\/td>\n<td style=\"width: 33.2781%\">PORTARIA-SEI N\u00ba 193<\/td>\n<td style=\"width: 33.3333%\">mariahelena@uern.br<\/td>\n<\/tr>\n<\/tbody>\n<\/table>\n<p>&nbsp;<\/p>\n<p>De acordo com o Art.63 do\u00a0<a href=\"https:\/\/www.uern.br\/controledepaginas\/Proeg-L.Interna\/arquivos\/3129resolua%C2%A7a%C2%A3o_026_2017.consepe_novo_rcg.pdf\">Regulamento dos Cursos de Gradua\u00e7\u00e3o<\/a>, s\u00e3o atribui\u00e7\u00f5es do orientador acad\u00eamico:<\/p>\n<p align=\"justify\">I. Acompanhar o desenvolvimento acad\u00eamico dos alunos sob sua orienta\u00e7\u00e3o;<\/p>\n<p align=\"justify\">II. Planejar, junto aos alunos, considerando a programa\u00e7\u00e3o acad\u00eamica do curso, fluxo curricular compat\u00edvel com seus interesses e possibilidades de desempenho acad\u00eamico, quando for o caso;<\/p>\n<p align=\"justify\">III. Orientar a tomada de decis\u00f5es relativas \u00e0 matr\u00edcula, trancamentos e outros atos de interesse acad\u00eamico;<\/p>\n<p align=\"justify\">IV. Apresentar aos alunos o PPC e a estrutura universit\u00e1ria;<\/p>\n<p align=\"justify\">V. Atuar como membro nato da Comiss\u00e3o de NDE;<\/p>\n<p align=\"justify\">VI. Disponibilizar, ao Departamento Acad\u00eamico, as informa\u00e7\u00f5es necess\u00e1rias para o fim de subsidiar a oferta de componentes curriculares, bem como as prioridades relativas ao Programa Institucional de Monitoria (PIM), no semestre letivo;<\/p>\n<p align=\"justify\">VII. Acompanhar, junto ao aluno, o desenvolvimento das atividades complementares por meio de controle e registro no Sistema de Administra\u00e7\u00e3o Escolar;<\/p>\n<p align=\"justify\">VIII. Apresentar, semestralmente, \u00e0 plen\u00e1ria departamental, diagn\u00f3stico do processo formativo-acad\u00eamico referente ao grupo de alunos sob sua orienta\u00e7\u00e3o;<\/p>\n<p align=\"justify\">IX. Conduzir processos de aproveitamento de estudos;<\/p>\n<p align=\"justify\">X. Atuar como membro nato da comiss\u00e3o departamental de avalia\u00e7\u00e3o de processo seletivo de vagas n\u00e3o iniciais<\/p>\n","protected":false},"excerpt":{"rendered":"<p>ORIENTA\u00c7\u00c3O ACAD\u00caMICA DO CURSO DE F\u00cdSICA DOCENTE PORTARIA SEI CONTATO Maria Helena de Freitas C\u00e2mara PORTARIA-SEI N\u00ba 193 mariahelena@uern.br &nbsp; De acordo com o Art.63 do\u00a0Regulamento dos Cursos de Gradua\u00e7\u00e3o, s\u00e3o atribui\u00e7\u00f5es do orientador acad\u00eamico: I. Acompanhar o desenvolvimento acad\u00eamico dos alunos sob sua orienta\u00e7\u00e3o; II. Planejar, junto aos alunos, considerando a programa\u00e7\u00e3o acad\u00eamica do [&hellip;]<\/p>\n","protected":false},"author":5,"featured_media":0,"parent":0,"menu_order":0,"comment_status":"closed","ping_status":"closed","template":"","meta":{"footnotes":""},"class_list":["post-848","page","type-page","status-publish","hentry"],"_links":{"self":[{"href":"https:\/\/portal.uern.br\/natal\/dct\/wp-json\/wp\/v2\/pages\/848","targetHints":{"allow":["GET"]}}],"collection":[{"href":"https:\/\/portal.uern.br\/natal\/dct\/wp-json\/wp\/v2\/pages"}],"about":[{"href":"https:\/\/portal.uern.br\/natal\/dct\/wp-json\/wp\/v2\/types\/page"}],"author":[{"embeddable":true,"href":"https:\/\/portal.uern.br\/natal\/dct\/wp-json\/wp\/v2\/users\/5"}],"replies":[{"embeddable":true,"href":"https:\/\/portal.uern.br\/natal\/dct\/wp-json\/wp\/v2\/comments?post=848"}],"version-history":[{"count":2,"href":"https:\/\/portal.uern.br\/natal\/dct\/wp-json\/wp\/v2\/pages\/848\/revisions"}],"predecessor-version":[{"id":851,"href":"https:\/\/portal.uern.br\/natal\/dct\/wp-json\/wp\/v2\/pages\/848\/revisions\/851"}],"wp:attachment":[{"href":"https:\/\/portal.uern.br\/natal\/dct\/wp-json\/wp\/v2\/media?parent=848"}],"curies":[{"name":"wp","href":"https:\/\/api.w.org\/{rel}","templated":true}]}}