{"id":844,"date":"2025-04-14T14:20:24","date_gmt":"2025-04-14T17:20:24","guid":{"rendered":"https:\/\/portal.uern.br\/natal\/dct\/?page_id=844"},"modified":"2025-04-14T14:30:29","modified_gmt":"2025-04-14T17:30:29","slug":"nde","status":"publish","type":"page","link":"https:\/\/portal.uern.br\/natal\/dct\/nde\/","title":{"rendered":"NDE"},"content":{"rendered":"<table style=\"border-collapse: collapse;width: 100%;height: 207px\">\n<tbody>\n<tr style=\"height: 23px\">\n<td style=\"width: 75%;text-align: center;height: 23px\" colspan=\"3\"><strong>MEMBROS ATUAIS DO N\u00daCLEO DOCENTE ESTRUTURANTE DO DEPARTAMENTO DE F\u00cdSICA<\/strong><\/td>\n<\/tr>\n<tr style=\"height: 23px\">\n<td style=\"width: 25%;height: 23px;text-align: center\"><strong>MEMBRO<\/strong><\/td>\n<td style=\"width: 25%;height: 23px;text-align: center\"><strong>PORTARIA SEI<\/strong><\/td>\n<td style=\"width: 25%;height: 23px;text-align: center\"><strong>FUN\u00c7\u00c3O<\/strong><\/td>\n<\/tr>\n<tr style=\"height: 23px\">\n<td style=\"width: 25%;height: 23px\">Brismark G\u00f3es da Rocha<\/td>\n<td style=\"width: 25%;text-align: center;height: 23px\"><a href=\"https:\/\/portal.uern.br\/natal\/dct\/wp-content\/uploads\/sites\/3\/2025\/04\/Portaria-NDE-Publicacao-no-JOUERN.pdf\">Portaria SEI n\u00ba 245<\/a><\/td>\n<td style=\"width: 25%;height: 23px;text-align: center\">Coordenador<\/td>\n<\/tr>\n<tr style=\"height: 23px\">\n<td style=\"width: 25%;height: 23px\">Ana L\u00facia Dantas<\/td>\n<td style=\"width: 25%;height: 23px;text-align: center\"><a href=\"https:\/\/portal.uern.br\/natal\/dct\/wp-content\/uploads\/sites\/3\/2025\/04\/Portaria-NDE-Publicacao-no-JOUERN.pdf\">Portaria SEI n\u00ba 245<\/a><\/td>\n<td style=\"width: 25%;height: 23px;text-align: center\">Membro<\/td>\n<\/tr>\n<tr style=\"height: 23px\">\n<td style=\"width: 25%;height: 23px\">Andr\u00e9a Jane da Silva<\/td>\n<td style=\"width: 25%;height: 23px;text-align: center\"><a href=\"https:\/\/portal.uern.br\/natal\/dct\/wp-content\/uploads\/sites\/3\/2025\/04\/Portaria-NDE-Publicacao-no-JOUERN.pdf\">Portaria SEI n\u00ba 245<\/a><\/td>\n<td style=\"width: 25%;height: 23px;text-align: center\">Membro<\/td>\n<\/tr>\n<tr style=\"height: 23px\">\n<td style=\"width: 25%;height: 23px\">Br\u00e1ulio Batista Soares<\/td>\n<td style=\"width: 25%;height: 23px;text-align: center\"><a href=\"https:\/\/portal.uern.br\/natal\/dct\/wp-content\/uploads\/sites\/3\/2025\/04\/Portaria-NDE-Publicacao-no-JOUERN.pdf\">Portaria SEI n\u00ba 245<\/a><\/td>\n<td style=\"width: 25%;height: 23px;text-align: center\">Membro<\/td>\n<\/tr>\n<tr style=\"height: 23px\">\n<td style=\"width: 25%;height: 23px\">Leonardo Linhares Oliveira<\/td>\n<td style=\"width: 25%;height: 23px;text-align: center\"><a href=\"https:\/\/portal.uern.br\/natal\/dct\/wp-content\/uploads\/sites\/3\/2025\/04\/Portaria-NDE-Publicacao-no-JOUERN.pdf\">Portaria SEI n\u00ba 245<\/a><\/td>\n<td style=\"width: 25%;height: 23px;text-align: center\">Chefe do Departamento<\/td>\n<\/tr>\n<tr style=\"height: 23px\">\n<td style=\"width: 25%;height: 23px\">Lilia Bas\u00edlio de Caland<\/td>\n<td style=\"width: 25%;height: 23px;text-align: center\"><a href=\"https:\/\/portal.uern.br\/natal\/dct\/wp-content\/uploads\/sites\/3\/2025\/04\/Portaria-NDE-Publicacao-no-JOUERN.pdf\">Portaria SEI n\u00ba 245<\/a><\/td>\n<td style=\"width: 25%;height: 23px;text-align: center\">Membro<\/td>\n<\/tr>\n<tr style=\"height: 23px\">\n<td style=\"width: 25%;height: 23px\">Maria Helena de Freitas<\/td>\n<td style=\"width: 25%;text-align: center;height: 23px\"><a href=\"https:\/\/portal.uern.br\/natal\/dct\/wp-content\/uploads\/sites\/3\/2025\/04\/Portaria-NDE-Publicacao-no-JOUERN.pdf\">Portaria SEI n\u00ba 245<\/a><\/td>\n<td style=\"width: 25%;height: 23px;text-align: center\">Orientadora Acad\u00eamica do Curso<\/td>\n<\/tr>\n<\/tbody>\n<\/table>\n","protected":false},"excerpt":{"rendered":"<p>MEMBROS ATUAIS DO N\u00daCLEO DOCENTE ESTRUTURANTE DO DEPARTAMENTO DE F\u00cdSICA MEMBRO PORTARIA SEI FUN\u00c7\u00c3O Brismark G\u00f3es da Rocha Portaria SEI n\u00ba 245 Coordenador Ana L\u00facia Dantas Portaria SEI n\u00ba 245 Membro Andr\u00e9a Jane da Silva Portaria SEI n\u00ba 245 Membro Br\u00e1ulio Batista Soares Portaria SEI n\u00ba 245 Membro Leonardo Linhares Oliveira Portaria SEI n\u00ba 245 [&hellip;]<\/p>\n","protected":false},"author":5,"featured_media":0,"parent":0,"menu_order":0,"comment_status":"closed","ping_status":"closed","template":"","meta":{"footnotes":""},"class_list":["post-844","page","type-page","status-publish","hentry"],"_links":{"self":[{"href":"https:\/\/portal.uern.br\/natal\/dct\/wp-json\/wp\/v2\/pages\/844","targetHints":{"allow":["GET"]}}],"collection":[{"href":"https:\/\/portal.uern.br\/natal\/dct\/wp-json\/wp\/v2\/pages"}],"about":[{"href":"https:\/\/portal.uern.br\/natal\/dct\/wp-json\/wp\/v2\/types\/page"}],"author":[{"embeddable":true,"href":"https:\/\/portal.uern.br\/natal\/dct\/wp-json\/wp\/v2\/users\/5"}],"replies":[{"embeddable":true,"href":"https:\/\/portal.uern.br\/natal\/dct\/wp-json\/wp\/v2\/comments?post=844"}],"version-history":[{"count":1,"href":"https:\/\/portal.uern.br\/natal\/dct\/wp-json\/wp\/v2\/pages\/844\/revisions"}],"predecessor-version":[{"id":847,"href":"https:\/\/portal.uern.br\/natal\/dct\/wp-json\/wp\/v2\/pages\/844\/revisions\/847"}],"wp:attachment":[{"href":"https:\/\/portal.uern.br\/natal\/dct\/wp-json\/wp\/v2\/media?parent=844"}],"curies":[{"name":"wp","href":"https:\/\/api.w.org\/{rel}","templated":true}]}}