{"id":837,"date":"2025-04-14T12:43:59","date_gmt":"2025-04-14T15:43:59","guid":{"rendered":"https:\/\/portal.uern.br\/natal\/dct\/?page_id=837"},"modified":"2025-04-14T14:04:39","modified_gmt":"2025-04-14T17:04:39","slug":"cose","status":"publish","type":"page","link":"https:\/\/portal.uern.br\/natal\/dct\/cose\/","title":{"rendered":"COSE"},"content":{"rendered":"<table style=\"border-collapse: collapse;width: 100%;height: 92px\">\n<tbody>\n<tr style=\"height: 23px\">\n<td style=\"width: 75%;height: 23px\" colspan=\"3\"><strong>MEMBROS ATUAIS DA COMISS\u00c3O SETORIAL DE AVALIA\u00c7\u00c3O DO DEPARTAMENTO DE F\u00cdSICA<\/strong><\/td>\n<\/tr>\n<tr style=\"height: 23px\">\n<td style=\"width: 24.8344%;height: 23px;text-align: center\"><strong>MEMBRO<\/strong><\/td>\n<td style=\"width: 25.1656%;height: 23px;text-align: center\"><strong>PORTARIA SEI<\/strong><\/td>\n<td style=\"width: 25%;height: 23px;text-align: center\"><strong>FUN\u00c7\u00c3O<\/strong><\/td>\n<\/tr>\n<tr style=\"height: 23px\">\n<td style=\"width: 24.8344%;height: 23px;text-align: center\">MARIA HELENA DE FREITAS<\/td>\n<td style=\"width: 25.1656%;height: 23px;text-align: center\"><a href=\"https:\/\/portal.uern.br\/natal\/dct\/wp-content\/uploads\/sites\/3\/2025\/04\/Portaria-COSE-CT.pdf\">Portaria-SEI N\u00ba 287<\/a><\/td>\n<td style=\"width: 25%;height: 23px;text-align: center\">Coordenadora<\/td>\n<\/tr>\n<tr style=\"height: 23px\">\n<td style=\"width: 24.8344%;height: 23px;text-align: center\">BRAULIO BATISTA SOARES<\/td>\n<td style=\"width: 25.1656%;height: 23px;text-align: center\"><a href=\"https:\/\/portal.uern.br\/natal\/dct\/wp-content\/uploads\/sites\/3\/2025\/04\/Portaria-COSE-CT.pdf\">Portaria-SEI N\u00ba 287<\/a><\/td>\n<td style=\"width: 25%;height: 23px;text-align: center\">Docente escolhido em Plen\u00e1ria Departamental<\/td>\n<\/tr>\n<tr>\n<td style=\"width: 24.8344%;text-align: center\">PATRICIA DE FARIAS CALADO<\/td>\n<td style=\"width: 25.1656%;text-align: center\"><a href=\"https:\/\/portal.uern.br\/natal\/dct\/wp-content\/uploads\/sites\/3\/2025\/04\/Portaria-COSE-CT.pdf\">Portaria-SEI N\u00ba 287<\/a><\/td>\n<td style=\"width: 25%;text-align: center\">Representante T\u00e9cnico Administrativo<\/td>\n<\/tr>\n<\/tbody>\n<\/table>\n","protected":false},"excerpt":{"rendered":"<p>MEMBROS ATUAIS DA COMISS\u00c3O SETORIAL DE AVALIA\u00c7\u00c3O DO DEPARTAMENTO DE F\u00cdSICA MEMBRO PORTARIA SEI FUN\u00c7\u00c3O MARIA HELENA DE FREITAS Portaria-SEI N\u00ba 287 Coordenadora BRAULIO BATISTA SOARES Portaria-SEI N\u00ba 287 Docente escolhido em Plen\u00e1ria Departamental PATRICIA DE FARIAS CALADO Portaria-SEI N\u00ba 287 Representante T\u00e9cnico Administrativo<\/p>\n","protected":false},"author":5,"featured_media":0,"parent":0,"menu_order":0,"comment_status":"closed","ping_status":"closed","template":"","meta":{"footnotes":""},"class_list":["post-837","page","type-page","status-publish","hentry"],"_links":{"self":[{"href":"https:\/\/portal.uern.br\/natal\/dct\/wp-json\/wp\/v2\/pages\/837","targetHints":{"allow":["GET"]}}],"collection":[{"href":"https:\/\/portal.uern.br\/natal\/dct\/wp-json\/wp\/v2\/pages"}],"about":[{"href":"https:\/\/portal.uern.br\/natal\/dct\/wp-json\/wp\/v2\/types\/page"}],"author":[{"embeddable":true,"href":"https:\/\/portal.uern.br\/natal\/dct\/wp-json\/wp\/v2\/users\/5"}],"replies":[{"embeddable":true,"href":"https:\/\/portal.uern.br\/natal\/dct\/wp-json\/wp\/v2\/comments?post=837"}],"version-history":[{"count":3,"href":"https:\/\/portal.uern.br\/natal\/dct\/wp-json\/wp\/v2\/pages\/837\/revisions"}],"predecessor-version":[{"id":843,"href":"https:\/\/portal.uern.br\/natal\/dct\/wp-json\/wp\/v2\/pages\/837\/revisions\/843"}],"wp:attachment":[{"href":"https:\/\/portal.uern.br\/natal\/dct\/wp-json\/wp\/v2\/media?parent=837"}],"curies":[{"name":"wp","href":"https:\/\/api.w.org\/{rel}","templated":true}]}}