{"id":834,"date":"2025-04-14T12:35:00","date_gmt":"2025-04-14T15:35:00","guid":{"rendered":"https:\/\/portal.uern.br\/natal\/dct\/?page_id=834"},"modified":"2025-04-14T12:35:00","modified_gmt":"2025-04-14T15:35:00","slug":"tecnicos","status":"publish","type":"page","link":"https:\/\/portal.uern.br\/natal\/dct\/tecnicos\/","title":{"rendered":"T\u00e9cnicos"},"content":{"rendered":"<table style=\"border-collapse: collapse;width: 100%\">\n<tbody>\n<tr>\n<td style=\"width: 33.3333%;text-align: center\" colspan=\"3\"><strong>T\u00c9CNICOS DO DEPARTAMENTO DE CI\u00caNCIA E TECNOLOGIA<\/strong><\/td>\n<\/tr>\n<tr>\n<td style=\"width: 33.3333%;text-align: center\">NOME<\/td>\n<td style=\"width: 33.3333%;text-align: center\">CARGO<\/td>\n<td style=\"width: 33.3333%;text-align: center\">CONTATO<\/td>\n<\/tr>\n<tr>\n<td style=\"width: 33.3333%;text-align: center\">Patr\u00edcia de Farias Calado<\/td>\n<td style=\"width: 33.3333%;text-align: center\"><i>T\u00c9CNICO DE N\u00cdVEL SUPERIOR \u2013 ASSISTENTE ADMINISTRATIVO<\/i><\/td>\n<td style=\"width: 33.3333%;text-align: center\">patriciafarias@uern.br<\/td>\n<\/tr>\n<\/tbody>\n<\/table>\n","protected":false},"excerpt":{"rendered":"<p>T\u00c9CNICOS DO DEPARTAMENTO DE CI\u00caNCIA E TECNOLOGIA NOME CARGO CONTATO Patr\u00edcia de Farias Calado T\u00c9CNICO DE N\u00cdVEL SUPERIOR \u2013 ASSISTENTE ADMINISTRATIVO patriciafarias@uern.br<\/p>\n","protected":false},"author":5,"featured_media":0,"parent":0,"menu_order":0,"comment_status":"closed","ping_status":"closed","template":"","meta":{"footnotes":""},"class_list":["post-834","page","type-page","status-publish","hentry"],"_links":{"self":[{"href":"https:\/\/portal.uern.br\/natal\/dct\/wp-json\/wp\/v2\/pages\/834","targetHints":{"allow":["GET"]}}],"collection":[{"href":"https:\/\/portal.uern.br\/natal\/dct\/wp-json\/wp\/v2\/pages"}],"about":[{"href":"https:\/\/portal.uern.br\/natal\/dct\/wp-json\/wp\/v2\/types\/page"}],"author":[{"embeddable":true,"href":"https:\/\/portal.uern.br\/natal\/dct\/wp-json\/wp\/v2\/users\/5"}],"replies":[{"embeddable":true,"href":"https:\/\/portal.uern.br\/natal\/dct\/wp-json\/wp\/v2\/comments?post=834"}],"version-history":[{"count":1,"href":"https:\/\/portal.uern.br\/natal\/dct\/wp-json\/wp\/v2\/pages\/834\/revisions"}],"predecessor-version":[{"id":836,"href":"https:\/\/portal.uern.br\/natal\/dct\/wp-json\/wp\/v2\/pages\/834\/revisions\/836"}],"wp:attachment":[{"href":"https:\/\/portal.uern.br\/natal\/dct\/wp-json\/wp\/v2\/media?parent=834"}],"curies":[{"name":"wp","href":"https:\/\/api.w.org\/{rel}","templated":true}]}}