{"id":72,"date":"2022-11-04T14:29:17","date_gmt":"2022-11-04T17:29:17","guid":{"rendered":"https:\/\/paisdemossoro.com.br\/wordpress\/natal\/dct\/?page_id=72"},"modified":"2023-02-23T14:07:17","modified_gmt":"2023-02-23T17:07:17","slug":"letramento-digital-para-alunos-da-eja","status":"publish","type":"page","link":"https:\/\/portal.uern.br\/natal\/dct\/letramento-digital-para-alunos-da-eja\/","title":{"rendered":"Letramento digital para alunos da EJA"},"content":{"rendered":"<p><strong>Coordenadora<\/strong><\/p>\n<p>Prof\u00aa. Dra. Andr\u00e9a Jane da Silva<\/p>\n<p><strong>Descri\u00e7\u00e3o<\/strong><\/p>\n<p>Tendo em vista oferecer uma contribui\u00e7\u00e3o para o processo de inclus\u00e3o social desse grupo e, por conseguinte, de favorecer a melhoria da qualidade da educa\u00e7\u00e3o oferecida por escolas de ensino m\u00e9dio da zona norte de Natal, decidiu-se empreender projeto de extens\u00e3o no Campus de Natal com vistas a trabalhar aspectos da Inform\u00e1tica e de Portugu\u00eas visando \u00e0 inclus\u00e3o digital. As atividades desse projeto de extens\u00e3o ser\u00e3o ministradas num per\u00edodo de doze meses, aos s\u00e1bados pela manh\u00e3, por alunos da gradua\u00e7\u00e3o do Bacharelado em Ci\u00eancia e Tecnologia e em Ci\u00eancia da Computa\u00e7\u00e3o no laborat\u00f3rio de inform\u00e1tica do Complexo Cultural da UERN. Acredita-se que com o desenvolvimento desse projeto, conseguiremos melhorar o desempenho dos alunos das escolas parceiras evitando os processos de evas\u00e3o t\u00e3o recorrentes na EJA<\/p>\n","protected":false},"excerpt":{"rendered":"<p>Coordenadora Prof\u00aa. Dra. Andr\u00e9a Jane da Silva Descri\u00e7\u00e3o Tendo em vista oferecer uma contribui\u00e7\u00e3o para o processo de inclus\u00e3o social desse grupo e, por conseguinte, de favorecer a melhoria da qualidade da educa\u00e7\u00e3o oferecida por escolas de ensino m\u00e9dio da zona norte de Natal, decidiu-se empreender projeto de extens\u00e3o no Campus de Natal com vistas [&hellip;]<\/p>\n","protected":false},"author":1,"featured_media":0,"parent":0,"menu_order":0,"comment_status":"closed","ping_status":"closed","template":"","meta":{"footnotes":""},"class_list":["post-72","page","type-page","status-publish","hentry"],"_links":{"self":[{"href":"https:\/\/portal.uern.br\/natal\/dct\/wp-json\/wp\/v2\/pages\/72","targetHints":{"allow":["GET"]}}],"collection":[{"href":"https:\/\/portal.uern.br\/natal\/dct\/wp-json\/wp\/v2\/pages"}],"about":[{"href":"https:\/\/portal.uern.br\/natal\/dct\/wp-json\/wp\/v2\/types\/page"}],"author":[{"embeddable":true,"href":"https:\/\/portal.uern.br\/natal\/dct\/wp-json\/wp\/v2\/users\/1"}],"replies":[{"embeddable":true,"href":"https:\/\/portal.uern.br\/natal\/dct\/wp-json\/wp\/v2\/comments?post=72"}],"version-history":[{"count":1,"href":"https:\/\/portal.uern.br\/natal\/dct\/wp-json\/wp\/v2\/pages\/72\/revisions"}],"predecessor-version":[{"id":73,"href":"https:\/\/portal.uern.br\/natal\/dct\/wp-json\/wp\/v2\/pages\/72\/revisions\/73"}],"wp:attachment":[{"href":"https:\/\/portal.uern.br\/natal\/dct\/wp-json\/wp\/v2\/media?parent=72"}],"curies":[{"name":"wp","href":"https:\/\/api.w.org\/{rel}","templated":true}]}}