{"id":70,"date":"2022-11-04T14:28:52","date_gmt":"2022-11-04T17:28:52","guid":{"rendered":"https:\/\/paisdemossoro.com.br\/wordpress\/natal\/dct\/?page_id=70"},"modified":"2023-02-23T14:06:00","modified_gmt":"2023-02-23T17:06:00","slug":"catavento-nucleo-para-inovacao-em-empreendimentos-sociais-sustentaveis","status":"publish","type":"page","link":"https:\/\/portal.uern.br\/natal\/dct\/catavento-nucleo-para-inovacao-em-empreendimentos-sociais-sustentaveis\/","title":{"rendered":"CATAVENTO \u2013 n\u00facleo para inova\u00e7\u00e3o em empreendimentos sociais sustent\u00e1veis"},"content":{"rendered":"<p><strong>Coordenadora<\/strong><\/p>\n<p>Prof\u00aa. Msc. Maria Helena de Freitas<\/p>\n<p><strong>Descri\u00e7\u00e3o<\/strong><\/p>\n<p>A CATAVENTO \u00e9 fruto de uma concep\u00e7\u00e3o inovadora na UERN, pois al\u00e9m de se propor a suprir uma lacuna existente na categoria das incubadoras de base social no Rio Grande do Norte, existe um fator limitante, isto \u00e9, o pa\u00eds passa por um processo de crise financeira, o que dificulta as a\u00e7\u00f5es e iniciativas de qualquer incubadora. Nesse sentido, a CATAVENTO foi estruturada como o prop\u00f3sito de qualificar a popula\u00e7\u00e3o interessada a desenvolver projetos para viabiliza\u00e7\u00e3o de neg\u00f3cios.<\/p>\n","protected":false},"excerpt":{"rendered":"<p>Coordenadora Prof\u00aa. Msc. Maria Helena de Freitas Descri\u00e7\u00e3o A CATAVENTO \u00e9 fruto de uma concep\u00e7\u00e3o inovadora na UERN, pois al\u00e9m de se propor a suprir uma lacuna existente na categoria das incubadoras de base social no Rio Grande do Norte, existe um fator limitante, isto \u00e9, o pa\u00eds passa por um processo de crise financeira, [&hellip;]<\/p>\n","protected":false},"author":1,"featured_media":0,"parent":0,"menu_order":0,"comment_status":"closed","ping_status":"closed","template":"","meta":{"footnotes":""},"class_list":["post-70","page","type-page","status-publish","hentry"],"_links":{"self":[{"href":"https:\/\/portal.uern.br\/natal\/dct\/wp-json\/wp\/v2\/pages\/70","targetHints":{"allow":["GET"]}}],"collection":[{"href":"https:\/\/portal.uern.br\/natal\/dct\/wp-json\/wp\/v2\/pages"}],"about":[{"href":"https:\/\/portal.uern.br\/natal\/dct\/wp-json\/wp\/v2\/types\/page"}],"author":[{"embeddable":true,"href":"https:\/\/portal.uern.br\/natal\/dct\/wp-json\/wp\/v2\/users\/1"}],"replies":[{"embeddable":true,"href":"https:\/\/portal.uern.br\/natal\/dct\/wp-json\/wp\/v2\/comments?post=70"}],"version-history":[{"count":1,"href":"https:\/\/portal.uern.br\/natal\/dct\/wp-json\/wp\/v2\/pages\/70\/revisions"}],"predecessor-version":[{"id":71,"href":"https:\/\/portal.uern.br\/natal\/dct\/wp-json\/wp\/v2\/pages\/70\/revisions\/71"}],"wp:attachment":[{"href":"https:\/\/portal.uern.br\/natal\/dct\/wp-json\/wp\/v2\/media?parent=70"}],"curies":[{"name":"wp","href":"https:\/\/api.w.org\/{rel}","templated":true}]}}