{"id":68,"date":"2022-11-04T14:28:34","date_gmt":"2022-11-04T17:28:34","guid":{"rendered":"https:\/\/paisdemossoro.com.br\/wordpress\/natal\/dct\/?page_id=68"},"modified":"2023-02-23T14:06:25","modified_gmt":"2023-02-23T17:06:25","slug":"extensarte-do-rio-grande-do-norte-ciclo-de-estudos-palestras-mesas-redondas-minicursos-e-oficinas-sobre-arte-cultura-e-patrimonio-historico","status":"publish","type":"page","link":"https:\/\/portal.uern.br\/natal\/dct\/extensarte-do-rio-grande-do-norte-ciclo-de-estudos-palestras-mesas-redondas-minicursos-e-oficinas-sobre-arte-cultura-e-patrimonio-historico\/","title":{"rendered":"EXTENSARTE DO RIO GRANDE DO NORTE: Ciclo de estudos, palestras, mesas-redondas, minicursos e oficinas sobre arte, cultura e patrim\u00f4nio hist\u00f3rico"},"content":{"rendered":"<p><strong>Coordenadora<\/strong><\/p>\n<p>Prof\u00aa. Msc. Maria Helena de Freitas<\/p>\n<p><strong>Descri\u00e7\u00e3o<\/strong><\/p>\n<p>O Projeto de Extens\u00e3o intitulado EXTENSARTE DO RN tem como proposta promover atividades variadas como: ciclo de palestras, mesas-redondas, minicursos, oficinas, encontros e reflex\u00f5es em torno da produ\u00e7\u00e3o art\u00edstica, liter\u00e1ria e cultural e, enfaticamente, propiciar uma constante discuss\u00e3o em torno da preserva\u00e7\u00e3o do patrim\u00f4nio hist\u00f3rico no cen\u00e1rio do estado do Rio Grande do Norte. Entendemos que a arte e a cultura de um modo geral promove o desenvolvimento individual e coletivo do homem no meio social onde est\u00e1 inserido. Nesse sentido, a relev\u00e2ncia deste Projeto de Extens\u00e3o justifica-se por fornecer aos alunos da UERN e alunos da comunidade em geral subs\u00eddios te\u00f3rico-pr\u00e1ticos que possibilitem o conhecimento em torno da Literatura, Linguagem, Cultura, M\u00fasica, Artes Visuais, Dan\u00e7a, Teatro, entre outras manifesta\u00e7\u00f5es art\u00edstico-culturais desenvolvidas em nosso estado, bem como uma atual reflex\u00e3o de como se encontra o patrim\u00f4nio hist\u00f3rico do Rio Grande do Norte. Para tanto, consideramos que a arte expressa na literatura, linguagem, cultura, m\u00fasica, pintura, dan\u00e7a, artesanato, dentre outras formas de express\u00e3o, s\u00e3o ve\u00edculos em que o homem organiza e compreende o mundo, pois ambas representam importantes instrumentos de reaproxima\u00e7\u00e3o \u00e0 vida como um todo, tendo em vista que ?o deslocamento de horizonte provocado pela arte, pela intera\u00e7\u00e3o que mobiliza o sujeito do desejo, ressitua o leitor e faz com que ele possa atualizar a sua vis\u00e3o de mundo no \u00e2ngulo da sua historicidade, de sua experi\u00eancia, dando-lhe tamb\u00e9m vida nova? (YUNES, 2003, p. 12, grifos nossos).<\/p>\n","protected":false},"excerpt":{"rendered":"<p>Coordenadora Prof\u00aa. Msc. Maria Helena de Freitas Descri\u00e7\u00e3o O Projeto de Extens\u00e3o intitulado EXTENSARTE DO RN tem como proposta promover atividades variadas como: ciclo de palestras, mesas-redondas, minicursos, oficinas, encontros e reflex\u00f5es em torno da produ\u00e7\u00e3o art\u00edstica, liter\u00e1ria e cultural e, enfaticamente, propiciar uma constante discuss\u00e3o em torno da preserva\u00e7\u00e3o do patrim\u00f4nio hist\u00f3rico no cen\u00e1rio [&hellip;]<\/p>\n","protected":false},"author":1,"featured_media":0,"parent":0,"menu_order":0,"comment_status":"closed","ping_status":"closed","template":"","meta":{"footnotes":""},"class_list":["post-68","page","type-page","status-publish","hentry"],"_links":{"self":[{"href":"https:\/\/portal.uern.br\/natal\/dct\/wp-json\/wp\/v2\/pages\/68","targetHints":{"allow":["GET"]}}],"collection":[{"href":"https:\/\/portal.uern.br\/natal\/dct\/wp-json\/wp\/v2\/pages"}],"about":[{"href":"https:\/\/portal.uern.br\/natal\/dct\/wp-json\/wp\/v2\/types\/page"}],"author":[{"embeddable":true,"href":"https:\/\/portal.uern.br\/natal\/dct\/wp-json\/wp\/v2\/users\/1"}],"replies":[{"embeddable":true,"href":"https:\/\/portal.uern.br\/natal\/dct\/wp-json\/wp\/v2\/comments?post=68"}],"version-history":[{"count":1,"href":"https:\/\/portal.uern.br\/natal\/dct\/wp-json\/wp\/v2\/pages\/68\/revisions"}],"predecessor-version":[{"id":69,"href":"https:\/\/portal.uern.br\/natal\/dct\/wp-json\/wp\/v2\/pages\/68\/revisions\/69"}],"wp:attachment":[{"href":"https:\/\/portal.uern.br\/natal\/dct\/wp-json\/wp\/v2\/media?parent=68"}],"curies":[{"name":"wp","href":"https:\/\/api.w.org\/{rel}","templated":true}]}}