{"id":66,"date":"2022-11-04T14:28:15","date_gmt":"2022-11-04T17:28:15","guid":{"rendered":"https:\/\/paisdemossoro.com.br\/wordpress\/natal\/dct\/?page_id=66"},"modified":"2023-02-23T14:08:35","modified_gmt":"2023-02-23T17:08:35","slug":"reciclar-e-inovar-uma-acao-sustentavel-na-zona-norte-de-natal","status":"publish","type":"page","link":"https:\/\/portal.uern.br\/natal\/dct\/reciclar-e-inovar-uma-acao-sustentavel-na-zona-norte-de-natal\/","title":{"rendered":"RECICLAR e INOVAR: uma a\u00e7\u00e3o sustent\u00e1vel na Zona Norte de Natal"},"content":{"rendered":"<p><strong>Coordenadora:<\/strong><\/p>\n<p>Prof\u00aa. Msc. Maria Helena de Freitas<\/p>\n<p><strong>Descri\u00e7\u00e3o<\/strong><\/p>\n<p>O presente projeto pretende contribuir em duas vertentes. Primeiramente realizando um invent\u00e1rio e mapeamento dos sujeitos, empresas e\/ou grupos organizados na forma de associa\u00e7\u00f5es, cooperativas e outros que desenvolvem atividades de aproveitamento de res\u00edduos urbanos , identificando os tipos de res\u00edduos que vem sendo aproveitados , bem como os produtos gerados. Uma vez levantadas e mapeadas estas informa\u00e7\u00f5es, ser\u00e3o elaboradas e aplicadas oficinas que despertem para as potencialidades de aproveitamento de res\u00edduos para gera\u00e7\u00e3o de novos produtos ou agrega\u00e7\u00e3o de valor a produtos j\u00e1 comercializados.<\/p>\n","protected":false},"excerpt":{"rendered":"<p>Coordenadora: Prof\u00aa. Msc. Maria Helena de Freitas Descri\u00e7\u00e3o O presente projeto pretende contribuir em duas vertentes. Primeiramente realizando um invent\u00e1rio e mapeamento dos sujeitos, empresas e\/ou grupos organizados na forma de associa\u00e7\u00f5es, cooperativas e outros que desenvolvem atividades de aproveitamento de res\u00edduos urbanos , identificando os tipos de res\u00edduos que vem sendo aproveitados , bem [&hellip;]<\/p>\n","protected":false},"author":1,"featured_media":0,"parent":0,"menu_order":0,"comment_status":"closed","ping_status":"closed","template":"","meta":{"footnotes":""},"class_list":["post-66","page","type-page","status-publish","hentry"],"_links":{"self":[{"href":"https:\/\/portal.uern.br\/natal\/dct\/wp-json\/wp\/v2\/pages\/66","targetHints":{"allow":["GET"]}}],"collection":[{"href":"https:\/\/portal.uern.br\/natal\/dct\/wp-json\/wp\/v2\/pages"}],"about":[{"href":"https:\/\/portal.uern.br\/natal\/dct\/wp-json\/wp\/v2\/types\/page"}],"author":[{"embeddable":true,"href":"https:\/\/portal.uern.br\/natal\/dct\/wp-json\/wp\/v2\/users\/1"}],"replies":[{"embeddable":true,"href":"https:\/\/portal.uern.br\/natal\/dct\/wp-json\/wp\/v2\/comments?post=66"}],"version-history":[{"count":1,"href":"https:\/\/portal.uern.br\/natal\/dct\/wp-json\/wp\/v2\/pages\/66\/revisions"}],"predecessor-version":[{"id":67,"href":"https:\/\/portal.uern.br\/natal\/dct\/wp-json\/wp\/v2\/pages\/66\/revisions\/67"}],"wp:attachment":[{"href":"https:\/\/portal.uern.br\/natal\/dct\/wp-json\/wp\/v2\/media?parent=66"}],"curies":[{"name":"wp","href":"https:\/\/api.w.org\/{rel}","templated":true}]}}