{"id":35,"date":"2022-11-04T14:24:09","date_gmt":"2022-11-04T17:24:09","guid":{"rendered":"https:\/\/paisdemossoro.com.br\/wordpress\/natal\/dct\/?page_id=35"},"modified":"2025-03-17T16:06:54","modified_gmt":"2025-03-17T19:06:54","slug":"grupos-de-pesquisa","status":"publish","type":"page","link":"https:\/\/portal.uern.br\/natal\/dct\/grupos-de-pesquisa\/","title":{"rendered":"Grupos de Pesquisa"},"content":{"rendered":"<p>Grupos de Pesquisa<\/p>\n<table style=\"border-collapse: collapse;width: 100%;height: 115px\">\n<tbody>\n<tr style=\"height: 23px\">\n<td style=\"width: 33.3333%;height: 23px;text-align: center\">GRUPO DE PESQUISA<\/td>\n<td style=\"width: 33.3333%;height: 23px;text-align: center\">COORDENADORES<\/td>\n<td style=\"width: 33.3333%;height: 23px;text-align: center\">ANO DE FORMA\u00c7\u00c3O<\/td>\n<\/tr>\n<tr style=\"height: 23px\">\n<td style=\"width: 33.3333%;height: 23px;text-align: center\"><a href=\"http:\/\/dgp.cnpq.br\/dgp\/espelhogrupo\/1132016773132584\">ASTROESTAT\u00cdSTICA<\/a><\/td>\n<td style=\"width: 33.3333%;height: 23px;text-align: center\">JOS\u00c9 RONALDO PEREIRA DA SILVA<\/p>\n<p>BR\u00c1ULIO BATISTA SOARES<\/td>\n<td style=\"width: 33.3333%;height: 23px;text-align: center\">2014<\/td>\n<\/tr>\n<tr style=\"height: 23px\">\n<td style=\"width: 33.3333%;height: 23px;text-align: center\"><a href=\"http:\/\/dgp.cnpq.br\/dgp\/espelhogrupo\/9495811058486596\">MAGNETISMO<\/a><\/td>\n<td style=\"width: 33.3333%;height: 23px;text-align: center\">ANA L\u00daCIA DANTAS<\/p>\n<p>VAMBERTO DIAS DE MELLO<\/td>\n<td style=\"width: 33.3333%;height: 23px;text-align: center\">2008<\/td>\n<\/tr>\n<\/tbody>\n<\/table>\n","protected":false},"excerpt":{"rendered":"<p>Grupos de Pesquisa GRUPO DE PESQUISA COORDENADORES ANO DE FORMA\u00c7\u00c3O ASTROESTAT\u00cdSTICA JOS\u00c9 RONALDO PEREIRA DA SILVA BR\u00c1ULIO BATISTA SOARES 2014 MAGNETISMO ANA L\u00daCIA DANTAS VAMBERTO DIAS DE MELLO 2008<\/p>\n","protected":false},"author":1,"featured_media":0,"parent":0,"menu_order":0,"comment_status":"closed","ping_status":"closed","template":"","meta":{"footnotes":""},"class_list":["post-35","page","type-page","status-publish","hentry"],"_links":{"self":[{"href":"https:\/\/portal.uern.br\/natal\/dct\/wp-json\/wp\/v2\/pages\/35","targetHints":{"allow":["GET"]}}],"collection":[{"href":"https:\/\/portal.uern.br\/natal\/dct\/wp-json\/wp\/v2\/pages"}],"about":[{"href":"https:\/\/portal.uern.br\/natal\/dct\/wp-json\/wp\/v2\/types\/page"}],"author":[{"embeddable":true,"href":"https:\/\/portal.uern.br\/natal\/dct\/wp-json\/wp\/v2\/users\/1"}],"replies":[{"embeddable":true,"href":"https:\/\/portal.uern.br\/natal\/dct\/wp-json\/wp\/v2\/comments?post=35"}],"version-history":[{"count":3,"href":"https:\/\/portal.uern.br\/natal\/dct\/wp-json\/wp\/v2\/pages\/35\/revisions"}],"predecessor-version":[{"id":789,"href":"https:\/\/portal.uern.br\/natal\/dct\/wp-json\/wp\/v2\/pages\/35\/revisions\/789"}],"wp:attachment":[{"href":"https:\/\/portal.uern.br\/natal\/dct\/wp-json\/wp\/v2\/media?parent=35"}],"curies":[{"name":"wp","href":"https:\/\/api.w.org\/{rel}","templated":true}]}}