{"id":20,"date":"2022-11-04T14:21:04","date_gmt":"2022-11-04T17:21:04","guid":{"rendered":"https:\/\/paisdemossoro.com.br\/wordpress\/natal\/dct\/?page_id=20"},"modified":"2025-04-14T14:59:20","modified_gmt":"2025-04-14T17:59:20","slug":"projeto-pedagogico-do-curso-ppc","status":"publish","type":"page","link":"https:\/\/portal.uern.br\/natal\/dct\/projeto-pedagogico-do-curso-ppc\/","title":{"rendered":"Projeto Pedag\u00f3gico do Curso (PPC)"},"content":{"rendered":"<p>Tenha acesso ao nosso Projeto Pol\u00edtico Pedag\u00f3gico:\u00a0 \u00a0<a href=\"https:\/\/portal.uern.br\/natal\/dct\/wp-content\/uploads\/sites\/3\/2025\/04\/Projeto-CeT-versao-final-com-demandas-da-errata-inclusas-inclusao-de-equivalencias-Probabilidade-e-estatistica.pdf\">Download<\/a><\/p>\n","protected":false},"excerpt":{"rendered":"<p>Tenha acesso ao nosso Projeto Pol\u00edtico Pedag\u00f3gico:\u00a0 \u00a0Download<\/p>\n","protected":false},"author":1,"featured_media":0,"parent":0,"menu_order":0,"comment_status":"closed","ping_status":"closed","template":"","meta":{"footnotes":""},"class_list":["post-20","page","type-page","status-publish","hentry"],"_links":{"self":[{"href":"https:\/\/portal.uern.br\/natal\/dct\/wp-json\/wp\/v2\/pages\/20","targetHints":{"allow":["GET"]}}],"collection":[{"href":"https:\/\/portal.uern.br\/natal\/dct\/wp-json\/wp\/v2\/pages"}],"about":[{"href":"https:\/\/portal.uern.br\/natal\/dct\/wp-json\/wp\/v2\/types\/page"}],"author":[{"embeddable":true,"href":"https:\/\/portal.uern.br\/natal\/dct\/wp-json\/wp\/v2\/users\/1"}],"replies":[{"embeddable":true,"href":"https:\/\/portal.uern.br\/natal\/dct\/wp-json\/wp\/v2\/comments?post=20"}],"version-history":[{"count":2,"href":"https:\/\/portal.uern.br\/natal\/dct\/wp-json\/wp\/v2\/pages\/20\/revisions"}],"predecessor-version":[{"id":856,"href":"https:\/\/portal.uern.br\/natal\/dct\/wp-json\/wp\/v2\/pages\/20\/revisions\/856"}],"wp:attachment":[{"href":"https:\/\/portal.uern.br\/natal\/dct\/wp-json\/wp\/v2\/media?parent=20"}],"curies":[{"name":"wp","href":"https:\/\/api.w.org\/{rel}","templated":true}]}}