{"id":11,"date":"2022-11-04T14:19:47","date_gmt":"2022-11-04T17:19:47","guid":{"rendered":"https:\/\/paisdemossoro.com.br\/wordpress\/natal\/dct\/?page_id=11"},"modified":"2025-04-14T12:23:19","modified_gmt":"2025-04-14T15:23:19","slug":"administrativo","status":"publish","type":"page","link":"https:\/\/portal.uern.br\/natal\/dct\/administrativo\/","title":{"rendered":"Administra\u00e7\u00e3o"},"content":{"rendered":"<p>Gest\u00e3o 2023 &#8211; 2025<\/p>\n<p><strong>Coordena\u00e7\u00e3o<\/strong><\/p>\n<p><a href=\"http:\/\/lattes.cnpq.br\/4155460451627060\">Prof. Dr. Leonardo Linhares Oliveira<\/a><\/p>\n<p>E-mail:\u00a0 leonardolinhares@uern.br<\/p>\n<p><strong>Vice-coordena\u00e7\u00e3o<\/strong><\/p>\n<p><a href=\"http:\/\/lattes.cnpq.br\/9004961157694360\">Prof. Dr. Brismark Goes da Rocha<\/a><\/p>\n<p>e-mail: brismarkrocha@uern.br<\/p>\n<p><strong>Secretaria<\/strong><\/p>\n<p><a href=\"http:\/\/lattes.cnpq.br\/4689144723785147\">Patricia de Farias Calado<\/a><\/p>\n<p>E-mail: ct_natal@uern.br<\/p>\n<p><strong>Orienta\u00e7\u00e3o Acad\u00eamica<\/strong><\/p>\n<p><a href=\"http:\/\/lattes.cnpq.br\/0585915006382530\">Prof\u00aa Ms. Maria Helena de Freitas<\/a><\/p>\n<p>E-mail: mariahelena@uern.br<\/p>\n<p><strong>Coordena\u00e7\u00e3o do N\u00facleo Docente Estruturante<\/strong><\/p>\n<p>Prof. Dr. Brismark Goes da Rocha<\/p>\n","protected":false},"excerpt":{"rendered":"<p>Gest\u00e3o 2023 &#8211; 2025 Coordena\u00e7\u00e3o Prof. Dr. Leonardo Linhares Oliveira E-mail:\u00a0 leonardolinhares@uern.br Vice-coordena\u00e7\u00e3o Prof. Dr. Brismark Goes da Rocha e-mail: brismarkrocha@uern.br Secretaria Patricia de Farias Calado E-mail: ct_natal@uern.br Orienta\u00e7\u00e3o Acad\u00eamica Prof\u00aa Ms. Maria Helena de Freitas E-mail: mariahelena@uern.br Coordena\u00e7\u00e3o do N\u00facleo Docente Estruturante Prof. Dr. Brismark Goes da Rocha<\/p>\n","protected":false},"author":1,"featured_media":0,"parent":0,"menu_order":0,"comment_status":"closed","ping_status":"closed","template":"","meta":{"footnotes":""},"class_list":["post-11","page","type-page","status-publish","hentry"],"_links":{"self":[{"href":"https:\/\/portal.uern.br\/natal\/dct\/wp-json\/wp\/v2\/pages\/11","targetHints":{"allow":["GET"]}}],"collection":[{"href":"https:\/\/portal.uern.br\/natal\/dct\/wp-json\/wp\/v2\/pages"}],"about":[{"href":"https:\/\/portal.uern.br\/natal\/dct\/wp-json\/wp\/v2\/types\/page"}],"author":[{"embeddable":true,"href":"https:\/\/portal.uern.br\/natal\/dct\/wp-json\/wp\/v2\/users\/1"}],"replies":[{"embeddable":true,"href":"https:\/\/portal.uern.br\/natal\/dct\/wp-json\/wp\/v2\/comments?post=11"}],"version-history":[{"count":3,"href":"https:\/\/portal.uern.br\/natal\/dct\/wp-json\/wp\/v2\/pages\/11\/revisions"}],"predecessor-version":[{"id":833,"href":"https:\/\/portal.uern.br\/natal\/dct\/wp-json\/wp\/v2\/pages\/11\/revisions\/833"}],"wp:attachment":[{"href":"https:\/\/portal.uern.br\/natal\/dct\/wp-json\/wp\/v2\/media?parent=11"}],"curies":[{"name":"wp","href":"https:\/\/api.w.org\/{rel}","templated":true}]}}