{"id":7,"date":"2022-11-04T14:32:32","date_gmt":"2022-11-04T17:32:32","guid":{"rendered":"https:\/\/paisdemossoro.com.br\/wordpress\/natal\/dcr\/?page_id=7"},"modified":"2023-02-13T19:41:36","modified_gmt":"2023-02-13T22:41:36","slug":"apresentacao","status":"publish","type":"page","link":"https:\/\/portal.uern.br\/natal\/dcr\/apresentacao\/","title":{"rendered":"Apresenta\u00e7\u00e3o"},"content":{"rendered":"<p><strong>O CURSO<\/strong><\/p>\n<p>O Curso de Licenciatura em Ci\u00eancias da Religi\u00e3o da UERN em Natal (RN) oferece de modo articulado uma forma\u00e7\u00e3o epistemol\u00f3gica e pedag\u00f3gica que capacita profissionais para atuar principalmente no Ensino Religioso, mas n\u00e3o s\u00f3. Se por um lado a forma\u00e7\u00e3o pedag\u00f3gica de fato prepara cada estudante para a atividade docente, por outro, ao fornecer um panorama das bases para o estudo cient\u00edfico das diversas tradi\u00e7\u00f5es religiosas, o curso possibilita uma inicia\u00e7\u00e3o a diferentes campos das Ci\u00eancias Humanas, estimulando a interdisciplinaridade. Os desafios da presen\u00e7a p\u00fablica das religi\u00f5es, das rela\u00e7\u00f5es inter-religiosas, das pr\u00e1ticas de cura e terapia complementar e do combate \u00e0 intoler\u00e2ncia e \u00e0 discrimina\u00e7\u00e3o s\u00e3o exemplos recentes de como as quest\u00f5es que nos envolvem demandam cada vez mais pessoal com conhecimento especializado em religi\u00e3o. E pensar de modo plurite\u00f3rico e polimet\u00f3dico o fator religioso \u00e9 o que o Curso propicia, entendendo que essa \u00e9 a forma\u00e7\u00e3o mais adequada para a doc\u00eancia em Ensino Religioso no mundo atual.<\/p>\n<p><strong>MERCADO DE TRABALHO<\/strong><\/p>\n<p>A atua\u00e7\u00e3o mais \u00f3bvia para pessoas com Licenciatura em Ci\u00eancias da Religi\u00e3o \u00e9 a doc\u00eancia em Ensino Religioso nos sistemas p\u00fablicos de educa\u00e7\u00e3o, sejam municipais ou estaduais. A compreens\u00e3o da necessidade de oferecer um ensino adequado \u00e0 diversidade religiosa das turmas, preparando estudantes para o exerc\u00edcio da sua liberdade religiosa, mas tamb\u00e9m para lidar com a f\u00e9 alheia, tem feito diferentes Estados e Munic\u00edpios optarem pela forma\u00e7\u00e3o em Ci\u00eancias da Religi\u00e3o, o que tem assegurado um grau elevado de empregabilidade p\u00f3s-forma\u00e7\u00e3o. No caso do Rio Grande do Norte, desde 2000 tem-se priorizado a forma\u00e7\u00e3o em Ci\u00eancias da Religi\u00e3o, seja em Licenciatura ou Especializa\u00e7\u00e3o, o que foi acompanhado por munic\u00edpios da regi\u00e3o. Mas se espera de algu\u00e9m com essa forma\u00e7\u00e3o que tenha habilidade de lidar com a quest\u00e3o religiosa de forma mais t\u00e9cnica e possa explorar tamb\u00e9m alternativas de pesquisa em P\u00f3s-Gradua\u00e7\u00e3o e consultoria, na perspectiva da Ci\u00eancia da Religi\u00e3o Aplicada.<\/p>\n","protected":false},"excerpt":{"rendered":"<p>O CURSO O Curso de Licenciatura em Ci\u00eancias da Religi\u00e3o da UERN em Natal (RN) oferece de modo articulado uma forma\u00e7\u00e3o epistemol\u00f3gica e pedag\u00f3gica que capacita profissionais para atuar principalmente no Ensino Religioso, mas n\u00e3o s\u00f3. Se por um lado a forma\u00e7\u00e3o pedag\u00f3gica de fato prepara cada estudante para a atividade docente, por outro, ao [&hellip;]<\/p>\n","protected":false},"author":1,"featured_media":0,"parent":0,"menu_order":0,"comment_status":"closed","ping_status":"closed","template":"","meta":{"footnotes":""},"class_list":["post-7","page","type-page","status-publish","hentry"],"_links":{"self":[{"href":"https:\/\/portal.uern.br\/natal\/dcr\/wp-json\/wp\/v2\/pages\/7","targetHints":{"allow":["GET"]}}],"collection":[{"href":"https:\/\/portal.uern.br\/natal\/dcr\/wp-json\/wp\/v2\/pages"}],"about":[{"href":"https:\/\/portal.uern.br\/natal\/dcr\/wp-json\/wp\/v2\/types\/page"}],"author":[{"embeddable":true,"href":"https:\/\/portal.uern.br\/natal\/dcr\/wp-json\/wp\/v2\/users\/1"}],"replies":[{"embeddable":true,"href":"https:\/\/portal.uern.br\/natal\/dcr\/wp-json\/wp\/v2\/comments?post=7"}],"version-history":[{"count":2,"href":"https:\/\/portal.uern.br\/natal\/dcr\/wp-json\/wp\/v2\/pages\/7\/revisions"}],"predecessor-version":[{"id":77,"href":"https:\/\/portal.uern.br\/natal\/dcr\/wp-json\/wp\/v2\/pages\/7\/revisions\/77"}],"wp:attachment":[{"href":"https:\/\/portal.uern.br\/natal\/dcr\/wp-json\/wp\/v2\/media?parent=7"}],"curies":[{"name":"wp","href":"https:\/\/api.w.org\/{rel}","templated":true}]}}