{"id":67,"date":"2022-11-04T14:49:53","date_gmt":"2022-11-04T17:49:53","guid":{"rendered":"https:\/\/paisdemossoro.com.br\/wordpress\/natal\/dcr\/?page_id=67"},"modified":"2025-03-19T10:27:58","modified_gmt":"2025-03-19T13:27:58","slug":"contato","status":"publish","type":"page","link":"https:\/\/portal.uern.br\/natal\/dcr\/contato\/","title":{"rendered":"Contato"},"content":{"rendered":"<div class=\"td-pb-span8 td-main-content\" role=\"main\">\n<div class=\"td-ss-main-content\">\n<div class=\"td-page-content\">\n<p>A secretaria do DCR fica na sala 222 do Edif\u00edcio Sede do Campus da UERN em Natal<\/p>\n<p style=\"padding-left: 40px\">E-mail: cr_natal@uern.br<\/p>\n<p style=\"padding-left: 40px\">Para falar no Whatsapp <a href=\"https:\/\/wa.me\/message\/5ZR7AQ3URHDHE1\">clique aqui<\/a><\/p>\n<p>&nbsp;<\/p>\n<p>Atendimento no WhatsApp: 8h \u00e0s 12h | 16h \u00e0s 20h<br \/>\nAtendimento presencial: 15h \u00e0s 21h<\/p>\n<p>&nbsp;<\/p>\n<\/div>\n<\/div>\n<\/div>\n","protected":false},"excerpt":{"rendered":"<p>A secretaria do DCR fica na sala 222 do Edif\u00edcio Sede do Campus da UERN em Natal E-mail: cr_natal@uern.br Para falar no Whatsapp clique aqui &nbsp; Atendimento no WhatsApp: 8h \u00e0s 12h | 16h \u00e0s 20h Atendimento presencial: 15h \u00e0s 21h &nbsp;<\/p>\n","protected":false},"author":1,"featured_media":0,"parent":0,"menu_order":0,"comment_status":"closed","ping_status":"closed","template":"","meta":{"footnotes":""},"class_list":["post-67","page","type-page","status-publish","hentry"],"_links":{"self":[{"href":"https:\/\/portal.uern.br\/natal\/dcr\/wp-json\/wp\/v2\/pages\/67","targetHints":{"allow":["GET"]}}],"collection":[{"href":"https:\/\/portal.uern.br\/natal\/dcr\/wp-json\/wp\/v2\/pages"}],"about":[{"href":"https:\/\/portal.uern.br\/natal\/dcr\/wp-json\/wp\/v2\/types\/page"}],"author":[{"embeddable":true,"href":"https:\/\/portal.uern.br\/natal\/dcr\/wp-json\/wp\/v2\/users\/1"}],"replies":[{"embeddable":true,"href":"https:\/\/portal.uern.br\/natal\/dcr\/wp-json\/wp\/v2\/comments?post=67"}],"version-history":[{"count":8,"href":"https:\/\/portal.uern.br\/natal\/dcr\/wp-json\/wp\/v2\/pages\/67\/revisions"}],"predecessor-version":[{"id":759,"href":"https:\/\/portal.uern.br\/natal\/dcr\/wp-json\/wp\/v2\/pages\/67\/revisions\/759"}],"wp:attachment":[{"href":"https:\/\/portal.uern.br\/natal\/dcr\/wp-json\/wp\/v2\/media?parent=67"}],"curies":[{"name":"wp","href":"https:\/\/api.w.org\/{rel}","templated":true}]}}