{"id":33,"date":"2022-11-04T14:45:31","date_gmt":"2022-11-04T17:45:31","guid":{"rendered":"https:\/\/paisdemossoro.com.br\/wordpress\/natal\/dcr\/?page_id=33"},"modified":"2023-02-23T14:37:35","modified_gmt":"2023-02-23T17:37:35","slug":"jornadas-fe-em-debate","status":"publish","type":"page","link":"https:\/\/portal.uern.br\/natal\/dcr\/jornadas-fe-em-debate\/","title":{"rendered":"Jornadas F\u00e9 em debate"},"content":{"rendered":"<p><strong>Coordenador(a)\u00a0\u00a0\u00a0\u00a0\u00a0\u00a0\u00a0\u00a0\u00a0<\/strong><\/p>\n<p>Waldney de Souza Rodrigues Costa<\/p>\n<p>&nbsp;<\/p>\n<p><strong>Equipe executora<\/strong><\/p>\n<p>Irene de Ara\u00fajo Van Den Berg Silva \u2013 Docente<\/p>\n<p>Rodson Ricardo Souza do Nascimento \u2013 Docente<\/p>\n<p>Susana Silva Barros \u2013 Discente bolsista<\/p>\n<p>F\u00e1bio Bezerra da Silva \u2013 Discente volunt\u00e1rio<\/p>\n<p>Jardenson Ferreira de Freitas \u2013 Discente volunt\u00e1rio<\/p>\n<p>Silvia Letice Nascimento de Ara\u00fajo \u2013 Discente volunt\u00e1rio<\/p>\n<p>Kamisson Danyel de Azevedo Silva \u2013 Egresso volunt\u00e1rio<\/p>\n<p>&nbsp;<\/p>\n<p><strong>Resumo da A\u00e7\u00e3o de Extens\u00e3o<\/strong><\/p>\n<p>Jornadas F\u00e9 em Debate \u00e9 um projeto extensionista que vigora desde 2018, mantendo, a partir do Campus Avan\u00e7ado da UERN em Natal (RN), um conjunto regular de eventos em torno de temas de interesse social sobre os quais profissionais em Ci\u00eancias da Religi\u00e3o em parceria com especialistas de \u00e1reas correlatas contribuem para aprofundamento da reflex\u00e3o. Tais eventos t\u00eam car\u00e1ter sazonal e adquirem diferentes formatos, como mesa-redonda, confer\u00eancia ou exibi\u00e7\u00e3o de document\u00e1rio, de acordo com a tem\u00e1tica selecionada e a disponibilidade de especialistas que aceitarem o convite da coordena\u00e7\u00e3o do projeto para voluntariamente protagonizarem a jornada em quest\u00e3o. Cada encontro acontece em um \u00fanico dia e \u00e9 aberto a toda comunidade da UERN, bem como \u00e0 sociedade em geral que pode se inscrever como ouvinte. S\u00e3o previstas pelo menos quatro jornadas entre julho de 2019 e abril de 2020, na m\u00e9dia de uma a cada tr\u00eas meses. O tema \u00e9 decidido pela coordena\u00e7\u00e3o tendo em vista acolher sugest\u00f5es que ouvintes fizeram nas jornadas anteriores. Esta \u00e9 uma forma de dar visibilidade \u00e0 \u00e1rea ainda pouco conhecida entre a popula\u00e7\u00e3o potiguar, contribuindo para o debate maduro sobre o fato de que a vida de cada pessoa \u00e9 afetada pelas a\u00e7\u00f5es de outras que n\u00e3o necessariamente compartilham a mesma f\u00e9. Tamb\u00e9m \u00e9 uma oportunidade de estreitar os v\u00ednculos da UERN com outros departamentos de Ci\u00eancias da Religi\u00e3o pr\u00f3ximos de nossa regi\u00e3o, situados em Jo\u00e3o Pessoa (PB) e Recife (PE), cujos docentes podem eventualmente se voluntariar a participar de alguma jornada.<\/p>\n<p><strong>Palavras-chave<\/strong><\/p>\n<p>Ci\u00eancias da Religi\u00e3o, Eventos, Religi\u00f5es no Brasil, Ci\u00eancia da Religi\u00e3o Aplicada, Religi\u00e3o e Sociedade<\/p>\n<p><strong>P\u00fablico-Alvo<\/strong><\/p>\n<p>Toda comunidade da UERN e quaisquer pessoas interessadas na reflex\u00e3o acad\u00eamica sobre religi\u00e3o<\/p>\n<p><strong>Situa\u00e7\u00e3o<\/strong><\/p>\n<p>Atividade EM ANDAMENTO<\/p>\n<p><strong>Acesse<\/strong>:\u00a0<a href=\"https:\/\/feemdebatenauern.blogspot.com\/\">feemdebatenauern<\/a><\/p>\n","protected":false},"excerpt":{"rendered":"<p>Coordenador(a)\u00a0\u00a0\u00a0\u00a0\u00a0\u00a0\u00a0\u00a0\u00a0 Waldney de Souza Rodrigues Costa &nbsp; Equipe executora Irene de Ara\u00fajo Van Den Berg Silva \u2013 Docente Rodson Ricardo Souza do Nascimento \u2013 Docente Susana Silva Barros \u2013 Discente bolsista F\u00e1bio Bezerra da Silva \u2013 Discente volunt\u00e1rio Jardenson Ferreira de Freitas \u2013 Discente volunt\u00e1rio Silvia Letice Nascimento de Ara\u00fajo \u2013 Discente volunt\u00e1rio Kamisson Danyel [&hellip;]<\/p>\n","protected":false},"author":1,"featured_media":0,"parent":0,"menu_order":0,"comment_status":"closed","ping_status":"closed","template":"","meta":{"footnotes":""},"class_list":["post-33","page","type-page","status-publish","hentry"],"_links":{"self":[{"href":"https:\/\/portal.uern.br\/natal\/dcr\/wp-json\/wp\/v2\/pages\/33","targetHints":{"allow":["GET"]}}],"collection":[{"href":"https:\/\/portal.uern.br\/natal\/dcr\/wp-json\/wp\/v2\/pages"}],"about":[{"href":"https:\/\/portal.uern.br\/natal\/dcr\/wp-json\/wp\/v2\/types\/page"}],"author":[{"embeddable":true,"href":"https:\/\/portal.uern.br\/natal\/dcr\/wp-json\/wp\/v2\/users\/1"}],"replies":[{"embeddable":true,"href":"https:\/\/portal.uern.br\/natal\/dcr\/wp-json\/wp\/v2\/comments?post=33"}],"version-history":[{"count":1,"href":"https:\/\/portal.uern.br\/natal\/dcr\/wp-json\/wp\/v2\/pages\/33\/revisions"}],"predecessor-version":[{"id":34,"href":"https:\/\/portal.uern.br\/natal\/dcr\/wp-json\/wp\/v2\/pages\/33\/revisions\/34"}],"wp:attachment":[{"href":"https:\/\/portal.uern.br\/natal\/dcr\/wp-json\/wp\/v2\/media?parent=33"}],"curies":[{"name":"wp","href":"https:\/\/api.w.org\/{rel}","templated":true}]}}