{"id":31,"date":"2022-11-04T14:44:12","date_gmt":"2022-11-04T17:44:12","guid":{"rendered":"https:\/\/paisdemossoro.com.br\/wordpress\/natal\/dcr\/?page_id=31"},"modified":"2023-02-23T14:37:31","modified_gmt":"2023-02-23T17:37:31","slug":"educacao-para-o-pensar-filosofico-cientifico","status":"publish","type":"page","link":"https:\/\/portal.uern.br\/natal\/dcr\/educacao-para-o-pensar-filosofico-cientifico\/","title":{"rendered":"Educa\u00e7\u00e3o para o pensar filos\u00f3fico-cient\u00edfico"},"content":{"rendered":"<p><strong>Coordenador(a)<\/strong><br \/>\nJo\u00e3o Maria Pires<\/p>\n<p><strong>Equipe executora\u00a0<\/strong><\/p>\n<p>Antonio Julio Garcia Freire \u2013 Docente<\/p>\n<p>Jo\u00e3o Maria Pires \u2013 Docente<\/p>\n<p>Maria Jos\u00e9 da C. Souza Vidal \u2013 Docente<\/p>\n<p>William de Mac\u00eado Virg\u00ednio \u2013 Docente<\/p>\n<p>Genilson Trindade da Silva \u2013 Discente<\/p>\n<p><strong>Resumo da A\u00e7\u00e3o de Extens\u00e3o<\/strong><\/p>\n<p>O projeto em quest\u00e3o visa suprir uma lacuna identificada nos primeiros per\u00edodos da gradua\u00e7\u00e3o, com alunos rec\u00e9m-sa\u00eddos do ensino m\u00e9dio, que chegam \u00e0 universidade sem algumas no\u00e7\u00f5es b\u00e1sicas do que \u00e9, e para que serve a ci\u00eancia. Objetivamos com este projeto desenvolver a\u00e7\u00f5es did\u00e1ticas e pedag\u00f3gicas com alunos do ensino m\u00e9dio, de modo \u00e0 inicia-los nas discuss\u00f5es e reflex\u00f5es b\u00e1sicas sobre o saber e o fazer ci\u00eancia. Daremos destaques aos conceitos b\u00e1sicos de l\u00f3gica, filosofia e ci\u00eancia, a fim de oferecer princ\u00edpios e fundamentos da forma\u00e7\u00e3o filos\u00f3fica e cient\u00edfica com bases na organiza\u00e7\u00e3o e constru\u00e7\u00e3o de um pensar l\u00f3gico-investigativo, e na compreens\u00e3o gerada a partir da reflex\u00e3o cr\u00edtica e criativa que orienta e modela o perfil do sujeito cient\u00edfico, alimentando e impulsionando as mudan\u00e7as na sociedade contempor\u00e2nea. O foco das a\u00e7\u00f5es did\u00e1ticas e pedag\u00f3gicas ser\u00e1 a forma\u00e7\u00e3o cr\u00edtica e criativa do pensar e do fazer ci\u00eancia, de modo a favorecer a melhor compreens\u00e3o e articula\u00e7\u00e3o dos conte\u00fados cient\u00edficos. Ser\u00e1, pois, um complemento \u00e0 forma\u00e7\u00e3o cient\u00edfica inerentes aos conte\u00fados curriculares do ensino m\u00e9dio, a partir da socializa\u00e7\u00e3o dos saberes espec\u00edficos da ci\u00eancia, de modo a possibilitar a articula\u00e7\u00e3o geral do fazer ci\u00eancia, tendo como pressuposto o pensar cr\u00edtico, criativo e reflexivo. As a\u00e7\u00f5es dever\u00e3o ocorrer em parceria com escolas p\u00fablicas estaduais com ensino m\u00e9dio.<\/p>\n<p><strong>Palavras-chave<\/strong><br \/>\nPalavras chave: Pensar cr\u00edtico, Forma\u00e7\u00e3o cient\u00edfica.<\/p>\n<p><strong>P\u00fablico-Alvo<\/strong><\/p>\n<p>Alunos do Ensino M\u00e9dio<\/p>\n<p><strong>Situa\u00e7\u00e3o<\/strong><\/p>\n<p>Atividade EM ANDAMENTO<\/p>\n<p><strong>Acesse<\/strong>:\u00a0<a href=\"https:\/\/sigproj.uern.br\/apoiados.php?projeto_id=3407\">SIGProj<\/a><\/p>\n","protected":false},"excerpt":{"rendered":"<p>Coordenador(a) Jo\u00e3o Maria Pires Equipe executora\u00a0 Antonio Julio Garcia Freire \u2013 Docente Jo\u00e3o Maria Pires \u2013 Docente Maria Jos\u00e9 da C. Souza Vidal \u2013 Docente William de Mac\u00eado Virg\u00ednio \u2013 Docente Genilson Trindade da Silva \u2013 Discente Resumo da A\u00e7\u00e3o de Extens\u00e3o O projeto em quest\u00e3o visa suprir uma lacuna identificada nos primeiros per\u00edodos da [&hellip;]<\/p>\n","protected":false},"author":1,"featured_media":0,"parent":0,"menu_order":0,"comment_status":"closed","ping_status":"closed","template":"","meta":{"footnotes":""},"class_list":["post-31","page","type-page","status-publish","hentry"],"_links":{"self":[{"href":"https:\/\/portal.uern.br\/natal\/dcr\/wp-json\/wp\/v2\/pages\/31","targetHints":{"allow":["GET"]}}],"collection":[{"href":"https:\/\/portal.uern.br\/natal\/dcr\/wp-json\/wp\/v2\/pages"}],"about":[{"href":"https:\/\/portal.uern.br\/natal\/dcr\/wp-json\/wp\/v2\/types\/page"}],"author":[{"embeddable":true,"href":"https:\/\/portal.uern.br\/natal\/dcr\/wp-json\/wp\/v2\/users\/1"}],"replies":[{"embeddable":true,"href":"https:\/\/portal.uern.br\/natal\/dcr\/wp-json\/wp\/v2\/comments?post=31"}],"version-history":[{"count":1,"href":"https:\/\/portal.uern.br\/natal\/dcr\/wp-json\/wp\/v2\/pages\/31\/revisions"}],"predecessor-version":[{"id":32,"href":"https:\/\/portal.uern.br\/natal\/dcr\/wp-json\/wp\/v2\/pages\/31\/revisions\/32"}],"wp:attachment":[{"href":"https:\/\/portal.uern.br\/natal\/dcr\/wp-json\/wp\/v2\/media?parent=31"}],"curies":[{"name":"wp","href":"https:\/\/api.w.org\/{rel}","templated":true}]}}