{"id":25,"date":"2022-11-04T14:43:10","date_gmt":"2022-11-04T17:43:10","guid":{"rendered":"https:\/\/paisdemossoro.com.br\/wordpress\/natal\/dcr\/?page_id=25"},"modified":"2023-02-23T14:37:37","modified_gmt":"2023-02-23T17:37:37","slug":"pibid","status":"publish","type":"page","link":"https:\/\/portal.uern.br\/natal\/dcr\/pibid\/","title":{"rendered":"PIBID"},"content":{"rendered":"<p>O curso de Ci\u00eancias da Religi\u00e3o da UERN integrou o Programa Institucional de Bolsas de Inicia\u00e7\u00e3o \u00e0 Doc\u00eancia (PIBID) da CAPES entre 2014 e 2017, sob a dire\u00e7\u00e3o da professora Dra. Araceli Benevides. Segundo as suas palavras, foi uma iniciativa que alterou a realidade formativa do curso, quando um grupo de estudantes passou a ter maior conviv\u00eancia entre si e maior inser\u00e7\u00e3o no cotidiano das pr\u00e1ticas escolares que envolvem o Ensino Religioso, o que implicava em atividades de estudo, planejamento e compartilhamento de experi\u00eancias. Fruto desse trabalho s\u00e3o os di\u00e1rios escritos por bolsistas. Di\u00e1rios que resultaram num livro organizado pela professora.<\/p>\n","protected":false},"excerpt":{"rendered":"<p>O curso de Ci\u00eancias da Religi\u00e3o da UERN integrou o Programa Institucional de Bolsas de Inicia\u00e7\u00e3o \u00e0 Doc\u00eancia (PIBID) da CAPES entre 2014 e 2017, sob a dire\u00e7\u00e3o da professora Dra. Araceli Benevides. Segundo as suas palavras, foi uma iniciativa que alterou a realidade formativa do curso, quando um grupo de estudantes passou a ter [&hellip;]<\/p>\n","protected":false},"author":1,"featured_media":0,"parent":0,"menu_order":0,"comment_status":"closed","ping_status":"closed","template":"","meta":{"footnotes":""},"class_list":["post-25","page","type-page","status-publish","hentry"],"_links":{"self":[{"href":"https:\/\/portal.uern.br\/natal\/dcr\/wp-json\/wp\/v2\/pages\/25","targetHints":{"allow":["GET"]}}],"collection":[{"href":"https:\/\/portal.uern.br\/natal\/dcr\/wp-json\/wp\/v2\/pages"}],"about":[{"href":"https:\/\/portal.uern.br\/natal\/dcr\/wp-json\/wp\/v2\/types\/page"}],"author":[{"embeddable":true,"href":"https:\/\/portal.uern.br\/natal\/dcr\/wp-json\/wp\/v2\/users\/1"}],"replies":[{"embeddable":true,"href":"https:\/\/portal.uern.br\/natal\/dcr\/wp-json\/wp\/v2\/comments?post=25"}],"version-history":[{"count":1,"href":"https:\/\/portal.uern.br\/natal\/dcr\/wp-json\/wp\/v2\/pages\/25\/revisions"}],"predecessor-version":[{"id":26,"href":"https:\/\/portal.uern.br\/natal\/dcr\/wp-json\/wp\/v2\/pages\/25\/revisions\/26"}],"wp:attachment":[{"href":"https:\/\/portal.uern.br\/natal\/dcr\/wp-json\/wp\/v2\/media?parent=25"}],"curies":[{"name":"wp","href":"https:\/\/api.w.org\/{rel}","templated":true}]}}