{"id":21,"date":"2022-11-04T14:42:35","date_gmt":"2022-11-04T17:42:35","guid":{"rendered":"https:\/\/paisdemossoro.com.br\/wordpress\/natal\/dcr\/?page_id=21"},"modified":"2023-02-23T14:37:59","modified_gmt":"2023-02-23T17:37:59","slug":"projeto-pedagogico-do-curso-ppc","status":"publish","type":"page","link":"https:\/\/portal.uern.br\/natal\/dcr\/projeto-pedagogico-do-curso-ppc\/","title":{"rendered":"Projeto Pedag\u00f3gico do Curso (PPC)"},"content":{"rendered":"<p>O Projeto Pedag\u00f3gico de Curso (PPC) \u00e9 o instrumento que concentra a concep\u00e7\u00e3o do curso de gradua\u00e7\u00e3o, os fundamentos da gest\u00e3o acad\u00eamica, pedag\u00f3gica e administrativa, os princ\u00edpios educacionais vetores de todas as a\u00e7\u00f5es a serem adotadas na condu\u00e7\u00e3o do processo de ensino-aprendizagem da Gradua\u00e7\u00e3o. O PPC deve contemplar diversos elementos, dentre eles os objetivos gerais do curso, as suas peculiaridades, sua matriz curricular e a respectiva operacionaliza\u00e7\u00e3o, a carga hor\u00e1ria das atividades did\u00e1ticas e da integraliza\u00e7\u00e3o do curso, a concep\u00e7\u00e3o e a composi\u00e7\u00e3o das atividades de est\u00e1gio curricular, a concep\u00e7\u00e3o e a composi\u00e7\u00e3o das atividades complementares, etc.<\/p>\n","protected":false},"excerpt":{"rendered":"<p>O Projeto Pedag\u00f3gico de Curso (PPC) \u00e9 o instrumento que concentra a concep\u00e7\u00e3o do curso de gradua\u00e7\u00e3o, os fundamentos da gest\u00e3o acad\u00eamica, pedag\u00f3gica e administrativa, os princ\u00edpios educacionais vetores de todas as a\u00e7\u00f5es a serem adotadas na condu\u00e7\u00e3o do processo de ensino-aprendizagem da Gradua\u00e7\u00e3o. O PPC deve contemplar diversos elementos, dentre eles os objetivos gerais [&hellip;]<\/p>\n","protected":false},"author":1,"featured_media":0,"parent":0,"menu_order":0,"comment_status":"closed","ping_status":"closed","template":"","meta":{"footnotes":""},"class_list":["post-21","page","type-page","status-publish","hentry"],"_links":{"self":[{"href":"https:\/\/portal.uern.br\/natal\/dcr\/wp-json\/wp\/v2\/pages\/21","targetHints":{"allow":["GET"]}}],"collection":[{"href":"https:\/\/portal.uern.br\/natal\/dcr\/wp-json\/wp\/v2\/pages"}],"about":[{"href":"https:\/\/portal.uern.br\/natal\/dcr\/wp-json\/wp\/v2\/types\/page"}],"author":[{"embeddable":true,"href":"https:\/\/portal.uern.br\/natal\/dcr\/wp-json\/wp\/v2\/users\/1"}],"replies":[{"embeddable":true,"href":"https:\/\/portal.uern.br\/natal\/dcr\/wp-json\/wp\/v2\/comments?post=21"}],"version-history":[{"count":1,"href":"https:\/\/portal.uern.br\/natal\/dcr\/wp-json\/wp\/v2\/pages\/21\/revisions"}],"predecessor-version":[{"id":22,"href":"https:\/\/portal.uern.br\/natal\/dcr\/wp-json\/wp\/v2\/pages\/21\/revisions\/22"}],"wp:attachment":[{"href":"https:\/\/portal.uern.br\/natal\/dcr\/wp-json\/wp\/v2\/media?parent=21"}],"curies":[{"name":"wp","href":"https:\/\/api.w.org\/{rel}","templated":true}]}}