{"id":19,"date":"2022-11-04T14:42:16","date_gmt":"2022-11-04T17:42:16","guid":{"rendered":"https:\/\/paisdemossoro.com.br\/wordpress\/natal\/dcr\/?page_id=19"},"modified":"2025-03-19T07:40:35","modified_gmt":"2025-03-19T10:40:35","slug":"matriz-curricular","status":"publish","type":"page","link":"https:\/\/portal.uern.br\/natal\/dcr\/matriz-curricular\/","title":{"rendered":"Matriz Curricular"},"content":{"rendered":"<div class=\"td-page-header\">\n<h1 class=\"entry-title td-page-title\"><strong style=\"font-size: 16px\">CURSO:<\/strong><span style=\"font-size: 16px\">\u00a0[101920-0] Ci\u00eancias da Religi\u00e3o \u2013 Licenciatura<\/span><\/h1>\n<\/div>\n<div class=\"td-page-content\">\n<p><strong>MATRIZ CURRICULAR:\u00a0<\/strong>2022.1<br \/>\n<strong>CAMPUS\/CIDADE:<\/strong>\u00a0Campus Avan\u00e7ado de Natal<br \/>\n<strong>OBRIGAT\u00d3RIAS:<\/strong> 2880 horas<br \/>\n<strong>OPTATIVAS:<\/strong> 150 horas<br \/>\n<strong>OPTATIVAS DE EXTENS\u00c3O (UCE):<\/strong> 345 horas<br \/>\n<strong>ATIV. COMPLEMENTARES:\u00a0<\/strong>75 horas<br \/>\n<strong>TOTAL A INTEGRALIZAR:<\/strong> 3450 horas<br \/>\n<strong>ELETIVAS:<\/strong> at\u00e9 240 horas<\/p>\n<p>&nbsp;<\/p>\n<p>&nbsp;<\/p>\n<p><iframe src=\"https:\/\/sigaa.uern.br\/sigaa\/link\/public\/curso\/curriculo\/184790\" width=\"100%\" height=\"1000px\" frameborder=\"0\" marginwidth=\"0\" marginheight=\"0\" scrolling=\"yes\"><\/iframe><br \/>\n&nbsp;<\/p>\n<\/div>\n","protected":false},"excerpt":{"rendered":"<p>CURSO:\u00a0[101920-0] Ci\u00eancias da Religi\u00e3o \u2013 Licenciatura MATRIZ CURRICULAR:\u00a02022.1 CAMPUS\/CIDADE:\u00a0Campus Avan\u00e7ado de Natal OBRIGAT\u00d3RIAS: 2880 horas OPTATIVAS: 150 horas OPTATIVAS DE EXTENS\u00c3O (UCE): 345 horas ATIV. COMPLEMENTARES:\u00a075 horas TOTAL A INTEGRALIZAR: 3450 horas ELETIVAS: at\u00e9 240 horas &nbsp; &nbsp; &nbsp;<\/p>\n","protected":false},"author":1,"featured_media":0,"parent":0,"menu_order":0,"comment_status":"closed","ping_status":"closed","template":"","meta":{"footnotes":""},"class_list":["post-19","page","type-page","status-publish","hentry"],"_links":{"self":[{"href":"https:\/\/portal.uern.br\/natal\/dcr\/wp-json\/wp\/v2\/pages\/19","targetHints":{"allow":["GET"]}}],"collection":[{"href":"https:\/\/portal.uern.br\/natal\/dcr\/wp-json\/wp\/v2\/pages"}],"about":[{"href":"https:\/\/portal.uern.br\/natal\/dcr\/wp-json\/wp\/v2\/types\/page"}],"author":[{"embeddable":true,"href":"https:\/\/portal.uern.br\/natal\/dcr\/wp-json\/wp\/v2\/users\/1"}],"replies":[{"embeddable":true,"href":"https:\/\/portal.uern.br\/natal\/dcr\/wp-json\/wp\/v2\/comments?post=19"}],"version-history":[{"count":5,"href":"https:\/\/portal.uern.br\/natal\/dcr\/wp-json\/wp\/v2\/pages\/19\/revisions"}],"predecessor-version":[{"id":755,"href":"https:\/\/portal.uern.br\/natal\/dcr\/wp-json\/wp\/v2\/pages\/19\/revisions\/755"}],"wp:attachment":[{"href":"https:\/\/portal.uern.br\/natal\/dcr\/wp-json\/wp\/v2\/media?parent=19"}],"curies":[{"name":"wp","href":"https:\/\/api.w.org\/{rel}","templated":true}]}}